{"id":26308,"date":"2025-09-01T08:32:10","date_gmt":"2025-09-01T08:32:10","guid":{"rendered":"https:\/\/www.maag-polska.pl\/obrzeza-meblowe\/d4-48-lindberg-oak\/"},"modified":"2025-09-01T09:05:57","modified_gmt":"2025-09-01T09:05:57","slug":"d4-48-lindberg-oak","status":"publish","type":"product","link":"https:\/\/www.maag-polska.pl\/lt\/obrzeza-meblowe\/d4-48-lindberg-oak\/","title":{"rendered":"Bald\u0173 kra\u0161tai D4\/48 LINDBERG OAK"},"content":{"rendered":"<div>\n<p>Profesionali PVC kra\u0161t\u0173 juosta D4\/48 D\u0104B LINDBERG apdaila u\u017etikrina i\u0161skirtin\u012f atsparum\u0105 kasdieniam nusid\u0117v\u0117jimui ir aplinkos veiksniams. \u0160i med\u017eio apdirbimo med\u017eiaga i\u0161laiko savo strukt\u016brin\u012f vientisum\u0105 net ir intensyviai naudojant, turinti specializuot\u0105 UV spinduliams atspar\u0173 sluoksn\u012f, kuris apsaugo nuo spalvos blukimo ir spalvos pasikeitimo. Gryna PVC sud\u0117tis u\u017etikrina ilgalaik\u012f patvarum\u0105 ir didel\u012f atsparum\u0105 sm\u016bgiams, tod\u0117l idealiai tinka intensyvaus eismo baldams. Puikiai dera su Pfleiderer R20021 LN ir Woodeco PD3018 dekorais, \u0161i kra\u0161t\u0173 juosta i\u0161laiko savo autenti\u0161k\u0105 medin\u0119 i\u0161vaizd\u0105 ir si\u016blo puiki\u0105 apsaug\u0105 nuo dr\u0117gm\u0117s ir chemini\u0173 med\u017eiag\u0173 poveikio.<\/p>\n<p>Patirkite supaprastint\u0105 bald\u0173 gamyb\u0105 naudodami \u0161\u012f tiksliai suprojektuot\u0105 briaun\u0173 klijavimo sprendim\u0105. Optimizuotos sukibimo savyb\u0117s leid\u017eia greitai ir efektyviai naudoti, sutrumpinant montavimo laik\u0105 ir u\u017etikrinant saug\u0173 sukibim\u0105. D\u0117l pastovaus med\u017eiagos storio ir lankstumo nereikia daug koreguoti apdorojimo metu, tod\u0117l atliek\u0173 kiekis yra minimalus ir pager\u0117jo s\u0105naud\u0173 efektyvumas. Puikiai tinka tiek automatizuotai, tiek rankiniu b\u016bdu, \u0161i bald\u0173 kra\u0161t\u0173 juosta i\u0161laiko matmen\u0173 stabilum\u0105 viso montavimo proceso metu, tod\u0117l meistrai gali pasiekti profesionali\u0173 rezultat\u0173 su ma\u017eiau pastang\u0173. Med\u017eiagos \u0161varaus pjovimo savyb\u0117s u\u017etikrina lygias, tikslias briaunas be dideli\u0173 apdailos darb\u0173.<\/p>\n<\/div>\n","protected":false},"excerpt":{"rendered":"<p>22&#215;0,6; 22&#215;0,8; 22&#215;1; 22&#215;2; 28&#215;2*; 32&#215;2*; 35&#215;1*; 42&#215;0,8; 42&#215;2<\/p>\n","protected":false},"featured_media":22623,"comment_status":"closed","ping_status":"open","template":"","meta":{"_acf_changed":false},"product_brand":[],"product_cat":[1210],"product_tag":[],"class_list":{"0":"post-26308","1":"product","2":"type-product","3":"status-publish","4":"has-post-thumbnail","6":"product_cat-baldu-krastai","8":"first","9":"instock","10":"product-type-simple"},"acf":[],"_links":{"self":[{"href":"https:\/\/www.maag-polska.pl\/lt\/wp-json\/wp\/v2\/product\/26308","targetHints":{"allow":["GET"]}}],"collection":[{"href":"https:\/\/www.maag-polska.pl\/lt\/wp-json\/wp\/v2\/product"}],"about":[{"href":"https:\/\/www.maag-polska.pl\/lt\/wp-json\/wp\/v2\/types\/product"}],"replies":[{"embeddable":true,"href":"https:\/\/www.maag-polska.pl\/lt\/wp-json\/wp\/v2\/comments?post=26308"}],"wp:featuredmedia":[{"embeddable":true,"href":"https:\/\/www.maag-polska.pl\/lt\/wp-json\/wp\/v2\/media\/22623"}],"wp:attachment":[{"href":"https:\/\/www.maag-polska.pl\/lt\/wp-json\/wp\/v2\/media?parent=26308"}],"wp:term":[{"taxonomy":"product_brand","embeddable":true,"href":"https:\/\/www.maag-polska.pl\/lt\/wp-json\/wp\/v2\/product_brand?post=26308"},{"taxonomy":"product_cat","embeddable":true,"href":"https:\/\/www.maag-polska.pl\/lt\/wp-json\/wp\/v2\/product_cat?post=26308"},{"taxonomy":"product_tag","embeddable":true,"href":"https:\/\/www.maag-polska.pl\/lt\/wp-json\/wp\/v2\/product_tag?post=26308"}],"curies":[{"name":"wp","href":"https:\/\/api.w.org\/{rel}","templated":true}]}}