{"id":26304,"date":"2025-09-01T08:32:10","date_gmt":"2025-09-01T08:32:10","guid":{"rendered":"https:\/\/www.maag-polska.pl\/obrzeza-meblowe\/d4-43-natural-chalet-oak\/"},"modified":"2025-09-01T09:05:55","modified_gmt":"2025-09-01T09:05:55","slug":"d4-43-natural-chalet-oak","status":"publish","type":"product","link":"https:\/\/www.maag-polska.pl\/lt\/obrzeza-meblowe\/d4-43-natural-chalet-oak\/","title":{"rendered":"Bald\u0173 kra\u0161tai D4\/43 NATURAL CHALET OAK"},"content":{"rendered":"<div>\n<p>Profesionali PVC kra\u0161t\u0173 juosta D4\/43 D\u0104B DZIKI apdaila u\u017etikrina i\u0161skirtin\u012f atsparum\u0105 kasdieniam nusid\u0117v\u0117jimui ir aplinkos veiksniams. \u0160i gryna PVC medienos apdirbimo med\u017eiaga i\u0161laiko savo strukt\u016brin\u012f vientisum\u0105 net intensyviai naudojant, pasi\u017eyminti patobulinta UV apsauga, kuri apsaugo nuo spalvos blukimo ir spalvos pasikeitimo. Puikiai derantis su Pfleiderer R20038 LN ir D\u0104B TAJGA pavir\u0161iais, \u0161is baldo kra\u0161tas atlaiko sm\u016bgius, dr\u0117gm\u0119 ir temperat\u016bros svyravimus, i\u0161saugodamas autenti\u0161k\u0105 med\u017eio i\u0161vaizd\u0105.<\/p>\n<p>Supaprastinkite savo bald\u0173 gamyb\u0105 naudodami \u0161i\u0105 tiksliai suprojektuot\u0105 kra\u0161t\u0173 juost\u0105, kuri skland\u017eiai ir nuosekliai prilimpa. Optimizuota kompozicija u\u017etikrina \u0161varius pj\u016bvius su minimaliu atliek\u0173 kiekiu, o specializuotas pavir\u0161iaus apdorojimas leid\u017eia greitai suklijuoti ir be r\u016bpes\u010di\u0173 apipjaustyti. Puikiai tinka tiek automatin\u0117ms linijoms, tiek rankiniam naudojimui, \u0161i PVC kra\u0161t\u0173 juosta suma\u017eina apdorojimo laik\u0105, nepakenkiant kokybei. Jo matmen\u0173 stabilumas ir tikslus spalv\u0173 derinimas pa\u0161alina poreik\u012f taisyti, o tai padeda grei\u010diau pasiekti profesionali\u0173 rezultat\u0173.<\/p>\n<\/div>\n","protected":false},"excerpt":{"rendered":"<p>22&#215;0,6; 22&#215;0,8; 22&#215;1; 22&#215;2; 35&#215;1*; 42&#215;0,8; 42&#215;2<\/p>\n","protected":false},"featured_media":22619,"comment_status":"closed","ping_status":"open","template":"","meta":{"_acf_changed":false},"product_brand":[],"product_cat":[1210],"product_tag":[],"class_list":{"0":"post-26304","1":"product","2":"type-product","3":"status-publish","4":"has-post-thumbnail","6":"product_cat-baldu-krastai","8":"first","9":"instock","10":"product-type-simple"},"acf":[],"_links":{"self":[{"href":"https:\/\/www.maag-polska.pl\/lt\/wp-json\/wp\/v2\/product\/26304","targetHints":{"allow":["GET"]}}],"collection":[{"href":"https:\/\/www.maag-polska.pl\/lt\/wp-json\/wp\/v2\/product"}],"about":[{"href":"https:\/\/www.maag-polska.pl\/lt\/wp-json\/wp\/v2\/types\/product"}],"replies":[{"embeddable":true,"href":"https:\/\/www.maag-polska.pl\/lt\/wp-json\/wp\/v2\/comments?post=26304"}],"wp:featuredmedia":[{"embeddable":true,"href":"https:\/\/www.maag-polska.pl\/lt\/wp-json\/wp\/v2\/media\/22619"}],"wp:attachment":[{"href":"https:\/\/www.maag-polska.pl\/lt\/wp-json\/wp\/v2\/media?parent=26304"}],"wp:term":[{"taxonomy":"product_brand","embeddable":true,"href":"https:\/\/www.maag-polska.pl\/lt\/wp-json\/wp\/v2\/product_brand?post=26304"},{"taxonomy":"product_cat","embeddable":true,"href":"https:\/\/www.maag-polska.pl\/lt\/wp-json\/wp\/v2\/product_cat?post=26304"},{"taxonomy":"product_tag","embeddable":true,"href":"https:\/\/www.maag-polska.pl\/lt\/wp-json\/wp\/v2\/product_tag?post=26304"}],"curies":[{"name":"wp","href":"https:\/\/api.w.org\/{rel}","templated":true}]}}