{"id":26302,"date":"2025-09-01T08:32:10","date_gmt":"2025-09-01T08:32:10","guid":{"rendered":"https:\/\/www.maag-polska.pl\/obrzeza-meblowe\/d4-41-raw-oak\/"},"modified":"2025-09-01T09:05:53","modified_gmt":"2025-09-01T09:05:53","slug":"d4-41-raw-oak","status":"publish","type":"product","link":"https:\/\/www.maag-polska.pl\/lt\/obrzeza-meblowe\/d4-41-raw-oak\/","title":{"rendered":"Bald\u0173 kra\u0161tai D4\/41 RAW OAK"},"content":{"rendered":"<div>\n<p>Auk\u0161tos kokyb\u0117s D4\/41 D\u0104B SUROWY PVC kra\u0161t\u0173 juostos u\u017etikrina tiksl\u0173 matmen\u0173 stabilum\u0105, o storio nuokrypis yra \u00b10,10 mm. Gryna PVC kompozicija u\u017etikrina optimal\u0173 sukibim\u0105 190-200\u00b0C temperat\u016broje, o UV stabilizuoti polimerai i\u0161laiko spalvos pastovum\u0105 10+ met\u0173. \u0160i med\u017eio apdirbimo med\u017eiaga pasi\u017eymi specialia pavir\u0161iaus strukt\u016bra, atitinkan\u010dia neapdoroto \u0105\u017euolo ra\u0161tus 120\u00b0 \u017ei\u016br\u0117jimo kampu. Pa\u017eangi gamybos technologija leid\u017eia \u0161variai apdoroti iki 25 m\/min grei\u010diu, neskaldant.<\/p>\n<p>Suma\u017einkite med\u017eiag\u0173 \u0161vaistym\u0105 iki 30 % naudodami D4\/41 D\u0104B SUROWY optimizuotas plo\u010dio parinktis ir tikslias pjovimo savybes. \u0160is bald\u0173 kra\u0161t\u0173 apklijavimo sprendimas supaprastina gamybos eig\u0105 d\u0117l greito sukibimo ir minimali\u0173 tolesnio apdorojimo reikalavim\u0173. Padid\u0117j\u0119s ilgaam\u017ei\u0161kumas pa\u0161alina poreik\u012f da\u017enai keisti, o nuoseklus spalv\u0173 derinys i\u0161laiko estetin\u0119 vert\u0119 didel\u0117s apimties bald\u0173 gamybos metu. Puikiai tinka spinteli\u0173 gamintojams, ie\u0161kantiems ekonomi\u0161kai efektyvios kra\u0161t\u0173 apdailos, neprarandant profesionali\u0173 rezultat\u0173.<\/p>\n<\/div>\n","protected":false},"excerpt":{"rendered":"<p>22&#215;0,6; 22&#215;1; 22&#215;2; 32&#215;2*; 35&#215;1*; 42&#215;2<\/p>\n","protected":false},"featured_media":22617,"comment_status":"closed","ping_status":"open","template":"","meta":{"_acf_changed":false},"product_brand":[],"product_cat":[1210],"product_tag":[],"class_list":{"0":"post-26302","1":"product","2":"type-product","3":"status-publish","4":"has-post-thumbnail","6":"product_cat-baldu-krastai","8":"first","9":"instock","10":"product-type-simple"},"acf":[],"_links":{"self":[{"href":"https:\/\/www.maag-polska.pl\/lt\/wp-json\/wp\/v2\/product\/26302","targetHints":{"allow":["GET"]}}],"collection":[{"href":"https:\/\/www.maag-polska.pl\/lt\/wp-json\/wp\/v2\/product"}],"about":[{"href":"https:\/\/www.maag-polska.pl\/lt\/wp-json\/wp\/v2\/types\/product"}],"replies":[{"embeddable":true,"href":"https:\/\/www.maag-polska.pl\/lt\/wp-json\/wp\/v2\/comments?post=26302"}],"wp:featuredmedia":[{"embeddable":true,"href":"https:\/\/www.maag-polska.pl\/lt\/wp-json\/wp\/v2\/media\/22617"}],"wp:attachment":[{"href":"https:\/\/www.maag-polska.pl\/lt\/wp-json\/wp\/v2\/media?parent=26302"}],"wp:term":[{"taxonomy":"product_brand","embeddable":true,"href":"https:\/\/www.maag-polska.pl\/lt\/wp-json\/wp\/v2\/product_brand?post=26302"},{"taxonomy":"product_cat","embeddable":true,"href":"https:\/\/www.maag-polska.pl\/lt\/wp-json\/wp\/v2\/product_cat?post=26302"},{"taxonomy":"product_tag","embeddable":true,"href":"https:\/\/www.maag-polska.pl\/lt\/wp-json\/wp\/v2\/product_tag?post=26302"}],"curies":[{"name":"wp","href":"https:\/\/api.w.org\/{rel}","templated":true}]}}