{"id":26300,"date":"2025-09-01T08:32:10","date_gmt":"2025-09-01T08:32:10","guid":{"rendered":"https:\/\/www.maag-polska.pl\/obrzeza-meblowe\/d4-4-rustical-light-oak\/"},"modified":"2025-09-01T09:05:52","modified_gmt":"2025-09-01T09:05:52","slug":"d4-4-rustical-light-oak","status":"publish","type":"product","link":"https:\/\/www.maag-polska.pl\/lt\/obrzeza-meblowe\/d4-4-rustical-light-oak\/","title":{"rendered":"Bald\u0173 kra\u0161tai D4\/4 RUSTICAL LIGHT OAK"},"content":{"rendered":"<div>\n<p>Profesionali PVC kra\u0161t\u0173 juosta D4\/4 D\u0104B RUSTICAL JASNY u\u017etikrina i\u0161skirtin\u012f atsparum\u0105 kasdieniam nusid\u0117v\u0117jimui. \u0160i gryna PVC medienos apdirbimo med\u017eiaga i\u0161laiko savo strukt\u016brin\u012f vientisum\u0105 net intensyviai naudojant, pasi\u017eymi padidintu atsparumu UV spinduliams, kad i\u0161vengt\u0173 spalvos blukimo ar pageltimo. Tvirta kra\u0161t\u0173 juostos sud\u0117tis atlaiko sm\u016bgius, dr\u0117gm\u0119 ir temperat\u016bros svyravimus, i\u0161saugant autenti\u0161k\u0105 medienos i\u0161vaizd\u0105.<\/p>\n<p>Pakeiskite savo bald\u0173 projektus naudodami \u0161i\u0105 tiksliai suprojektuot\u0105 kra\u0161t\u0173 juost\u0105, kuri skland\u017eiai prilimpa prie lentos kra\u0161t\u0173. Optimizuotas storis u\u017etikrina greit\u0105 apdorojim\u0105 ir \u0161varius pj\u016bvius, \u017eymiai suma\u017eindamas montavimo laik\u0105. Kiekvienas bald\u0173 kra\u0161t\u0173 med\u017eiagos ritinys u\u017etikrina vienod\u0105 kokyb\u0119 ir suma\u017eina atliek\u0173 naudojim\u0105. Lipnus sluoksnis efektyviai aktyvuojasi esant standartin\u0117ms apdirbimo temperat\u016broms, tod\u0117l spintos kra\u0161tus ir lentynas galima apdailinti skland\u017eiai, be burbuliuk\u0173.<\/p>\n<\/div>\n","protected":false},"excerpt":{"rendered":"<p>22&#215;0,6; 22&#215;1; 22&#215;2; 28&#215;2*; 32&#215;2*; 35&#215;1*; 42&#215;2<\/p>\n","protected":false},"featured_media":22615,"comment_status":"closed","ping_status":"open","template":"","meta":{"_acf_changed":false},"product_brand":[],"product_cat":[1210],"product_tag":[],"class_list":{"0":"post-26300","1":"product","2":"type-product","3":"status-publish","4":"has-post-thumbnail","6":"product_cat-baldu-krastai","8":"first","9":"instock","10":"product-type-simple"},"acf":[],"_links":{"self":[{"href":"https:\/\/www.maag-polska.pl\/lt\/wp-json\/wp\/v2\/product\/26300","targetHints":{"allow":["GET"]}}],"collection":[{"href":"https:\/\/www.maag-polska.pl\/lt\/wp-json\/wp\/v2\/product"}],"about":[{"href":"https:\/\/www.maag-polska.pl\/lt\/wp-json\/wp\/v2\/types\/product"}],"replies":[{"embeddable":true,"href":"https:\/\/www.maag-polska.pl\/lt\/wp-json\/wp\/v2\/comments?post=26300"}],"wp:featuredmedia":[{"embeddable":true,"href":"https:\/\/www.maag-polska.pl\/lt\/wp-json\/wp\/v2\/media\/22615"}],"wp:attachment":[{"href":"https:\/\/www.maag-polska.pl\/lt\/wp-json\/wp\/v2\/media?parent=26300"}],"wp:term":[{"taxonomy":"product_brand","embeddable":true,"href":"https:\/\/www.maag-polska.pl\/lt\/wp-json\/wp\/v2\/product_brand?post=26300"},{"taxonomy":"product_cat","embeddable":true,"href":"https:\/\/www.maag-polska.pl\/lt\/wp-json\/wp\/v2\/product_cat?post=26300"},{"taxonomy":"product_tag","embeddable":true,"href":"https:\/\/www.maag-polska.pl\/lt\/wp-json\/wp\/v2\/product_tag?post=26300"}],"curies":[{"name":"wp","href":"https:\/\/api.w.org\/{rel}","templated":true}]}}