{"id":26299,"date":"2025-09-01T08:32:10","date_gmt":"2025-09-01T08:32:10","guid":{"rendered":"https:\/\/www.maag-polska.pl\/obrzeza-meblowe\/d4-39n-lancelot-oak-new\/"},"modified":"2025-09-01T09:05:52","modified_gmt":"2025-09-01T09:05:52","slug":"d4-39n-lancelot-oak-new","status":"publish","type":"product","link":"https:\/\/www.maag-polska.pl\/lt\/obrzeza-meblowe\/d4-39n-lancelot-oak-new\/","title":{"rendered":"Bald\u0173 kra\u0161tai D4\/39N LANCELOT OAK NEW"},"content":{"rendered":"<div>\n<p>D\u0104B LANCELOT NOWY D4\/39N pagauna autenti\u0161k\u0105 tradicinio \u0105\u017euolo \u017eaves\u012f su kruop\u0161\u010diai i\u0161dirbtais gr\u016bdeli\u0173 ra\u0161tais ir \u0161iltais, \u012fmantriais atspalviais. \u0160i kra\u0161t\u0173 juosta puikiai atspindi Pfleiderer R20027 RU ir Woodeco PD3023 dekor\u0173 nat\u016bralios medienos estetik\u0105, sukurdama vientis\u0105 vizualin\u012f per\u0117jim\u0105 nuo pavir\u0161iaus iki kra\u0161to. Gryna PVC kompozicija i\u0161laiko i\u0161skirtin\u012f spalv\u0173 stabilum\u0105, i\u0161saugodama eleganti\u0161k\u0105 Lancelot \u0105\u017euolo i\u0161vaizd\u0105 net ir ilgai veikiant \u0161viesai.<\/p>\n<p>\u0160i PVC kra\u0161t\u0173 juosta, sukurta \u012fvairiems medienos apdirbimo darbams, puikiai tinka tiek gyvenam\u0173j\u0173, tiek komercini\u0173 bald\u0173 projektams. D\u0117l auk\u0161\u010diausios kokyb\u0117s UV atsparumo ir sm\u016bgiams atspari\u0173 savybi\u0173 ji idealiai tinka intensyvaus eismo vietose ir da\u017enai naudojamiems baldams. Jo optimizuota sud\u0117tis u\u017etikrina lengv\u0105 apdorojim\u0105 su minimaliu atliek\u0173 kiekiu, i\u0161laikant tiksl\u0173 matmen\u0173 stabilum\u0105 naudojimo metu. Nesvarbu, ar kuriate biuro baldus, virtuv\u0117s spinteles ar nestandartinius sand\u0117liavimo sprendimus, \u0161is bald\u0173 kra\u0161tas u\u017etikrina profesionalaus lygio ilgaam\u017ei\u0161kum\u0105, nepakenkiant autenti\u0161kai medienai i\u0161vaizdai.<\/p>\n<\/div>\n","protected":false},"excerpt":{"rendered":"<p>22&#215;0,6; 22&#215;0,8; 22&#215;1; 22&#215;2; 35&#215;1*; 42&#215;0,8; 42&#215;2<\/p>\n","protected":false},"featured_media":22614,"comment_status":"closed","ping_status":"open","template":"","meta":{"_acf_changed":false},"product_brand":[],"product_cat":[1210],"product_tag":[],"class_list":{"0":"post-26299","1":"product","2":"type-product","3":"status-publish","4":"has-post-thumbnail","6":"product_cat-baldu-krastai","8":"first","9":"instock","10":"product-type-simple"},"acf":[],"_links":{"self":[{"href":"https:\/\/www.maag-polska.pl\/lt\/wp-json\/wp\/v2\/product\/26299","targetHints":{"allow":["GET"]}}],"collection":[{"href":"https:\/\/www.maag-polska.pl\/lt\/wp-json\/wp\/v2\/product"}],"about":[{"href":"https:\/\/www.maag-polska.pl\/lt\/wp-json\/wp\/v2\/types\/product"}],"replies":[{"embeddable":true,"href":"https:\/\/www.maag-polska.pl\/lt\/wp-json\/wp\/v2\/comments?post=26299"}],"wp:featuredmedia":[{"embeddable":true,"href":"https:\/\/www.maag-polska.pl\/lt\/wp-json\/wp\/v2\/media\/22614"}],"wp:attachment":[{"href":"https:\/\/www.maag-polska.pl\/lt\/wp-json\/wp\/v2\/media?parent=26299"}],"wp:term":[{"taxonomy":"product_brand","embeddable":true,"href":"https:\/\/www.maag-polska.pl\/lt\/wp-json\/wp\/v2\/product_brand?post=26299"},{"taxonomy":"product_cat","embeddable":true,"href":"https:\/\/www.maag-polska.pl\/lt\/wp-json\/wp\/v2\/product_cat?post=26299"},{"taxonomy":"product_tag","embeddable":true,"href":"https:\/\/www.maag-polska.pl\/lt\/wp-json\/wp\/v2\/product_tag?post=26299"}],"curies":[{"name":"wp","href":"https:\/\/api.w.org\/{rel}","templated":true}]}}