{"id":26297,"date":"2025-09-01T08:31:51","date_gmt":"2025-09-01T08:31:51","guid":{"rendered":"https:\/\/www.maag-polska.pl\/obrzeza-meblowe\/d4-38-amber-urban-oak\/"},"modified":"2025-09-01T09:05:45","modified_gmt":"2025-09-01T09:05:45","slug":"d4-38-amber-urban-oak","status":"publish","type":"product","link":"https:\/\/www.maag-polska.pl\/lt\/obrzeza-meblowe\/d4-38-amber-urban-oak\/","title":{"rendered":"Bald\u0173 kra\u0161tai D4\/38 AMBER URBAN OAK"},"content":{"rendered":"<div>\n<p>Auk\u0161\u010diausios kokyb\u0117s miesto gintaro \u0105\u017euolo PVC kra\u0161t\u0173 juosta, 2 mm storio su pa\u017eangia UV atsparia formule. Pagaminta i\u0161 gryno PVC jungini\u0173, \u0161i kra\u0161t\u0173 juosta u\u017etikrina i\u0161skirtin\u012f spalv\u0173 stabilum\u0105 ir tiksl\u0173 spalv\u0173 derinim\u0105 su D4\/38 dekoro plok\u0161t\u0117mis. Techniniai parametrai apima optimali\u0105 sukibimo temperat\u016br\u0105 190-200\u00b0C, didesn\u012f atsparum\u0105 sm\u016bgiams >15 N\/mm\u00b2 ir kontroliuojam\u0105 susitraukimo greit\u012f \u017eemiau 0,2%. Med\u017eiagos strukt\u016bra u\u017etikrina \u0161varius pj\u016bvius su minimaliu atliek\u0173 apdorojimu.<\/p>\n<p>Specialiai sukurtas didelio srauto komerciniams baldams, kur patvarumas ir dizainas. Puikiai tinka miesto stiliaus biuro baldams, ma\u017emenin\u0117s prekybos \u012frangai ir moderniai svetingumo \u012frangai. \u0160i med\u017eio apdirbimo med\u017eiaga puikiai tinka horizontaliai ir vertikaliai, nuo konferencij\u0173 stal\u0173 iki spinteli\u0173 fasad\u0173. Gintaro \u0105\u017euolo atspalvis sukuria vientisus per\u0117jimus ant bald\u0173 kra\u0161t\u0173, i\u0161laikant i\u0161vaizd\u0105 intensyviai naudojant ir da\u017enai valant. Idealiai tinka projektams, kuriems reikalingas tikslus kra\u0161t\u0173 apdaila su automatizuotomis kra\u0161t\u0173 apri\u0161imo sistemomis.<\/p>\n<\/div>\n","protected":false},"excerpt":{"rendered":"<p>22&#215;0,6; 22&#215;0,8; 22&#215;1; 22&#215;2; 28&#215;0,6*; 28&#215;2*; 32&#215;2*; 35&#215;1*; 42&#215;0,8; 42&#215;2<\/p>\n","protected":false},"featured_media":22612,"comment_status":"closed","ping_status":"open","template":"","meta":{"_acf_changed":false},"product_brand":[],"product_cat":[1210],"product_tag":[],"class_list":{"0":"post-26297","1":"product","2":"type-product","3":"status-publish","4":"has-post-thumbnail","6":"product_cat-baldu-krastai","8":"first","9":"instock","10":"product-type-simple"},"acf":[],"_links":{"self":[{"href":"https:\/\/www.maag-polska.pl\/lt\/wp-json\/wp\/v2\/product\/26297","targetHints":{"allow":["GET"]}}],"collection":[{"href":"https:\/\/www.maag-polska.pl\/lt\/wp-json\/wp\/v2\/product"}],"about":[{"href":"https:\/\/www.maag-polska.pl\/lt\/wp-json\/wp\/v2\/types\/product"}],"replies":[{"embeddable":true,"href":"https:\/\/www.maag-polska.pl\/lt\/wp-json\/wp\/v2\/comments?post=26297"}],"wp:featuredmedia":[{"embeddable":true,"href":"https:\/\/www.maag-polska.pl\/lt\/wp-json\/wp\/v2\/media\/22612"}],"wp:attachment":[{"href":"https:\/\/www.maag-polska.pl\/lt\/wp-json\/wp\/v2\/media?parent=26297"}],"wp:term":[{"taxonomy":"product_brand","embeddable":true,"href":"https:\/\/www.maag-polska.pl\/lt\/wp-json\/wp\/v2\/product_brand?post=26297"},{"taxonomy":"product_cat","embeddable":true,"href":"https:\/\/www.maag-polska.pl\/lt\/wp-json\/wp\/v2\/product_cat?post=26297"},{"taxonomy":"product_tag","embeddable":true,"href":"https:\/\/www.maag-polska.pl\/lt\/wp-json\/wp\/v2\/product_tag?post=26297"}],"curies":[{"name":"wp","href":"https:\/\/api.w.org\/{rel}","templated":true}]}}