{"id":26296,"date":"2025-09-01T08:31:51","date_gmt":"2025-09-01T08:31:51","guid":{"rendered":"https:\/\/www.maag-polska.pl\/obrzeza-meblowe\/d4-35-natural-arlington-oak\/"},"modified":"2025-09-01T09:05:45","modified_gmt":"2025-09-01T09:05:45","slug":"d4-35-natural-arlington-oak","status":"publish","type":"product","link":"https:\/\/www.maag-polska.pl\/lt\/obrzeza-meblowe\/d4-35-natural-arlington-oak\/","title":{"rendered":"Bald\u0173 kra\u0161tai D4\/35 NATURAL ARLINGTON OAK"},"content":{"rendered":"<div>\n<p>Profesionali PVC kra\u0161t\u0173 juosta D4\/35 D\u0104B ARLINGTON NATURALNY u\u017etikrina i\u0161skirtin\u012f atsparum\u0105 kasdieniam d\u0117v\u0117jimuisi. \u0160i gryna PVC kompozicija i\u0161laiko savo strukt\u016brin\u012f vientisum\u0105 net intensyviai naudojant, pasi\u017eyminti patobulinta UV apsauga, kuri apsaugo nuo spalvos pasikeitimo ir i\u0161blukimo. Pa\u017eangi med\u017eiagos sud\u0117tis u\u017etikrina ilgalaik\u012f ilgaam\u017ei\u0161kum\u0105 ir i\u0161bandyt\u0105 atsparum\u0105 sm\u016bgiams iki 150 kg\/cm\u00b2, tod\u0117l idealiai tinka intensyvaus eismo komerciniams ir gyvenamiesiems baldams. Skirtingai nuo standartini\u0173 medienos apdirbimo med\u017eiag\u0173, \u0161i kra\u0161t\u0173 juosta i\u0161laiko savo nesugadint\u0105 i\u0161vaizd\u0105 daugel\u012f met\u0173 veikiant saul\u0117s \u0161viesai ir aplinkos veiksniams.<\/p>\n<p>Patirkite besi\u016bli\u0173 bald\u0173 kra\u0161t\u0173 apdail\u0105 naudodami m\u016bs\u0173 tiksliai sukurt\u0105 D4\/35 D\u0104B ARLINGTON NATURALNY briaun\u0173 juost\u0105. Optimizuotos sukibimo savyb\u0117s leid\u017eia greitai u\u017etepti esant 190-210\u00b0C temperat\u016brai, tod\u0117l montavimo laikas sutrump\u0117ja iki 30%. \u0160i PVC kra\u0161t\u0173 juosta pasi\u017eymi specialiai sukurta pavir\u0161iaus tekst\u016bra, kuri pa\u0161alina papildom\u0173 apdailos etap\u0173 poreik\u012f. Med\u017eiaga pjaunama \u0161variai su minimaliu atliek\u0173 kiekiu, o nuosekli spalv\u0173 derinimo sistema u\u017etikrina puik\u0173 suderinim\u0105 su populiariais dekorais, tokiais kaip Kronospan K086 PW ir Egger H3303 ST10, supaprastindama medienos apdirbimo proces\u0105 nuo prad\u017eios iki pabaigos.<\/p>\n<\/div>\n","protected":false},"excerpt":{"rendered":"<p>22&#215;0,6; 22&#215;0,8; 22&#215;1; 22&#215;2; 35&#215;1*; 42&#215;0,8; 42&#215;2<\/p>\n","protected":false},"featured_media":22611,"comment_status":"closed","ping_status":"open","template":"","meta":{"_acf_changed":false},"product_brand":[],"product_cat":[1210],"product_tag":[],"class_list":{"0":"post-26296","1":"product","2":"type-product","3":"status-publish","4":"has-post-thumbnail","6":"product_cat-baldu-krastai","8":"first","9":"instock","10":"product-type-simple"},"acf":[],"_links":{"self":[{"href":"https:\/\/www.maag-polska.pl\/lt\/wp-json\/wp\/v2\/product\/26296","targetHints":{"allow":["GET"]}}],"collection":[{"href":"https:\/\/www.maag-polska.pl\/lt\/wp-json\/wp\/v2\/product"}],"about":[{"href":"https:\/\/www.maag-polska.pl\/lt\/wp-json\/wp\/v2\/types\/product"}],"replies":[{"embeddable":true,"href":"https:\/\/www.maag-polska.pl\/lt\/wp-json\/wp\/v2\/comments?post=26296"}],"wp:featuredmedia":[{"embeddable":true,"href":"https:\/\/www.maag-polska.pl\/lt\/wp-json\/wp\/v2\/media\/22611"}],"wp:attachment":[{"href":"https:\/\/www.maag-polska.pl\/lt\/wp-json\/wp\/v2\/media?parent=26296"}],"wp:term":[{"taxonomy":"product_brand","embeddable":true,"href":"https:\/\/www.maag-polska.pl\/lt\/wp-json\/wp\/v2\/product_brand?post=26296"},{"taxonomy":"product_cat","embeddable":true,"href":"https:\/\/www.maag-polska.pl\/lt\/wp-json\/wp\/v2\/product_cat?post=26296"},{"taxonomy":"product_tag","embeddable":true,"href":"https:\/\/www.maag-polska.pl\/lt\/wp-json\/wp\/v2\/product_tag?post=26296"}],"curies":[{"name":"wp","href":"https:\/\/api.w.org\/{rel}","templated":true}]}}