{"id":26285,"date":"2025-09-01T08:31:51","date_gmt":"2025-09-01T08:31:51","guid":{"rendered":"https:\/\/www.maag-polska.pl\/obrzeza-meblowe\/d4-26-bordeaux-oak\/"},"modified":"2025-09-01T09:05:37","modified_gmt":"2025-09-01T09:05:37","slug":"d4-26-bordeaux-oak","status":"publish","type":"product","link":"https:\/\/www.maag-polska.pl\/lt\/obrzeza-meblowe\/d4-26-bordeaux-oak\/","title":{"rendered":"Bald\u0173 kra\u0161tai D4\/26 BORDEAUX OAK"},"content":{"rendered":"<div>\n<p>Auk\u0161\u010diausios kokyb\u0117s D4\/26 D\u0104B BORDEAUX PVC kra\u0161t\u0173 juostos u\u017etikrina i\u0161skirtines technines charakteristikas d\u0117l savo 2,6 mm storio ir grynos PVC sud\u0117ties. \u0160i UV spinduliams atspari kra\u0161t\u0173 juosta i\u0161laiko spalvos stabilum\u0105 esant \u012fvairioms ap\u0161vietimo s\u0105lygoms, apsaugodama nuo pageltimo ar blukimo. Kruop\u0161\u010diai sukalibruotas med\u017eiagos tankis u\u017etikrina optimalius apdorojimo parametrus, o vienoda strukt\u016bra leid\u017eia atlikti \u0161varius pj\u016bvius su minimaliu atliek\u0173 kiekiu. Pasi\u017eymi tiksliai suprojektuota pavir\u0161iaus tekst\u016bra, atitinkan\u010dia Bordo \u0105\u017euolo ra\u0161tus su \u00b10,10 mm tolerancija ir grie\u017etais kokyb\u0117s kontrol\u0117s standartais.<\/p>\n<p>Specialiai sukurta auk\u0161\u010diausios klas\u0117s bald\u0173 gamybai, kur Bordo \u0105\u017euolo estetika yra labai svarbi. \u0160i med\u017eio apdirbimo med\u017eiaga puikiai tinka komercini\u0173 spinteli\u0173 gamyboje, ma\u017emenin\u0117je prekyboje ir auk\u0161\u010diausios kokyb\u0117s gyvenam\u0173j\u0173 bald\u0173 reikm\u0117ms. D\u0117l sm\u016bgiams atspari\u0173 briaun\u0173 juostos jis puikiai tinka intensyvaus eismo komercin\u0117ms aplinkoms, pavyzd\u017eiui, vie\u0161bu\u010diams ir biurams. Puikiai tinka vertikaliems ir horizontaliems pavir\u0161iams, kuriems reikalinga vientisa kra\u0161t\u0173 apdaila, ypa\u010d atliekant individualius frezavimo darbus ir architekt\u016brinius medienos apdirbimo projektus, kur ilgaam\u017ei\u0161kumas atitinka sud\u0117tingus dizaino reikalavimus.<\/p>\n<\/div>\n","protected":false},"excerpt":{"rendered":"<p>22&#215;0,6; 22&#215;1; 22&#215;2; 28&#215;2*; 32&#215;2*; 35&#215;1*; 42&#215;2<\/p>\n","protected":false},"featured_media":22600,"comment_status":"closed","ping_status":"open","template":"","meta":{"_acf_changed":false},"product_brand":[],"product_cat":[1210],"product_tag":[],"class_list":{"0":"post-26285","1":"product","2":"type-product","3":"status-publish","4":"has-post-thumbnail","6":"product_cat-baldu-krastai","8":"first","9":"instock","10":"product-type-simple"},"acf":[],"_links":{"self":[{"href":"https:\/\/www.maag-polska.pl\/lt\/wp-json\/wp\/v2\/product\/26285","targetHints":{"allow":["GET"]}}],"collection":[{"href":"https:\/\/www.maag-polska.pl\/lt\/wp-json\/wp\/v2\/product"}],"about":[{"href":"https:\/\/www.maag-polska.pl\/lt\/wp-json\/wp\/v2\/types\/product"}],"replies":[{"embeddable":true,"href":"https:\/\/www.maag-polska.pl\/lt\/wp-json\/wp\/v2\/comments?post=26285"}],"wp:featuredmedia":[{"embeddable":true,"href":"https:\/\/www.maag-polska.pl\/lt\/wp-json\/wp\/v2\/media\/22600"}],"wp:attachment":[{"href":"https:\/\/www.maag-polska.pl\/lt\/wp-json\/wp\/v2\/media?parent=26285"}],"wp:term":[{"taxonomy":"product_brand","embeddable":true,"href":"https:\/\/www.maag-polska.pl\/lt\/wp-json\/wp\/v2\/product_brand?post=26285"},{"taxonomy":"product_cat","embeddable":true,"href":"https:\/\/www.maag-polska.pl\/lt\/wp-json\/wp\/v2\/product_cat?post=26285"},{"taxonomy":"product_tag","embeddable":true,"href":"https:\/\/www.maag-polska.pl\/lt\/wp-json\/wp\/v2\/product_tag?post=26285"}],"curies":[{"name":"wp","href":"https:\/\/api.w.org\/{rel}","templated":true}]}}