{"id":26284,"date":"2025-09-01T08:31:51","date_gmt":"2025-09-01T08:31:51","guid":{"rendered":"https:\/\/www.maag-polska.pl\/obrzeza-meblowe\/d4-22-canyon-oak\/"},"modified":"2025-09-01T09:05:36","modified_gmt":"2025-09-01T09:05:36","slug":"d4-22-canyon-oak","status":"publish","type":"product","link":"https:\/\/www.maag-polska.pl\/lt\/obrzeza-meblowe\/d4-22-canyon-oak\/","title":{"rendered":"Bald\u0173 kra\u0161tai D4\/22 CANYON OAK"},"content":{"rendered":"<div>\n<p>Profesionalios PVC kra\u0161tin\u0117s juostos, sukurtos taip, kad atlaikyt\u0173 intensyv\u0173 kasdien\u012f d\u0117v\u0117jim\u0105si. \u0160i D4\/22 D\u0104B CANYON kra\u0161t\u0173 juosta pasi\u017eymi padidintu atsparumu UV spinduliams ir i\u0161laiko \u0105\u017euolo \u012fkv\u0117pt\u0105 apdail\u0105 net at\u0161iauriomis s\u0105lygomis. Gryna PVC kompozicija u\u017etikrina puik\u0173 atsparum\u0105 sm\u016bgiams, tuo pa\u010diu u\u017ekertant keli\u0105 delaminacijai ir kra\u0161t\u0173 atskilimui. I\u0161bandyta d\u0117l spalv\u0173 stabilumo \u012fvairiose aplinkose, \u0161i med\u017eio apdirbimo med\u017eiaga i\u0161laiko savo autenti\u0161k\u0105 i\u0161vaizd\u0105 visus naudojimo metus.<\/p>\n<p>Greito montavimo bald\u0173 kra\u0161to sprendimas, kuris supaprastina j\u016bs\u0173 gamybos proces\u0105. Tiksliai sukalibruotas storis u\u017etikrina skland\u0173 naudojim\u0105 standartin\u0117mis briaun\u0173 klijavimo stakl\u0117mis ir suma\u017eina s\u0105rankos reguliavim\u0105. \u0160i PVC kra\u0161t\u0173 juosta tvirtai prilimpa pirm\u0105 kart\u0105 prisilietus, suma\u017eindama perdirbimo ir atliek\u0173 kiek\u012f. Nuosekli med\u017eiagos strukt\u016bra leid\u017eia atlikti \u0161varius pj\u016bvius be skilim\u0173, tod\u0117l kra\u0161to apdailos darbus galite atlikti nepaprastai efektyviai.<\/p>\n<\/div>\n","protected":false},"excerpt":{"rendered":"<p>22&#215;0,6; 22&#215;1; 22&#215;2; 32&#215;2*; 35&#215;1*; 42&#215;2<\/p>\n","protected":false},"featured_media":22599,"comment_status":"closed","ping_status":"open","template":"","meta":{"_acf_changed":false},"product_brand":[],"product_cat":[1210],"product_tag":[],"class_list":{"0":"post-26284","1":"product","2":"type-product","3":"status-publish","4":"has-post-thumbnail","6":"product_cat-baldu-krastai","8":"first","9":"instock","10":"product-type-simple"},"acf":[],"_links":{"self":[{"href":"https:\/\/www.maag-polska.pl\/lt\/wp-json\/wp\/v2\/product\/26284","targetHints":{"allow":["GET"]}}],"collection":[{"href":"https:\/\/www.maag-polska.pl\/lt\/wp-json\/wp\/v2\/product"}],"about":[{"href":"https:\/\/www.maag-polska.pl\/lt\/wp-json\/wp\/v2\/types\/product"}],"replies":[{"embeddable":true,"href":"https:\/\/www.maag-polska.pl\/lt\/wp-json\/wp\/v2\/comments?post=26284"}],"wp:featuredmedia":[{"embeddable":true,"href":"https:\/\/www.maag-polska.pl\/lt\/wp-json\/wp\/v2\/media\/22599"}],"wp:attachment":[{"href":"https:\/\/www.maag-polska.pl\/lt\/wp-json\/wp\/v2\/media?parent=26284"}],"wp:term":[{"taxonomy":"product_brand","embeddable":true,"href":"https:\/\/www.maag-polska.pl\/lt\/wp-json\/wp\/v2\/product_brand?post=26284"},{"taxonomy":"product_cat","embeddable":true,"href":"https:\/\/www.maag-polska.pl\/lt\/wp-json\/wp\/v2\/product_cat?post=26284"},{"taxonomy":"product_tag","embeddable":true,"href":"https:\/\/www.maag-polska.pl\/lt\/wp-json\/wp\/v2\/product_tag?post=26284"}],"curies":[{"name":"wp","href":"https:\/\/api.w.org\/{rel}","templated":true}]}}