{"id":26280,"date":"2025-09-01T08:31:51","date_gmt":"2025-09-01T08:31:51","guid":{"rendered":"https:\/\/www.maag-polska.pl\/obrzeza-meblowe\/d4-18-ristretto-baroque-oak\/"},"modified":"2025-09-01T09:05:34","modified_gmt":"2025-09-01T09:05:34","slug":"d4-18-ristretto-baroque-oak","status":"publish","type":"product","link":"https:\/\/www.maag-polska.pl\/lt\/obrzeza-meblowe\/d4-18-ristretto-baroque-oak\/","title":{"rendered":"Bald\u0173 kra\u0161tai D4\/18 RISTRETTO BAROQUE OAK"},"content":{"rendered":"<div>\n<p>Profesionali PVC kra\u0161t\u0173 juosta D4\/18 D\u0104B BAROKOWY RISTRETTO u\u017etikrina i\u0161skirtin\u012f atsparum\u0105 kasdieniam nusid\u0117v\u0117jimui. \u0160is baldo kra\u0161tas puikiai dera su Kronospan K537 RW pavir\u0161iais ir u\u017etikrina puiki\u0105 UV apsaug\u0105, neleid\u017eian\u010di\u0105 spalvoms i\u0161blukti net esant intensyviai \u0161viesai. Gryna PVC sud\u0117tis u\u017etikrina nepaprast\u0105 patvarum\u0105 nuo sm\u016bgi\u0173, \u012fbr\u0117\u017eim\u0173 ir buitini\u0173 chemikal\u0173, tod\u0117l idealiai tinka intensyvaus eismo baldams.<\/p>\n<p>Medienos apdirbimo med\u017eiagos tur\u0117t\u0173 supaprastinti j\u016bs\u0173 darbo eig\u0105, o \u0161i kra\u0161t\u0173 juostel\u0117 b\u016btent tai ir u\u017etikrina. Tiksliai suprojektuotas pavir\u0161ius reikalauja minimalaus paruo\u0161imo, greitai prilimpa ir pjauna \u0161variai, prakti\u0161kai be atliek\u0173. Optimizuotas storis u\u017etikrina skland\u0173 apdorojim\u0105 i\u0161laikant autenti\u0161k\u0105 D\u0105b Barokowy Ristretto i\u0161vaizd\u0105. Puikiai tinka tiek rankin\u0117ms, tiek automatin\u0117ms kra\u0161t\u0173 apri\u0161imo sistemoms, sutrumpina montavimo laik\u0105 nepakenkiant profesionaliam apdailai.<\/p>\n<\/div>\n","protected":false},"excerpt":{"rendered":"<p>22&#215;0,6; 22&#215;0,8; 22&#215;2; 35&#215;1*; 42&#215;0,8; 42&#215;2<\/p>\n","protected":false},"featured_media":22595,"comment_status":"closed","ping_status":"open","template":"","meta":{"_acf_changed":false},"product_brand":[],"product_cat":[1210],"product_tag":[],"class_list":{"0":"post-26280","1":"product","2":"type-product","3":"status-publish","4":"has-post-thumbnail","6":"product_cat-baldu-krastai","8":"first","9":"instock","10":"product-type-simple"},"acf":[],"_links":{"self":[{"href":"https:\/\/www.maag-polska.pl\/lt\/wp-json\/wp\/v2\/product\/26280","targetHints":{"allow":["GET"]}}],"collection":[{"href":"https:\/\/www.maag-polska.pl\/lt\/wp-json\/wp\/v2\/product"}],"about":[{"href":"https:\/\/www.maag-polska.pl\/lt\/wp-json\/wp\/v2\/types\/product"}],"replies":[{"embeddable":true,"href":"https:\/\/www.maag-polska.pl\/lt\/wp-json\/wp\/v2\/comments?post=26280"}],"wp:featuredmedia":[{"embeddable":true,"href":"https:\/\/www.maag-polska.pl\/lt\/wp-json\/wp\/v2\/media\/22595"}],"wp:attachment":[{"href":"https:\/\/www.maag-polska.pl\/lt\/wp-json\/wp\/v2\/media?parent=26280"}],"wp:term":[{"taxonomy":"product_brand","embeddable":true,"href":"https:\/\/www.maag-polska.pl\/lt\/wp-json\/wp\/v2\/product_brand?post=26280"},{"taxonomy":"product_cat","embeddable":true,"href":"https:\/\/www.maag-polska.pl\/lt\/wp-json\/wp\/v2\/product_cat?post=26280"},{"taxonomy":"product_tag","embeddable":true,"href":"https:\/\/www.maag-polska.pl\/lt\/wp-json\/wp\/v2\/product_tag?post=26280"}],"curies":[{"name":"wp","href":"https:\/\/api.w.org\/{rel}","templated":true}]}}