{"id":26279,"date":"2025-09-01T08:31:51","date_gmt":"2025-09-01T08:31:51","guid":{"rendered":"https:\/\/www.maag-polska.pl\/obrzeza-meblowe\/d4-17-sanremo-rustical-oak\/"},"modified":"2025-09-01T09:05:33","modified_gmt":"2025-09-01T09:05:33","slug":"d4-17-sanremo-rustical-oak","status":"publish","type":"product","link":"https:\/\/www.maag-polska.pl\/lt\/obrzeza-meblowe\/d4-17-sanremo-rustical-oak\/","title":{"rendered":"Bald\u0173 kra\u0161tai D4\/17 SANREMO RUSTICAL OAK"},"content":{"rendered":"<div>\n<p>D4\/17 D\u0104B SANREMO RUSTIKAL PVC kra\u0161t\u0173 juostos, u\u017efiksuojan\u010dios autenti\u0161k\u0105 kaimi\u0161ko \u0105\u017euolo \u017eaves\u012f, demonstruoja kruop\u0161\u010diai pagamint\u0105 medienos ra\u0161t\u0105, atspindint\u012f nat\u016bralios medienos \u0161ilum\u0105 ir charakter\u012f. Turtingas, tekst\u016bruotas pavir\u0161ius pasi\u017eymi subtiliomis variacijomis ir kruop\u0161\u010diai subalansuota spalv\u0173 palete, kuri suteikia bald\u0173 kra\u0161tams gylio ir rafinuotumo. \u0160ios briaun\u0173 juostos auk\u0161\u010diausios kokyb\u0117s apdaila i\u0161laiko estetin\u012f patrauklum\u0105 d\u0117l UV spinduliams atsparios technologijos, u\u017etikrinan\u010dios ilgalaik\u012f spalvos stabilum\u0105 net saul\u0117s veikiamose vietose.<\/p>\n<p>Pagaminta i\u0161 gryno PVC, \u0161i universali med\u017eio apdirbimo med\u017eiaga skland\u017eiai prisitaiko prie \u012fvairi\u0173 bald\u0173 projekt\u0173 \u2013 nuo virtuv\u0117s spinteli\u0173 iki biuro \u012frengini\u0173. Optimalus kra\u0161t\u0173 juostos storis u\u017etikrina \u0161var\u0173 apdorojim\u0105 ir minimal\u0173 atliek\u0173 kiek\u012f, o sm\u016bgiams atspari sud\u0117tis atlaiko kasdien\u012f d\u0117v\u0117jim\u0105si. Puikiai tinka profesionaliems bald\u0173 gamintojams ir bald\u0173 gamintojams, jis efektyviai sukimba su standartiniais klijais ir gali b\u016bti tiksliai apipjaustytas tiek tiesiam, tiek lenktam darbui. Med\u017eiagos techniniai parametrai palaiko ir rankinius, ir automatinius kra\u0161t\u0173 apri\u0161imo procesus, tod\u0117l tai yra efektyvus pasirinkimas bet kokio masto gamybai.<\/p>\n<\/div>\n","protected":false},"excerpt":{"rendered":"<p>22&#215;0,6; 22&#215;1; 22&#215;2; 32&#215;2*; 35&#215;1*; 42&#215;2; 44&#215;1*<\/p>\n","protected":false},"featured_media":22594,"comment_status":"closed","ping_status":"open","template":"","meta":{"_acf_changed":false},"product_brand":[],"product_cat":[1210],"product_tag":[],"class_list":{"0":"post-26279","1":"product","2":"type-product","3":"status-publish","4":"has-post-thumbnail","6":"product_cat-baldu-krastai","8":"first","9":"instock","10":"product-type-simple"},"acf":[],"_links":{"self":[{"href":"https:\/\/www.maag-polska.pl\/lt\/wp-json\/wp\/v2\/product\/26279","targetHints":{"allow":["GET"]}}],"collection":[{"href":"https:\/\/www.maag-polska.pl\/lt\/wp-json\/wp\/v2\/product"}],"about":[{"href":"https:\/\/www.maag-polska.pl\/lt\/wp-json\/wp\/v2\/types\/product"}],"replies":[{"embeddable":true,"href":"https:\/\/www.maag-polska.pl\/lt\/wp-json\/wp\/v2\/comments?post=26279"}],"wp:featuredmedia":[{"embeddable":true,"href":"https:\/\/www.maag-polska.pl\/lt\/wp-json\/wp\/v2\/media\/22594"}],"wp:attachment":[{"href":"https:\/\/www.maag-polska.pl\/lt\/wp-json\/wp\/v2\/media?parent=26279"}],"wp:term":[{"taxonomy":"product_brand","embeddable":true,"href":"https:\/\/www.maag-polska.pl\/lt\/wp-json\/wp\/v2\/product_brand?post=26279"},{"taxonomy":"product_cat","embeddable":true,"href":"https:\/\/www.maag-polska.pl\/lt\/wp-json\/wp\/v2\/product_cat?post=26279"},{"taxonomy":"product_tag","embeddable":true,"href":"https:\/\/www.maag-polska.pl\/lt\/wp-json\/wp\/v2\/product_tag?post=26279"}],"curies":[{"name":"wp","href":"https:\/\/api.w.org\/{rel}","templated":true}]}}