{"id":26275,"date":"2025-09-01T08:31:32","date_gmt":"2025-09-01T08:31:32","guid":{"rendered":"https:\/\/www.maag-polska.pl\/obrzeza-meblowe\/d4-13-sonoma-truffle-oak\/"},"modified":"2025-09-01T09:05:26","modified_gmt":"2025-09-01T09:05:26","slug":"d4-13-sonoma-truffle-oak","status":"publish","type":"product","link":"https:\/\/www.maag-polska.pl\/lt\/obrzeza-meblowe\/d4-13-sonoma-truffle-oak\/","title":{"rendered":"Bald\u0173 kra\u0161tai D4\/13 SONOMA TRUFFLE OAK"},"content":{"rendered":"<div>\n<p>Kruop\u0161\u010diai sukurta D4\/13 D\u0104B SONOMA TRUFEL kra\u0161t\u0173 juosta perteikia rafinuot\u0105 Sonoma \u0105\u017euolo \u0161ilum\u0105 su subtiliais triufelio atspalviais. \u0160i PVC kra\u0161t\u0173 juosta demonstruoja tiksliai suderint\u0105 medienos ra\u0161t\u0105, sukuriant vientisus per\u0117jimus, kurie pagerina bald\u0173 estetik\u0105. Pavir\u0161ius turi kruop\u0161\u010diai kalibruot\u0105 matin\u012f pavir\u0161i\u0173, kuris autenti\u0161kai atkartoja nat\u016bralias medienos tekst\u016bras, i\u0161laikant spalv\u0173 nuoseklum\u0105 visose partijose.<\/p>\n<p>Be vizualinio patrauklumo, \u0161i gryno PVC kra\u0161t\u0173 juosta puikiai tinka \u012fvairiems medienos apdirbimo darbams, nuo virtuv\u0117s spinteli\u0173 iki biuro bald\u0173. Med\u017eiagos UV spinduliams atspari sud\u0117tis apsaugo nuo pageltimo ir spalvos pasikeitimo, o atspari sm\u016bgiams strukt\u016bra u\u017etikrina ilgalaik\u012f patvarum\u0105 intensyvaus eismo aplinkoje. Bald\u0173 gamintojai vertina jo lengv\u0105 apdirbim\u0105 ir minimal\u0173 atliek\u0173 susidarym\u0105, tod\u0117l tai yra efektyvus pasirinkimas tiek ma\u017eoms dirbtuv\u0117ms, tiek didel\u0117s apimties gamybai.<\/p>\n<\/div>\n","protected":false},"excerpt":{"rendered":"<p>22&#215;0,6; 22&#215;1; 22&#215;2; 32&#215;2*; 35&#215;1*; 42&#215;2<\/p>\n","protected":false},"featured_media":22590,"comment_status":"closed","ping_status":"open","template":"","meta":{"_acf_changed":false},"product_brand":[],"product_cat":[1210],"product_tag":[],"class_list":{"0":"post-26275","1":"product","2":"type-product","3":"status-publish","4":"has-post-thumbnail","6":"product_cat-baldu-krastai","8":"first","9":"instock","10":"product-type-simple"},"acf":[],"_links":{"self":[{"href":"https:\/\/www.maag-polska.pl\/lt\/wp-json\/wp\/v2\/product\/26275","targetHints":{"allow":["GET"]}}],"collection":[{"href":"https:\/\/www.maag-polska.pl\/lt\/wp-json\/wp\/v2\/product"}],"about":[{"href":"https:\/\/www.maag-polska.pl\/lt\/wp-json\/wp\/v2\/types\/product"}],"replies":[{"embeddable":true,"href":"https:\/\/www.maag-polska.pl\/lt\/wp-json\/wp\/v2\/comments?post=26275"}],"wp:featuredmedia":[{"embeddable":true,"href":"https:\/\/www.maag-polska.pl\/lt\/wp-json\/wp\/v2\/media\/22590"}],"wp:attachment":[{"href":"https:\/\/www.maag-polska.pl\/lt\/wp-json\/wp\/v2\/media?parent=26275"}],"wp:term":[{"taxonomy":"product_brand","embeddable":true,"href":"https:\/\/www.maag-polska.pl\/lt\/wp-json\/wp\/v2\/product_brand?post=26275"},{"taxonomy":"product_cat","embeddable":true,"href":"https:\/\/www.maag-polska.pl\/lt\/wp-json\/wp\/v2\/product_cat?post=26275"},{"taxonomy":"product_tag","embeddable":true,"href":"https:\/\/www.maag-polska.pl\/lt\/wp-json\/wp\/v2\/product_tag?post=26275"}],"curies":[{"name":"wp","href":"https:\/\/api.w.org\/{rel}","templated":true}]}}