{"id":26273,"date":"2025-09-01T08:31:32","date_gmt":"2025-09-01T08:31:32","guid":{"rendered":"https:\/\/www.maag-polska.pl\/obrzeza-meblowe\/d4-11-sonoma-oak\/"},"modified":"2025-09-01T09:05:24","modified_gmt":"2025-09-01T09:05:24","slug":"d4-11-sonoma-oak","status":"publish","type":"product","link":"https:\/\/www.maag-polska.pl\/lt\/obrzeza-meblowe\/d4-11-sonoma-oak\/","title":{"rendered":"Bald\u0173 kra\u0161tai D4\/11 SONOMA OAK"},"content":{"rendered":"<div>\n<p>Profesionalios PVC briaun\u0173 juostos D4\/11 D\u0104B SONOMA atspalvyje, pagamintos i\u0161 gryno PVC jungini\u0173, u\u017etikrinan\u010di\u0173 puiki\u0105 kra\u0161to apsaug\u0105. Pasi\u017eymi 2 mm storio ir +\/-0,02 mm paklaida, u\u017etikrinan\u010diu tiksl\u0173 montavim\u0105 ir minimal\u0173 med\u017eiagos \u0161vaistym\u0105 tepant. Papildyta UV stabilizuojan\u010diais priedais, kurie palaiko spalvos nuoseklum\u0105, neleid\u017eia pageltimui ar blukimui ilgai veikiant. Pavir\u0161iaus strukt\u016bra pasiekia 38-42 Shore D kietum\u0105, u\u017etikrina puik\u0173 atsparum\u0105 sm\u016bgiams, i\u0161laikant lankstum\u0105 lenkiant.<\/p>\n<p>Specialiai sukurta \u0161iuolaikin\u0117ms medienos apdirbimo med\u017eiagoms ir bald\u0173 gamybos linijoms, kuriose vyrauja Sonoma \u0105\u017euolo apdaila. Idealiai tinka virtuv\u0117s spinteli\u0173, biuro bald\u0173 ir ma\u017emenin\u0117s prekybos vitrin\u0173 apvadams, kuriems reikalinga nuosekli medienos gr\u016bd\u0173 estetika. D\u0117l \u0161ios med\u017eiagos technini\u0173 savybi\u0173 ji ypa\u010d tinka intensyvaus eismo komercinei aplinkai, kur itin svarbus kra\u0161to patvarumas. Puikiai tinka tiek tiesioms, tiek kont\u016brin\u0117ms briaunoms klijuoti, bald\u0173 gamintojams si\u016blant optimal\u0173 12-18 m\/min apdirbimo greit\u012f.<\/p>\n<\/div>\n","protected":false},"excerpt":{"rendered":"<p>16,1*; 19&#215;0,6*; 22&#215;0,6; 22&#215;0,8; 22&#215;1; 22&#215;2; 28&#215;1*; 28&#215;2*; 32&#215;2*; 35&#215;1*; 42&#215;08; 42&#215;2<\/p>\n","protected":false},"featured_media":22588,"comment_status":"closed","ping_status":"open","template":"","meta":{"_acf_changed":false},"product_brand":[],"product_cat":[1210],"product_tag":[],"class_list":{"0":"post-26273","1":"product","2":"type-product","3":"status-publish","4":"has-post-thumbnail","6":"product_cat-baldu-krastai","8":"first","9":"instock","10":"product-type-simple"},"acf":[],"_links":{"self":[{"href":"https:\/\/www.maag-polska.pl\/lt\/wp-json\/wp\/v2\/product\/26273","targetHints":{"allow":["GET"]}}],"collection":[{"href":"https:\/\/www.maag-polska.pl\/lt\/wp-json\/wp\/v2\/product"}],"about":[{"href":"https:\/\/www.maag-polska.pl\/lt\/wp-json\/wp\/v2\/types\/product"}],"replies":[{"embeddable":true,"href":"https:\/\/www.maag-polska.pl\/lt\/wp-json\/wp\/v2\/comments?post=26273"}],"wp:featuredmedia":[{"embeddable":true,"href":"https:\/\/www.maag-polska.pl\/lt\/wp-json\/wp\/v2\/media\/22588"}],"wp:attachment":[{"href":"https:\/\/www.maag-polska.pl\/lt\/wp-json\/wp\/v2\/media?parent=26273"}],"wp:term":[{"taxonomy":"product_brand","embeddable":true,"href":"https:\/\/www.maag-polska.pl\/lt\/wp-json\/wp\/v2\/product_brand?post=26273"},{"taxonomy":"product_cat","embeddable":true,"href":"https:\/\/www.maag-polska.pl\/lt\/wp-json\/wp\/v2\/product_cat?post=26273"},{"taxonomy":"product_tag","embeddable":true,"href":"https:\/\/www.maag-polska.pl\/lt\/wp-json\/wp\/v2\/product_tag?post=26273"}],"curies":[{"name":"wp","href":"https:\/\/api.w.org\/{rel}","templated":true}]}}