{"id":26272,"date":"2025-09-01T08:31:32","date_gmt":"2025-09-01T08:31:32","guid":{"rendered":"https:\/\/www.maag-polska.pl\/obrzeza-meblowe\/d4-10-paris-oak\/"},"modified":"2025-09-01T09:05:24","modified_gmt":"2025-09-01T09:05:24","slug":"d4-10-paris-oak","status":"publish","type":"product","link":"https:\/\/www.maag-polska.pl\/lt\/obrzeza-meblowe\/d4-10-paris-oak\/","title":{"rendered":"Bald\u0173 kra\u0161tai D4\/10 PARIS OAK"},"content":{"rendered":"<div>\n<p>Profesionalios PVC kra\u0161tin\u0117s juostos, sukurtos taip, kad atlaikyt\u0173 intensyv\u0173 kasdien\u012f d\u0117v\u0117jim\u0105si. \u0160i D4\/10 D\u0104B PARIS kra\u0161t\u0173 juosta pasi\u017eymi padidintu atsparumu UV spinduliams ir spalvos stabilumu, i\u0161laiko nepriekai\u0161ting\u0105 i\u0161vaizd\u0105 net ir ilgai b\u016bnant saul\u0117je. Gryna PVC kompozicija u\u017etikrina puik\u0173 atsparum\u0105 sm\u016bgiams, apsaugo bald\u0173 kra\u0161tus nuo dro\u017eli\u0173 ir pa\u017eeidim\u0173 intensyvaus eismo aplinkoje. Kaip patikima medienos apdirbimo med\u017eiaga, ji apsaugo nuo dr\u0117gm\u0117s prasiskverbimo ir i\u0161saugo j\u016bs\u0173 bald\u0173 konstrukcin\u012f vientisum\u0105.<\/p>\n<p>Pakeiskite savo bald\u0173 projektus naudodami \u0161i\u0105 patogi\u0105 PVC kra\u0161t\u0173 juost\u0105, kuri supaprastina apdailos proces\u0105. Tiksliai pagamintas 10 mm plotis u\u017etikrina nuosekl\u0173 naudojim\u0105 su minimaliu atliek\u0173 kiekiu, o optimizuotas lipnus sluoksnis greitai aktyvuojasi esant standartinei apdorojimo temperat\u016brai. \u0160is bald\u0173 briaun\u0173 sprendimas puikiai tinka tiek rankin\u0117ms, tiek automatin\u0117ms kra\u0161t\u0173 apklijavimo sistemoms, i\u0161laiko didel\u012f sukibimo stiprum\u0105, nereikalaujant papildomo pavir\u0161iaus paruo\u0161imo. Idealiai tinka medienos apdirbimo profesionalams, siekiantiems efektyvumo nenusileid\u017eiant kokybei.<\/p>\n<\/div>\n","protected":false},"excerpt":{"rendered":"<p>22&#215;0,6; 22&#215;1; 22&#215;2; 28&#215;2*; 32&#215;2*; 35&#215;1*; 42&#215;2<\/p>\n","protected":false},"featured_media":22587,"comment_status":"closed","ping_status":"open","template":"","meta":{"_acf_changed":false},"product_brand":[],"product_cat":[1210],"product_tag":[],"class_list":{"0":"post-26272","1":"product","2":"type-product","3":"status-publish","4":"has-post-thumbnail","6":"product_cat-baldu-krastai","8":"first","9":"instock","10":"product-type-simple"},"acf":[],"_links":{"self":[{"href":"https:\/\/www.maag-polska.pl\/lt\/wp-json\/wp\/v2\/product\/26272","targetHints":{"allow":["GET"]}}],"collection":[{"href":"https:\/\/www.maag-polska.pl\/lt\/wp-json\/wp\/v2\/product"}],"about":[{"href":"https:\/\/www.maag-polska.pl\/lt\/wp-json\/wp\/v2\/types\/product"}],"replies":[{"embeddable":true,"href":"https:\/\/www.maag-polska.pl\/lt\/wp-json\/wp\/v2\/comments?post=26272"}],"wp:featuredmedia":[{"embeddable":true,"href":"https:\/\/www.maag-polska.pl\/lt\/wp-json\/wp\/v2\/media\/22587"}],"wp:attachment":[{"href":"https:\/\/www.maag-polska.pl\/lt\/wp-json\/wp\/v2\/media?parent=26272"}],"wp:term":[{"taxonomy":"product_brand","embeddable":true,"href":"https:\/\/www.maag-polska.pl\/lt\/wp-json\/wp\/v2\/product_brand?post=26272"},{"taxonomy":"product_cat","embeddable":true,"href":"https:\/\/www.maag-polska.pl\/lt\/wp-json\/wp\/v2\/product_cat?post=26272"},{"taxonomy":"product_tag","embeddable":true,"href":"https:\/\/www.maag-polska.pl\/lt\/wp-json\/wp\/v2\/product_tag?post=26272"}],"curies":[{"name":"wp","href":"https:\/\/api.w.org\/{rel}","templated":true}]}}