{"id":26266,"date":"2025-09-01T08:31:32","date_gmt":"2025-09-01T08:31:32","guid":{"rendered":"https:\/\/www.maag-polska.pl\/obrzeza-meblowe\/d31-1-hiteak\/"},"modified":"2025-09-01T09:05:20","modified_gmt":"2025-09-01T09:05:20","slug":"d31-1-hiteak","status":"publish","type":"product","link":"https:\/\/www.maag-polska.pl\/lt\/obrzeza-meblowe\/d31-1-hiteak\/","title":{"rendered":"Bald\u0173 kra\u0161tai D31\/1 HITEAK"},"content":{"rendered":"<div>\n<p>D31\/1 HITEAK PVC kra\u0161t\u0173 juosta u\u017etikrina tiksliai suprojektuot\u0105 na\u0161um\u0105, nes jos sud\u0117tis yra 100 % gryna PVC. Med\u017eiaga pasi\u017eymi pa\u017eangiais UV atspariais polimerais ir i\u0161laiko matmen\u0173 stabilum\u0105 iki 80\u00b0C temperat\u016broje. \u0160ios medienos apdirbimo med\u017eiagos techniniai parametrai apima 28 MPa atsparum\u0105 tempimui ir pailg\u0117jim\u0105 tr\u016bkimo metu > 150%, u\u017etikrinant\u012f i\u0161skirtin\u012f bald\u0173 patvarum\u0105. 3 sluoksni\u0173 gamybos procesas sukuria vienalyt\u0119 strukt\u016br\u0105, kuri apsaugo nuo delaminacijos.<\/p>\n<p>Supaprastinkite savo gamybos s\u0105naudas naudodami D31\/1 HITEAK optimizuotas apdorojimo charakteristikas. D\u0117l tikslios pjovimo tolerancijos ir puiki\u0173 sukibimo savybi\u0173 \u0161i bald\u0173 kra\u0161t\u0173 juosta suma\u017eina med\u017eiagos \u0161vaistym\u0105 iki 30 %. D\u0117l stabilios spalvos formul\u0117s nereikia da\u017enai keisti, o greito apdorojimo funkcijos leid\u017eia pagreitinti gamybos ciklus. D\u0117l nuolatin\u0117s kra\u0161t\u0173 juostos kokyb\u0117s suma\u017e\u0117ja atmest\u0173 dali\u0173 ir pager\u0117jo apatin\u0117s eil\u0117s efektyvumas bald\u0173 gamyboje.<\/p>\n<\/div>\n","protected":false},"excerpt":{"rendered":"<p>22&#215;0,6; 22&#215;1; 22&#215;2; 35&#215;1*; 42&#215;2<\/p>\n","protected":false},"featured_media":22581,"comment_status":"closed","ping_status":"open","template":"","meta":{"_acf_changed":false},"product_brand":[],"product_cat":[1210],"product_tag":[],"class_list":{"0":"post-26266","1":"product","2":"type-product","3":"status-publish","4":"has-post-thumbnail","6":"product_cat-baldu-krastai","8":"first","9":"instock","10":"product-type-simple"},"acf":[],"_links":{"self":[{"href":"https:\/\/www.maag-polska.pl\/lt\/wp-json\/wp\/v2\/product\/26266","targetHints":{"allow":["GET"]}}],"collection":[{"href":"https:\/\/www.maag-polska.pl\/lt\/wp-json\/wp\/v2\/product"}],"about":[{"href":"https:\/\/www.maag-polska.pl\/lt\/wp-json\/wp\/v2\/types\/product"}],"replies":[{"embeddable":true,"href":"https:\/\/www.maag-polska.pl\/lt\/wp-json\/wp\/v2\/comments?post=26266"}],"wp:featuredmedia":[{"embeddable":true,"href":"https:\/\/www.maag-polska.pl\/lt\/wp-json\/wp\/v2\/media\/22581"}],"wp:attachment":[{"href":"https:\/\/www.maag-polska.pl\/lt\/wp-json\/wp\/v2\/media?parent=26266"}],"wp:term":[{"taxonomy":"product_brand","embeddable":true,"href":"https:\/\/www.maag-polska.pl\/lt\/wp-json\/wp\/v2\/product_brand?post=26266"},{"taxonomy":"product_cat","embeddable":true,"href":"https:\/\/www.maag-polska.pl\/lt\/wp-json\/wp\/v2\/product_cat?post=26266"},{"taxonomy":"product_tag","embeddable":true,"href":"https:\/\/www.maag-polska.pl\/lt\/wp-json\/wp\/v2\/product_tag?post=26266"}],"curies":[{"name":"wp","href":"https:\/\/api.w.org\/{rel}","templated":true}]}}