{"id":26264,"date":"2025-09-01T08:31:32","date_gmt":"2025-09-01T08:31:32","guid":{"rendered":"https:\/\/www.maag-polska.pl\/obrzeza-meblowe\/d30-7-natural-aurora-elm\/"},"modified":"2025-09-01T09:05:19","modified_gmt":"2025-09-01T09:05:19","slug":"d30-7-natural-aurora-elm","status":"publish","type":"product","link":"https:\/\/www.maag-polska.pl\/lt\/obrzeza-meblowe\/d30-7-natural-aurora-elm\/","title":{"rendered":"Bald\u0173 kra\u0161tai D30\/7 NATURAL AURORA ELM"},"content":{"rendered":"<div>\n<p>Profesionali PVC kra\u0161t\u0173 juosta i\u0161 nat\u016bralios guobos Aurora apdailos derina i\u0161skirtin\u012f patvarum\u0105 ir UV atsparias savybes. \u0160i gryna PVC medienos apdirbimo med\u017eiaga i\u0161laiko savo nesugadint\u0105 i\u0161vaizd\u0105 net intensyviai naudojant kasdien, atspari poveikiui ir aplinkos veiksniams. Specializuota kompozicija u\u017etikrina ilgalaik\u012f spalvos stabilum\u0105, neleid\u017eia gelsti ar i\u0161blukti, paprastai matomo standartin\u0117se kra\u0161t\u0173 juostose.<\/p>\n<p>Pakeiskite savo bald\u0173 projektus naudodami \u0161i\u0105 lengvai apdorojam\u0105 kra\u0161t\u0173 juost\u0105, kuri skland\u017eiai prilimpa prie lentos kra\u0161t\u0173. Optimizuotas storis u\u017etikrina minimal\u0173 \u0161vaistym\u0105 naudojant, i\u0161laikant profesionalius rezultatus. D\u0117l greito montavimo ir \u0161varaus pjovimo \u0161ios PVC briaun\u0173 juostos idealiai tinka efektyviam bald\u0173 kra\u0161t\u0173 apdailai, taupant brang\u0173 gamybos laik\u0105, nepakenkiant kokybei.<\/p>\n<\/div>\n","protected":false},"excerpt":{"rendered":"<p>22&#215;0,6; 22&#215;1; 22&#215;2; 28&#215;2*; 32&#215;2*; 35&#215;1*; 42&#215;2<\/p>\n","protected":false},"featured_media":22565,"comment_status":"closed","ping_status":"open","template":"","meta":{"_acf_changed":false},"product_brand":[],"product_cat":[1210],"product_tag":[],"class_list":{"0":"post-26264","1":"product","2":"type-product","3":"status-publish","4":"has-post-thumbnail","6":"product_cat-baldu-krastai","8":"first","9":"instock","10":"product-type-simple"},"acf":[],"_links":{"self":[{"href":"https:\/\/www.maag-polska.pl\/lt\/wp-json\/wp\/v2\/product\/26264","targetHints":{"allow":["GET"]}}],"collection":[{"href":"https:\/\/www.maag-polska.pl\/lt\/wp-json\/wp\/v2\/product"}],"about":[{"href":"https:\/\/www.maag-polska.pl\/lt\/wp-json\/wp\/v2\/types\/product"}],"replies":[{"embeddable":true,"href":"https:\/\/www.maag-polska.pl\/lt\/wp-json\/wp\/v2\/comments?post=26264"}],"wp:featuredmedia":[{"embeddable":true,"href":"https:\/\/www.maag-polska.pl\/lt\/wp-json\/wp\/v2\/media\/22565"}],"wp:attachment":[{"href":"https:\/\/www.maag-polska.pl\/lt\/wp-json\/wp\/v2\/media?parent=26264"}],"wp:term":[{"taxonomy":"product_brand","embeddable":true,"href":"https:\/\/www.maag-polska.pl\/lt\/wp-json\/wp\/v2\/product_brand?post=26264"},{"taxonomy":"product_cat","embeddable":true,"href":"https:\/\/www.maag-polska.pl\/lt\/wp-json\/wp\/v2\/product_cat?post=26264"},{"taxonomy":"product_tag","embeddable":true,"href":"https:\/\/www.maag-polska.pl\/lt\/wp-json\/wp\/v2\/product_tag?post=26264"}],"curies":[{"name":"wp","href":"https:\/\/api.w.org\/{rel}","templated":true}]}}