{"id":26263,"date":"2025-09-01T08:31:32","date_gmt":"2025-09-01T08:31:32","guid":{"rendered":"https:\/\/www.maag-polska.pl\/obrzeza-meblowe\/d30-6-smoked-liberty-elm\/"},"modified":"2025-09-01T09:05:19","modified_gmt":"2025-09-01T09:05:19","slug":"d30-6-smoked-liberty-elm","status":"publish","type":"product","link":"https:\/\/www.maag-polska.pl\/lt\/obrzeza-meblowe\/d30-6-smoked-liberty-elm\/","title":{"rendered":"Bald\u0173 kra\u0161tai D30\/6 SMOKED LIBERTY ELM"},"content":{"rendered":"<div>\n<p>D30\/6 WI\u0104Z LIBERTY DYMIONY kra\u0161t\u0173 juosta atspindi rafinuot\u0105 r\u016bkytos Liberty guobos esm\u0119 ir si\u016blo rafinuot\u0105 medienos ra\u0161t\u0105, kuris suteikia bald\u0173 kra\u0161tams gylio ir charakterio. Kruop\u0161\u010diai sukurtas tonas sukuria puiki\u0105 \u0161ilt\u0173 ir \u0161alt\u0173 atspalvi\u0173 pusiausvyr\u0105, tod\u0117l jis puikiai tinka Kronospan K018 PW pavir\u0161iams. Gryna PVC kompozicija u\u017etikrina puik\u0173 spalv\u0173 stabilum\u0105, i\u0161saugodama autenti\u0161k\u0105 med\u017eio i\u0161vaizd\u0105 net esant \u012fvairioms ap\u0161vietimo s\u0105lygoms.<\/p>\n<p>\u0160i universali PVC kra\u0161t\u0173 juosta puikiai tinka tiek gyvenamosioms, tiek komercin\u0117ms medienos apdirbimo med\u017eiagoms, pasi\u017eyminti UV atsparia formule, kuri laikui b\u0117gant i\u0161laiko savo i\u0161vaizd\u0105. 30 mm plotis u\u017etikrina optimal\u0173 standartinio storio plok\u0161\u010di\u0173 apr\u0117pt\u012f, o tiksli gamyba u\u017etikrina minimal\u0173 atliek\u0173 kiek\u012f apdorojimo metu. Profesional\u016bs bald\u0173 gamintojai vertina jo lengv\u0105 valdym\u0105 ir stiprias sukibimo savybes, tod\u0117l puikiai tinka spinteli\u0173, lentyn\u0173 ir nestandartini\u0173 bald\u0173 kra\u0161t\u0173 apdailai.<\/p>\n<\/div>\n","protected":false},"excerpt":{"rendered":"<p>22&#215;0,6; 22&#215;1; 22&#215;2; 28&#215;2*; 32&#215;2*; 35&#215;1*; 42&#215;2<\/p>\n","protected":false},"featured_media":22562,"comment_status":"closed","ping_status":"open","template":"","meta":{"_acf_changed":false},"product_brand":[],"product_cat":[1210],"product_tag":[],"class_list":{"0":"post-26263","1":"product","2":"type-product","3":"status-publish","4":"has-post-thumbnail","6":"product_cat-baldu-krastai","8":"first","9":"instock","10":"product-type-simple"},"acf":[],"_links":{"self":[{"href":"https:\/\/www.maag-polska.pl\/lt\/wp-json\/wp\/v2\/product\/26263","targetHints":{"allow":["GET"]}}],"collection":[{"href":"https:\/\/www.maag-polska.pl\/lt\/wp-json\/wp\/v2\/product"}],"about":[{"href":"https:\/\/www.maag-polska.pl\/lt\/wp-json\/wp\/v2\/types\/product"}],"replies":[{"embeddable":true,"href":"https:\/\/www.maag-polska.pl\/lt\/wp-json\/wp\/v2\/comments?post=26263"}],"wp:featuredmedia":[{"embeddable":true,"href":"https:\/\/www.maag-polska.pl\/lt\/wp-json\/wp\/v2\/media\/22562"}],"wp:attachment":[{"href":"https:\/\/www.maag-polska.pl\/lt\/wp-json\/wp\/v2\/media?parent=26263"}],"wp:term":[{"taxonomy":"product_brand","embeddable":true,"href":"https:\/\/www.maag-polska.pl\/lt\/wp-json\/wp\/v2\/product_brand?post=26263"},{"taxonomy":"product_cat","embeddable":true,"href":"https:\/\/www.maag-polska.pl\/lt\/wp-json\/wp\/v2\/product_cat?post=26263"},{"taxonomy":"product_tag","embeddable":true,"href":"https:\/\/www.maag-polska.pl\/lt\/wp-json\/wp\/v2\/product_tag?post=26263"}],"curies":[{"name":"wp","href":"https:\/\/api.w.org\/{rel}","templated":true}]}}