{"id":26261,"date":"2025-09-01T08:31:32","date_gmt":"2025-09-01T08:31:32","guid":{"rendered":"https:\/\/www.maag-polska.pl\/obrzeza-meblowe\/d30-3-truffle-baron-elm\/"},"modified":"2025-09-01T09:05:18","modified_gmt":"2025-09-01T09:05:18","slug":"d30-3-truffle-baron-elm","status":"publish","type":"product","link":"https:\/\/www.maag-polska.pl\/lt\/obrzeza-meblowe\/d30-3-truffle-baron-elm\/","title":{"rendered":"Bald\u0173 kra\u0161tai D30\/3 TRUFFLE BARON ELM"},"content":{"rendered":"<div>\n<p>Profesionali PVC kra\u0161t\u0173 juosta D30\/3 WI\u0104Z BARON TRUFEL atspalvio, puikiai dera prie Kronospan 5194 SN D\u0104B TRUFLOWY dekoro. \u0160i 3 mm storio medienos apdirbimo med\u017eiaga pasi\u017eymi padidintu atsparumu UV spinduliams ir spalvos stabilumu, u\u017etikrinan\u010dia ilgalaik\u0119 i\u0161vaizd\u0105. Pagaminta i\u0161 gryn\u0173 PVC jungini\u0173, briaun\u0173 juosta i\u0161laiko pastov\u0173 1,5 g\/cm\u00b3 tank\u012f ir demonstruoja puik\u0173 atsparum\u0105 sm\u016bgiams iki 15 kJ\/m\u00b2. Med\u017eiagos pavir\u0161iaus kietumas siekia 75 Shore D, o \u0161ilumin\u0117 var\u017ea svyruoja nuo -10\u00b0C iki +60\u00b0C.<\/p>\n<p>Idealiai tinka didelio srauto komerciniams baldams, ypa\u010d svetingumo ir biuro aplinkoje, kur pageidaujama triufelio \u0105\u017euolo estetikos. D\u0117l technini\u0173 briaun\u0173 klijavimo parametr\u0173 jis tinkamas CNC apdirbimui ir automatizuotoms briaun\u0173 klijavimo stakl\u0117ms, u\u017etikrinan\u010dioms \u0161varius pj\u016bvius su minimaliomis atliekomis. Rekomenduojamas spintininkams ir bald\u0173 gamintojams, dirbantiems su deran\u010diomis Kronospan plok\u0161t\u0117mis, ypa\u010d projektuose, kuriuose reikalinga tiksli lentyn\u0173, biuro stal\u0173 ir \u012fmontuot\u0173 spint\u0173 briaun\u0173 apdaila. D\u0117l \u0161ios med\u017eiagos patvarumo jis puikiai tinka baldams, kurie da\u017enai naudojami ir valomi.<\/p>\n<\/div>\n","protected":false},"excerpt":{"rendered":"<p>19&#215;0,6*; 22&#215;0,6; 22&#215;0,8; 22&#215;1; 22&#215;2; 32&#215;2*; 35&#215;1*; 42&#215;0,8; 42&#215;2<\/p>\n","protected":false},"featured_media":22556,"comment_status":"closed","ping_status":"open","template":"","meta":{"_acf_changed":false},"product_brand":[],"product_cat":[1210],"product_tag":[],"class_list":{"0":"post-26261","1":"product","2":"type-product","3":"status-publish","4":"has-post-thumbnail","6":"product_cat-baldu-krastai","8":"first","9":"instock","10":"product-type-simple"},"acf":[],"_links":{"self":[{"href":"https:\/\/www.maag-polska.pl\/lt\/wp-json\/wp\/v2\/product\/26261","targetHints":{"allow":["GET"]}}],"collection":[{"href":"https:\/\/www.maag-polska.pl\/lt\/wp-json\/wp\/v2\/product"}],"about":[{"href":"https:\/\/www.maag-polska.pl\/lt\/wp-json\/wp\/v2\/types\/product"}],"replies":[{"embeddable":true,"href":"https:\/\/www.maag-polska.pl\/lt\/wp-json\/wp\/v2\/comments?post=26261"}],"wp:featuredmedia":[{"embeddable":true,"href":"https:\/\/www.maag-polska.pl\/lt\/wp-json\/wp\/v2\/media\/22556"}],"wp:attachment":[{"href":"https:\/\/www.maag-polska.pl\/lt\/wp-json\/wp\/v2\/media?parent=26261"}],"wp:term":[{"taxonomy":"product_brand","embeddable":true,"href":"https:\/\/www.maag-polska.pl\/lt\/wp-json\/wp\/v2\/product_brand?post=26261"},{"taxonomy":"product_cat","embeddable":true,"href":"https:\/\/www.maag-polska.pl\/lt\/wp-json\/wp\/v2\/product_cat?post=26261"},{"taxonomy":"product_tag","embeddable":true,"href":"https:\/\/www.maag-polska.pl\/lt\/wp-json\/wp\/v2\/product_tag?post=26261"}],"curies":[{"name":"wp","href":"https:\/\/api.w.org\/{rel}","templated":true}]}}