{"id":26260,"date":"2025-09-01T08:31:32","date_gmt":"2025-09-01T08:31:32","guid":{"rendered":"https:\/\/www.maag-polska.pl\/obrzeza-meblowe\/d30-2-venetto-elm\/"},"modified":"2025-09-01T09:05:17","modified_gmt":"2025-09-01T09:05:17","slug":"d30-2-venetto-elm","status":"publish","type":"product","link":"https:\/\/www.maag-polska.pl\/lt\/obrzeza-meblowe\/d30-2-venetto-elm\/","title":{"rendered":"Bald\u0173 kra\u0161tai D30\/2 VENETTO ELM"},"content":{"rendered":"<div>\n<p>Profesionali PVC kra\u0161t\u0173 juosta su WI\u0104Z VENETO apdaila u\u017etikrina i\u0161skirtin\u012f atsparum\u0105 kasdieniam nusid\u0117v\u0117jimui. \u0160i gryna PVC medienos apdirbimo med\u017eiaga i\u0161laiko savo strukt\u016brin\u012f vientisum\u0105 net ir intensyviai naudojant, tod\u0117l pasi\u017eymi padidintu atsparumu UV spinduliams, kad i\u0161vengt\u0173 spalvos i\u0161blukimo. Tvirta kra\u0161t\u0173 juostos sud\u0117tis atlaiko sm\u016bgius, dr\u0117gm\u0119 ir temperat\u016bros poky\u010dius, i\u0161saugodama autenti\u0161k\u0105 Venecijos guobos i\u0161vaizd\u0105.<\/p>\n<p>Supaprastinkite savo bald\u0173 gamyb\u0105 naudodami \u0161i\u0105 tiksliai pagamint\u0105 kra\u0161t\u0173 juost\u0105, kuri skland\u017eiai prilimpa prie lentos kra\u0161t\u0173. Optimizuotas storis u\u017etikrina \u0161varius pj\u016bvius su minimaliu atliek\u0173 kiekiu, o nuosekli med\u017eiagos strukt\u016bra leid\u017eia greitai \u012fjungti \u0161ilum\u0105. Puikiai suderinus spalvas su Kronospan 5117 PS pavir\u0161iais, nereikia taisyti, tod\u0117l sutaupoma brangaus dirbtuv\u0117s laiko baldo kra\u0161t\u0173 apdailos metu.<\/p>\n<\/div>\n","protected":false},"excerpt":{"rendered":"<p>22&#215;0,6; 22&#215;0,8; 22&#215;1; 22&#215;2; 32&#215;2*; 35&#215;1*; 42&#215;0,8; 42&#215;2<\/p>\n","protected":false},"featured_media":22553,"comment_status":"closed","ping_status":"open","template":"","meta":{"_acf_changed":false},"product_brand":[],"product_cat":[1210],"product_tag":[],"class_list":{"0":"post-26260","1":"product","2":"type-product","3":"status-publish","4":"has-post-thumbnail","6":"product_cat-baldu-krastai","8":"first","9":"instock","10":"product-type-simple"},"acf":[],"_links":{"self":[{"href":"https:\/\/www.maag-polska.pl\/lt\/wp-json\/wp\/v2\/product\/26260","targetHints":{"allow":["GET"]}}],"collection":[{"href":"https:\/\/www.maag-polska.pl\/lt\/wp-json\/wp\/v2\/product"}],"about":[{"href":"https:\/\/www.maag-polska.pl\/lt\/wp-json\/wp\/v2\/types\/product"}],"replies":[{"embeddable":true,"href":"https:\/\/www.maag-polska.pl\/lt\/wp-json\/wp\/v2\/comments?post=26260"}],"wp:featuredmedia":[{"embeddable":true,"href":"https:\/\/www.maag-polska.pl\/lt\/wp-json\/wp\/v2\/media\/22553"}],"wp:attachment":[{"href":"https:\/\/www.maag-polska.pl\/lt\/wp-json\/wp\/v2\/media?parent=26260"}],"wp:term":[{"taxonomy":"product_brand","embeddable":true,"href":"https:\/\/www.maag-polska.pl\/lt\/wp-json\/wp\/v2\/product_brand?post=26260"},{"taxonomy":"product_cat","embeddable":true,"href":"https:\/\/www.maag-polska.pl\/lt\/wp-json\/wp\/v2\/product_cat?post=26260"},{"taxonomy":"product_tag","embeddable":true,"href":"https:\/\/www.maag-polska.pl\/lt\/wp-json\/wp\/v2\/product_tag?post=26260"}],"curies":[{"name":"wp","href":"https:\/\/api.w.org\/{rel}","templated":true}]}}