{"id":26251,"date":"2025-09-01T08:31:12","date_gmt":"2025-09-01T08:31:12","guid":{"rendered":"https:\/\/www.maag-polska.pl\/obrzeza-meblowe\/d3-1-beech\/"},"modified":"2025-09-01T09:05:06","modified_gmt":"2025-09-01T09:05:06","slug":"d3-1-beech","status":"publish","type":"product","link":"https:\/\/www.maag-polska.pl\/lt\/obrzeza-meblowe\/d3-1-beech\/","title":{"rendered":"Bald\u0173 kra\u0161tai D3\/1 BEECH"},"content":{"rendered":"<div>\n<p>Kruop\u0161\u010diai sukurta D3\/1 BUK PVC kra\u0161t\u0173 juosta u\u017efiksuoja autenti\u0161k\u0105 buko medienos \u0161ilum\u0105, si\u016blydama skland\u0173 per\u0117jim\u0105 tarp pavir\u0161iaus ir kra\u0161to. Gryna PVC kompozicija u\u017etikrina i\u0161skirtin\u012f spalvos stabilum\u0105, i\u0161laiko nat\u016brali\u0105 i\u0161vaizd\u0105 net ir ilgai veikiant saul\u0117s \u0161viesai d\u0117l pa\u017eangi\u0173 UV atspari\u0173 savybi\u0173. Kiekvienas ritinys pasi\u017eymi nuoseklia, \u012f medien\u0105 pana\u0161ia tekst\u016bra, kuri puikiai dera prie \u0161iuolaikini\u0173 bald\u0173 dizaino, tuo pa\u010diu suteikia rafinuot\u0105 apdail\u0105, kuri nesiskiria nuo nat\u016bralios faneros apvad\u0173.<\/p>\n<p>\u0160i universali medienos apdirbimo med\u017eiaga puikiai tinka tiek rankiniu, tiek automatizuotu briaun\u0173 klijavimo procesu, nesunkiai pritaikoma prie \u012fvairi\u0173 bald\u0173 gamybos poreiki\u0173. D3\/1 BUK kra\u0161t\u0173 juostos tikslios konstrukcijos leid\u017eia atlikti \u0161varius pj\u016bvius su minimaliu atliek\u0173 kiekiu, tod\u0117l puikiai tinka viskam \u2013 nuo spinteli\u0173 kra\u0161t\u0173 iki lentyn\u0173. Jo sm\u016bgiams atspari strukt\u016bra u\u017etikrina ilgalaik\u012f patvarum\u0105 intensyvaus eismo s\u0105lygomis, o optimizuotos sukibimo savyb\u0117s garantuoja saug\u0173 sukibim\u0105 su \u012fvairiomis pagrindo med\u017eiagomis. Puikiai tinka profesionaliems medienos apdirbtojams, ie\u0161kantiems patikim\u0173 bald\u0173 kra\u0161t\u0173 apdailos projekt\u0173.<\/p>\n<\/div>\n","protected":false},"excerpt":{"rendered":"<p>22&#215;0,6; 22&#215;1; 22&#215;2; 28&#215;2*; 32&#215;2*; 35&#215;1*; 42&#215;2<\/p>\n","protected":false},"featured_media":22526,"comment_status":"closed","ping_status":"open","template":"","meta":{"_acf_changed":false},"product_brand":[],"product_cat":[1210],"product_tag":[],"class_list":{"0":"post-26251","1":"product","2":"type-product","3":"status-publish","4":"has-post-thumbnail","6":"product_cat-baldu-krastai","8":"first","9":"instock","10":"product-type-simple"},"acf":[],"_links":{"self":[{"href":"https:\/\/www.maag-polska.pl\/lt\/wp-json\/wp\/v2\/product\/26251","targetHints":{"allow":["GET"]}}],"collection":[{"href":"https:\/\/www.maag-polska.pl\/lt\/wp-json\/wp\/v2\/product"}],"about":[{"href":"https:\/\/www.maag-polska.pl\/lt\/wp-json\/wp\/v2\/types\/product"}],"replies":[{"embeddable":true,"href":"https:\/\/www.maag-polska.pl\/lt\/wp-json\/wp\/v2\/comments?post=26251"}],"wp:featuredmedia":[{"embeddable":true,"href":"https:\/\/www.maag-polska.pl\/lt\/wp-json\/wp\/v2\/media\/22526"}],"wp:attachment":[{"href":"https:\/\/www.maag-polska.pl\/lt\/wp-json\/wp\/v2\/media?parent=26251"}],"wp:term":[{"taxonomy":"product_brand","embeddable":true,"href":"https:\/\/www.maag-polska.pl\/lt\/wp-json\/wp\/v2\/product_brand?post=26251"},{"taxonomy":"product_cat","embeddable":true,"href":"https:\/\/www.maag-polska.pl\/lt\/wp-json\/wp\/v2\/product_cat?post=26251"},{"taxonomy":"product_tag","embeddable":true,"href":"https:\/\/www.maag-polska.pl\/lt\/wp-json\/wp\/v2\/product_tag?post=26251"}],"curies":[{"name":"wp","href":"https:\/\/api.w.org\/{rel}","templated":true}]}}