{"id":26250,"date":"2025-09-01T08:31:12","date_gmt":"2025-09-01T08:31:12","guid":{"rendered":"https:\/\/www.maag-polska.pl\/obrzeza-meblowe\/d29-5-smoked-kala-ash\/"},"modified":"2025-09-01T09:05:06","modified_gmt":"2025-09-01T09:05:06","slug":"d29-5-smoked-kala-ash","status":"publish","type":"product","link":"https:\/\/www.maag-polska.pl\/lt\/obrzeza-meblowe\/d29-5-smoked-kala-ash\/","title":{"rendered":"Bald\u0173 kra\u0161tai D29\/5 SMOKED KALA ASH"},"content":{"rendered":"<div>\n<p>Tiksliai suprojektuota PVC kra\u0161t\u0173 juosta D29\/5 JESION KALA DYMIONY pasi\u017eymi i\u0161skirtiniu techniniu na\u0161umu d\u0117l pa\u017eangios UV spinduliams atsparios formul\u0117s. 2 mm storis u\u017etikrina optimal\u0173 atsparum\u0105 sm\u016bgiams, i\u0161laikant tiksl\u0173 spalv\u0173 derinim\u0105 su Kronospan K548 PW pavir\u0161iais. \u0160i gryna PVC kompozicija pasiekia patikrint\u0105 98,7 % spalvos stabilumo \u012fvertinim\u0105, atlikus pagreitinto sen\u0117jimo bandymus, tod\u0117l idealiai tinka didel\u0117s paklausos medienos apdirbimo med\u017eiagoms. Speciali briaunos juostos pavir\u0161iaus strukt\u016bra leid\u017eia atlikti \u0161varius, tikslius pj\u016bvius su minimaliomis atliekomis CNC apdorojimo metu.<\/p>\n<p>Supaprastinkite savo bald\u0173 gamyb\u0105 naudodami \u0161\u012f ekonomi\u0161k\u0105 JESION KALA DYMIONY briaun\u0173 klijavimo sprendim\u0105, kuris suma\u017eina med\u017eiag\u0173 \u0161vaistym\u0105 iki 23%, palyginti su standartin\u0117mis alternatyvomis. Optimizuotos sukibimo savyb\u0117s suma\u017eina apdorojimo laik\u0105 ir u\u017etikrina ilgalaik\u012f patvarum\u0105 tiek gyvenamosiose, tiek komercin\u0117se patalpose. Puikiai tinka \u0161iuolaikinei spinteli\u0173 gamybai, \u0161i PVC kra\u0161t\u0173 juosta i\u0161laiko d\u016bm\u0173 pelen\u0173 i\u0161vaizd\u0105 net intensyviai naudojant kasdien, apsaugodama j\u016bs\u0173 investicijas suma\u017eindama prie\u017ei\u016bros ir keitimo i\u0161laidas. Jo universalus taikymo b\u016bdas skland\u017eiai veikia su visomis standartin\u0117mis briaun\u0173 klijavimo stakl\u0117mis, maksimaliai padidindamas esamos \u012frangos efektyvum\u0105.<\/p>\n<\/div>\n","protected":false},"excerpt":{"rendered":"<p>22&#215;0,6; 22&#215;0,8; 22&#215;2; 35&#215;1*; 42&#215;2<\/p>\n","protected":false},"featured_media":22525,"comment_status":"closed","ping_status":"open","template":"","meta":{"_acf_changed":false},"product_brand":[],"product_cat":[1210],"product_tag":[],"class_list":{"0":"post-26250","1":"product","2":"type-product","3":"status-publish","4":"has-post-thumbnail","6":"product_cat-baldu-krastai","8":"first","9":"instock","10":"product-type-simple"},"acf":[],"_links":{"self":[{"href":"https:\/\/www.maag-polska.pl\/lt\/wp-json\/wp\/v2\/product\/26250","targetHints":{"allow":["GET"]}}],"collection":[{"href":"https:\/\/www.maag-polska.pl\/lt\/wp-json\/wp\/v2\/product"}],"about":[{"href":"https:\/\/www.maag-polska.pl\/lt\/wp-json\/wp\/v2\/types\/product"}],"replies":[{"embeddable":true,"href":"https:\/\/www.maag-polska.pl\/lt\/wp-json\/wp\/v2\/comments?post=26250"}],"wp:featuredmedia":[{"embeddable":true,"href":"https:\/\/www.maag-polska.pl\/lt\/wp-json\/wp\/v2\/media\/22525"}],"wp:attachment":[{"href":"https:\/\/www.maag-polska.pl\/lt\/wp-json\/wp\/v2\/media?parent=26250"}],"wp:term":[{"taxonomy":"product_brand","embeddable":true,"href":"https:\/\/www.maag-polska.pl\/lt\/wp-json\/wp\/v2\/product_brand?post=26250"},{"taxonomy":"product_cat","embeddable":true,"href":"https:\/\/www.maag-polska.pl\/lt\/wp-json\/wp\/v2\/product_cat?post=26250"},{"taxonomy":"product_tag","embeddable":true,"href":"https:\/\/www.maag-polska.pl\/lt\/wp-json\/wp\/v2\/product_tag?post=26250"}],"curies":[{"name":"wp","href":"https:\/\/api.w.org\/{rel}","templated":true}]}}