{"id":26243,"date":"2025-09-01T08:31:12","date_gmt":"2025-09-01T08:31:12","guid":{"rendered":"https:\/\/www.maag-polska.pl\/obrzeza-meblowe\/d26-2-cinnamon-acacia\/"},"modified":"2025-09-01T09:05:01","modified_gmt":"2025-09-01T09:05:01","slug":"d26-2-cinnamon-acacia","status":"publish","type":"product","link":"https:\/\/www.maag-polska.pl\/lt\/obrzeza-meblowe\/d26-2-cinnamon-acacia\/","title":{"rendered":"Bald\u0173 kra\u0161tai D26\/2 CINNAMON ACACIA"},"content":{"rendered":"<div>\n<p>\u0160ilta cinamono atspalvio akacijos PVC kra\u0161t\u0173 juostel\u0117, atspindinti autenti\u0161k\u0105 nat\u016bralaus med\u017eio gr\u016bd\u0173 \u017eaves\u012f, si\u016blanti vientis\u0105 aukso rud\u0173 atspalvi\u0173 ir subtili\u0173 variacij\u0173 derin\u012f. \u0160i kra\u0161t\u0173 juosta sukuria harmoning\u0105 vizualin\u012f per\u0117jim\u0105 i\u0161ilgai bald\u0173 kra\u0161t\u0173 ir pasi\u017eymi kruop\u0161\u010diai sukalibruota pavir\u0161iaus tekst\u016bra, kuri atspindi tikr\u0105 akacijos med\u017eio ra\u0161t\u0105.<\/p>\n<p>\u0160i gryno PVC kra\u0161t\u0173 juosta, sukurta \u012fvairiems medienos apdirbimo darbams, puikiai tinka tiek gyvenam\u0173j\u0173, tiek komercini\u0173 bald\u0173 projektams. Med\u017eiagos UV spinduliams atspari sud\u0117tis i\u0161laiko spalvos stabilum\u0105 net ir ilgai veikiant, o optimizuotas storis u\u017etikrina \u0161varius pj\u016bvius ir minimal\u0173 atliek\u0173 kiek\u012f apdorojimo metu. Puikiai tinka virtuv\u0117s spinteli\u0173, biuro bald\u0173 ir ma\u017emenin\u0117s prekybos vitrin\u0173 apvadui, kai ilgaam\u017ei\u0161kumas atitinka dizaino reikalavimus.<\/p>\n<\/div>\n","protected":false},"excerpt":{"rendered":"<p>22&#215;0,6; 22&#215;1; 22&#215;2; 32&#215;2*; 35&#215;1*; 42&#215;2<\/p>\n","protected":false},"featured_media":22518,"comment_status":"closed","ping_status":"open","template":"","meta":{"_acf_changed":false},"product_brand":[],"product_cat":[1210],"product_tag":[],"class_list":{"0":"post-26243","1":"product","2":"type-product","3":"status-publish","4":"has-post-thumbnail","6":"product_cat-baldu-krastai","8":"first","9":"instock","10":"product-type-simple"},"acf":[],"_links":{"self":[{"href":"https:\/\/www.maag-polska.pl\/lt\/wp-json\/wp\/v2\/product\/26243","targetHints":{"allow":["GET"]}}],"collection":[{"href":"https:\/\/www.maag-polska.pl\/lt\/wp-json\/wp\/v2\/product"}],"about":[{"href":"https:\/\/www.maag-polska.pl\/lt\/wp-json\/wp\/v2\/types\/product"}],"replies":[{"embeddable":true,"href":"https:\/\/www.maag-polska.pl\/lt\/wp-json\/wp\/v2\/comments?post=26243"}],"wp:featuredmedia":[{"embeddable":true,"href":"https:\/\/www.maag-polska.pl\/lt\/wp-json\/wp\/v2\/media\/22518"}],"wp:attachment":[{"href":"https:\/\/www.maag-polska.pl\/lt\/wp-json\/wp\/v2\/media?parent=26243"}],"wp:term":[{"taxonomy":"product_brand","embeddable":true,"href":"https:\/\/www.maag-polska.pl\/lt\/wp-json\/wp\/v2\/product_brand?post=26243"},{"taxonomy":"product_cat","embeddable":true,"href":"https:\/\/www.maag-polska.pl\/lt\/wp-json\/wp\/v2\/product_cat?post=26243"},{"taxonomy":"product_tag","embeddable":true,"href":"https:\/\/www.maag-polska.pl\/lt\/wp-json\/wp\/v2\/product_tag?post=26243"}],"curies":[{"name":"wp","href":"https:\/\/api.w.org\/{rel}","templated":true}]}}