{"id":26242,"date":"2025-09-01T08:31:12","date_gmt":"2025-09-01T08:31:12","guid":{"rendered":"https:\/\/www.maag-polska.pl\/obrzeza-meblowe\/d26-1-acacia\/"},"modified":"2025-09-01T09:05:00","modified_gmt":"2025-09-01T09:05:00","slug":"d26-1-acacia","status":"publish","type":"product","link":"https:\/\/www.maag-polska.pl\/lt\/obrzeza-meblowe\/d26-1-acacia\/","title":{"rendered":"Bald\u0173 kra\u0161tai D26\/1 ACACIA"},"content":{"rendered":"<div>\n<p>Auk\u0161tos kokyb\u0117s PVC kra\u0161t\u0173 juostos, sukurtos taip, kad atitikt\u0173 Pfleiderer R35013 ML ir Woodeco PD7010 BRZOZA OJC\u00d3W dekorus. Pagaminta naudojant pa\u017eangius UV spindulius stabilizuojan\u010dius junginius, kurie u\u017etikrina i\u0161skirtin\u012f spalvos i\u0161laikym\u0105 ir pavir\u0161iaus vientisum\u0105. Gryna PVC kompozicija u\u017etikrina 220\u00b0C apdorojimo temperat\u016bros tolerancij\u0105 ir i\u0161laiko matmen\u0173 stabilum\u0105 \u012fvairiomis aplinkos s\u0105lygomis. Turi tiksliai kalibruot\u0105 2 mm stor\u012f su \u00b1 0,02 mm tolerancija optimaliam sukibimui ir skland\u017eiai integracijai su plok\u0161\u010di\u0173 med\u017eiagomis.<\/p>\n<p>Supaprastinkite savo bald\u0173 gamyb\u0105 naudodami \u0161\u012f ekonomi\u0161k\u0105 briaun\u0173 klijavimo sprendim\u0105, kuris suma\u017eina med\u017eiag\u0173 \u0161vaistym\u0105 d\u0117l tiksli\u0173 pjovimo savybi\u0173. Specializuota pavir\u0161iaus strukt\u016bra u\u017etikrina efektyv\u0173 apdorojimo greit\u012f, i\u0161laikant puik\u0173 sukibim\u0105, tiesiogiai prisidedant prie ma\u017eesni\u0173 darbo s\u0105naud\u0173. Idealiai tinka didel\u0117s apimties medienos apdirbimo med\u017eiagoms, ypa\u010d komercin\u0117je bald\u0173 gamyboje, kur ilgaam\u017ei\u0161kumas atitinka estetinius reikalavimus. Padid\u0117j\u0119s atsparumas \u012fbr\u0117\u017eimams rei\u0161kia ma\u017eiau pakeitim\u0173 ir pretenzij\u0173 d\u0117l garantijos, optimizuojant ilgalaikes investicijas.<\/p>\n<\/div>\n","protected":false},"excerpt":{"rendered":"<p>19&#215;2*; 22&#215;0,6; 22&#215;1; 22&#215;2; 28&#215;2*; 32&#215;2*; 35&#215;1*; 42&#215;2<\/p>\n","protected":false},"featured_media":22517,"comment_status":"closed","ping_status":"open","template":"","meta":{"_acf_changed":false},"product_brand":[],"product_cat":[1210],"product_tag":[],"class_list":{"0":"post-26242","1":"product","2":"type-product","3":"status-publish","4":"has-post-thumbnail","6":"product_cat-baldu-krastai","8":"first","9":"instock","10":"product-type-simple"},"acf":[],"_links":{"self":[{"href":"https:\/\/www.maag-polska.pl\/lt\/wp-json\/wp\/v2\/product\/26242","targetHints":{"allow":["GET"]}}],"collection":[{"href":"https:\/\/www.maag-polska.pl\/lt\/wp-json\/wp\/v2\/product"}],"about":[{"href":"https:\/\/www.maag-polska.pl\/lt\/wp-json\/wp\/v2\/types\/product"}],"replies":[{"embeddable":true,"href":"https:\/\/www.maag-polska.pl\/lt\/wp-json\/wp\/v2\/comments?post=26242"}],"wp:featuredmedia":[{"embeddable":true,"href":"https:\/\/www.maag-polska.pl\/lt\/wp-json\/wp\/v2\/media\/22517"}],"wp:attachment":[{"href":"https:\/\/www.maag-polska.pl\/lt\/wp-json\/wp\/v2\/media?parent=26242"}],"wp:term":[{"taxonomy":"product_brand","embeddable":true,"href":"https:\/\/www.maag-polska.pl\/lt\/wp-json\/wp\/v2\/product_brand?post=26242"},{"taxonomy":"product_cat","embeddable":true,"href":"https:\/\/www.maag-polska.pl\/lt\/wp-json\/wp\/v2\/product_cat?post=26242"},{"taxonomy":"product_tag","embeddable":true,"href":"https:\/\/www.maag-polska.pl\/lt\/wp-json\/wp\/v2\/product_tag?post=26242"}],"curies":[{"name":"wp","href":"https:\/\/api.w.org\/{rel}","templated":true}]}}