{"id":26239,"date":"2025-09-01T08:31:12","date_gmt":"2025-09-01T08:31:12","guid":{"rendered":"https:\/\/www.maag-polska.pl\/obrzeza-meblowe\/d25-1-chestnut\/"},"modified":"2025-09-01T09:04:58","modified_gmt":"2025-09-01T09:04:58","slug":"d25-1-chestnut","status":"publish","type":"product","link":"https:\/\/www.maag-polska.pl\/lt\/obrzeza-meblowe\/d25-1-chestnut\/","title":{"rendered":"Bald\u0173 kra\u0161tai D25\/1 CHESTNUT"},"content":{"rendered":"<div>\n<p>Sodraus ka\u0161ton\u0173 atspalvio PVC kra\u0161t\u0173 juosta, kuri u\u017efiksuoja autenti\u0161k\u0105 nat\u016bralaus med\u017eio gr\u016bd\u0173 \u0161ilum\u0105, si\u016blanti vientis\u0105 estetikos ir funkcionalumo derin\u012f. D25\/1 KASZTAN u\u017etikrina vienod\u0105 spalv\u0173 gyl\u012f ir rafinuot\u0105 matin\u0119 apdail\u0105, kuri pagerina \u0161iuolaikini\u0173 bald\u0173 dizain\u0105. Gryna PVC sud\u0117tis u\u017etikrina vienod\u0105 tekst\u016br\u0105 ir i\u0161skirtin\u012f spalv\u0173 stabilum\u0105, i\u0161laiko patraukli\u0105 i\u0161vaizd\u0105 net ir ilgai veikiant nat\u016braliai \u0161viesai.<\/p>\n<p>\u0160i universali briaun\u0173 juosta puikiai tinka tiek gyvenamiesiems, tiek komerciniams medienos apdirbimo projektams, u\u017etikrindama patikim\u0105 atsparum\u0105 UV spinduliams ir bald\u0173 kra\u0161t\u0173 apsaug\u0105 nuo sm\u016bgi\u0173. Optimalus med\u017eiagos storis u\u017etikrina lengv\u0105 apdirbim\u0105 naudojant standartin\u0119 \u012frang\u0105, tod\u0117l dengiant susidaro minimalus atliek\u0173 kiekis. Nesvarbu, ar kuriate biuro baldus, virtuv\u0117s spinteles ar ma\u017emenin\u0117s prekybos vitrinas, \u0161i kra\u0161t\u0173 juosta i\u0161laiko savo strukt\u016brin\u012f vientisum\u0105 ir u\u017etikrina profesional\u0173 \u012fvairi\u0173 bald\u0173 med\u017eiag\u0173 apdailos rezultatus.<\/p>\n<\/div>\n","protected":false},"excerpt":{"rendered":"<p>22&#215;0,6; 22&#215;1; 22&#215;2; 32&#215;2*; 35&#215;1*; 42&#215;2<\/p>\n","protected":false},"featured_media":22514,"comment_status":"closed","ping_status":"open","template":"","meta":{"_acf_changed":false},"product_brand":[],"product_cat":[1210],"product_tag":[],"class_list":{"0":"post-26239","1":"product","2":"type-product","3":"status-publish","4":"has-post-thumbnail","6":"product_cat-baldu-krastai","8":"first","9":"instock","10":"product-type-simple"},"acf":[],"_links":{"self":[{"href":"https:\/\/www.maag-polska.pl\/lt\/wp-json\/wp\/v2\/product\/26239","targetHints":{"allow":["GET"]}}],"collection":[{"href":"https:\/\/www.maag-polska.pl\/lt\/wp-json\/wp\/v2\/product"}],"about":[{"href":"https:\/\/www.maag-polska.pl\/lt\/wp-json\/wp\/v2\/types\/product"}],"replies":[{"embeddable":true,"href":"https:\/\/www.maag-polska.pl\/lt\/wp-json\/wp\/v2\/comments?post=26239"}],"wp:featuredmedia":[{"embeddable":true,"href":"https:\/\/www.maag-polska.pl\/lt\/wp-json\/wp\/v2\/media\/22514"}],"wp:attachment":[{"href":"https:\/\/www.maag-polska.pl\/lt\/wp-json\/wp\/v2\/media?parent=26239"}],"wp:term":[{"taxonomy":"product_brand","embeddable":true,"href":"https:\/\/www.maag-polska.pl\/lt\/wp-json\/wp\/v2\/product_brand?post=26239"},{"taxonomy":"product_cat","embeddable":true,"href":"https:\/\/www.maag-polska.pl\/lt\/wp-json\/wp\/v2\/product_cat?post=26239"},{"taxonomy":"product_tag","embeddable":true,"href":"https:\/\/www.maag-polska.pl\/lt\/wp-json\/wp\/v2\/product_tag?post=26239"}],"curies":[{"name":"wp","href":"https:\/\/api.w.org\/{rel}","templated":true}]}}