{"id":26238,"date":"2025-09-01T08:31:12","date_gmt":"2025-09-01T08:31:12","guid":{"rendered":"https:\/\/www.maag-polska.pl\/obrzeza-meblowe\/d23-1-coco-bolo\/"},"modified":"2025-09-01T09:04:57","modified_gmt":"2025-09-01T09:04:57","slug":"d23-1-coco-bolo","status":"publish","type":"product","link":"https:\/\/www.maag-polska.pl\/lt\/obrzeza-meblowe\/d23-1-coco-bolo\/","title":{"rendered":"Bald\u0173 kra\u0161tai D23\/1 COCO BOLO"},"content":{"rendered":"<div>\n<p>Auk\u0161tos kokyb\u0117s PVC kra\u0161t\u0173 juosta, sukurta taip, kad atitikt\u0173 D23\/1 COCO BOLO dekor\u0105, pasi\u017eyminti pa\u017eangia polimero kompozicija, u\u017etikrinan\u010dia puik\u0173 atsparum\u0105 UV spinduliams. 3 sluoksni\u0173 gamybos procesas u\u017etikrina i\u0161skirtin\u012f spalv\u0173 stabilum\u0105 ir atsparum\u0105 dilimui iki 100 000 cikl\u0173. \u0160i gryna PVC formul\u0117 i\u0161laiko matmen\u0173 stabilum\u0105 nuo -20\u00b0C iki +80\u00b0C temperat\u016broje, tod\u0117l puikiai tinka \u012fvairioms medienos apdirbimo med\u017eiagoms ir pritaikymams.<\/p>\n<p>Tiksliai suderinta su Kronospan 8995 BS ir suderinama su Pfleiderer R34033 NW apdaila, \u0161i bald\u0173 briaun\u0173 juosta u\u017etikrina optimal\u0173 s\u0105naud\u0173 efektyvum\u0105, nes suma\u017e\u0117ja atliek\u0173 kiekis ir supaprastintas apdorojimas. Specializuota pavir\u0161iaus strukt\u016bra u\u017etikrina puik\u0173 sukibim\u0105 ir suma\u017eina med\u017eiagos s\u0105naudas, paprastai pasiekiant 95% med\u017eiagos panaudojimo. Idealiai tinka didel\u0117s apimties bald\u0173 gamybai d\u0117l greito apdorojimo iki 25 m\/min grei\u010diu.<\/p>\n<\/div>\n","protected":false},"excerpt":{"rendered":"<p>22&#215;0,6; 22&#215;0,8; 22&#215;1; 22&#215;2; 28&#215;2*; 32&#215;2*; 35&#215;1*; 42&#215;0,8; 42&#215;2<\/p>\n","protected":false},"featured_media":22513,"comment_status":"closed","ping_status":"open","template":"","meta":{"_acf_changed":false},"product_brand":[],"product_cat":[1210],"product_tag":[],"class_list":{"0":"post-26238","1":"product","2":"type-product","3":"status-publish","4":"has-post-thumbnail","6":"product_cat-baldu-krastai","8":"first","9":"instock","10":"product-type-simple"},"acf":[],"_links":{"self":[{"href":"https:\/\/www.maag-polska.pl\/lt\/wp-json\/wp\/v2\/product\/26238","targetHints":{"allow":["GET"]}}],"collection":[{"href":"https:\/\/www.maag-polska.pl\/lt\/wp-json\/wp\/v2\/product"}],"about":[{"href":"https:\/\/www.maag-polska.pl\/lt\/wp-json\/wp\/v2\/types\/product"}],"replies":[{"embeddable":true,"href":"https:\/\/www.maag-polska.pl\/lt\/wp-json\/wp\/v2\/comments?post=26238"}],"wp:featuredmedia":[{"embeddable":true,"href":"https:\/\/www.maag-polska.pl\/lt\/wp-json\/wp\/v2\/media\/22513"}],"wp:attachment":[{"href":"https:\/\/www.maag-polska.pl\/lt\/wp-json\/wp\/v2\/media?parent=26238"}],"wp:term":[{"taxonomy":"product_brand","embeddable":true,"href":"https:\/\/www.maag-polska.pl\/lt\/wp-json\/wp\/v2\/product_brand?post=26238"},{"taxonomy":"product_cat","embeddable":true,"href":"https:\/\/www.maag-polska.pl\/lt\/wp-json\/wp\/v2\/product_cat?post=26238"},{"taxonomy":"product_tag","embeddable":true,"href":"https:\/\/www.maag-polska.pl\/lt\/wp-json\/wp\/v2\/product_tag?post=26238"}],"curies":[{"name":"wp","href":"https:\/\/api.w.org\/{rel}","templated":true}]}}