{"id":26237,"date":"2025-09-01T08:30:51","date_gmt":"2025-09-01T08:30:51","guid":{"rendered":"https:\/\/www.maag-polska.pl\/obrzeza-meblowe\/d22-1-legno-tabac\/"},"modified":"2025-09-01T09:04:53","modified_gmt":"2025-09-01T09:04:53","slug":"d22-1-legno-tabac","status":"publish","type":"product","link":"https:\/\/www.maag-polska.pl\/lt\/obrzeza-meblowe\/d22-1-legno-tabac\/","title":{"rendered":"Bald\u0173 kra\u0161tai D22\/1 LEGNO TABAC"},"content":{"rendered":"<div>\n<p>Auk\u0161\u010diausios kokyb\u0117s D22\/1 LEGNO TABAC PVC kra\u0161t\u0173 juostos u\u017etikrina i\u0161skirtines technines charakteristikas \u2013 2 mm storis ir standartizuotos plo\u010dio galimyb\u0117s. \u0160i gryna PVC kompozicija u\u017etikrina puik\u0173 atsparum\u0105 UV spinduliams ir spalvos stabilum\u0105 per vis\u0105 naudojimo laik\u0105. Med\u017eiaga i\u0161laiko matmen\u0173 tikslum\u0105 su \u00b10,10 mm tolerancija, o pavir\u0161iaus tekst\u016bra yra kruop\u0161\u010diai sukurta, atitinkanti \u0161iuolaikines medienos apdail\u0105. Specializuota briaun\u0173 juostos formul\u0117 pasiekia 82\u00b13 Shore D kietum\u0105, u\u017etikrinant\u012f optimal\u0173 atsparum\u0105 sm\u016bgiams, i\u0161laikant lankstum\u0105 tiksliam apdirbimui.<\/p>\n<p>Ypa\u010d tinka auk\u0161tos klas\u0117s bald\u0173 gamybai, kur tabako medienos estetika atitinka funkcinius reikalavimus. \u0160i med\u017eio apdirbimo med\u017eiaga puikiai tinka komercin\u0117ms spintel\u0117ms, biuro bald\u0173 sistemoms ir ma\u017emenin\u0117s prekybos vitrinoms, kurioms reikalinga pastovi briaun\u0173 kokyb\u0117. D\u0117l tikslaus spalv\u0173 derinimo ir gr\u016bd\u0117tumo modelio jis idealiai tinka auk\u0161\u010diausios kokyb\u0117s gyvenam\u0173j\u0173 bald\u0173 briaunoms, ypa\u010d aplinkoje, kurioje \u0161viesa skiriasi. Profesional\u016bs medienos apdirb\u0117jai turi naudos d\u0117l lengvo apdirbimo ir minimali\u0173 atliek\u0173 naudojimo metu, tod\u0117l jis yra ekonomi\u0161kas tiek didel\u0117ms gamybos serijoms, tiek individualiems baldams.<\/p>\n<\/div>\n","protected":false},"excerpt":{"rendered":"<p>22&#215;0,6; 22&#215;1; 22&#215;2; 28&#215;2*; 32&#215;2*; 35&#215;1*; 42&#215;2<\/p>\n","protected":false},"featured_media":22512,"comment_status":"closed","ping_status":"open","template":"","meta":{"_acf_changed":false},"product_brand":[],"product_cat":[1210],"product_tag":[],"class_list":{"0":"post-26237","1":"product","2":"type-product","3":"status-publish","4":"has-post-thumbnail","6":"product_cat-baldu-krastai","8":"first","9":"instock","10":"product-type-simple"},"acf":[],"_links":{"self":[{"href":"https:\/\/www.maag-polska.pl\/lt\/wp-json\/wp\/v2\/product\/26237","targetHints":{"allow":["GET"]}}],"collection":[{"href":"https:\/\/www.maag-polska.pl\/lt\/wp-json\/wp\/v2\/product"}],"about":[{"href":"https:\/\/www.maag-polska.pl\/lt\/wp-json\/wp\/v2\/types\/product"}],"replies":[{"embeddable":true,"href":"https:\/\/www.maag-polska.pl\/lt\/wp-json\/wp\/v2\/comments?post=26237"}],"wp:featuredmedia":[{"embeddable":true,"href":"https:\/\/www.maag-polska.pl\/lt\/wp-json\/wp\/v2\/media\/22512"}],"wp:attachment":[{"href":"https:\/\/www.maag-polska.pl\/lt\/wp-json\/wp\/v2\/media?parent=26237"}],"wp:term":[{"taxonomy":"product_brand","embeddable":true,"href":"https:\/\/www.maag-polska.pl\/lt\/wp-json\/wp\/v2\/product_brand?post=26237"},{"taxonomy":"product_cat","embeddable":true,"href":"https:\/\/www.maag-polska.pl\/lt\/wp-json\/wp\/v2\/product_cat?post=26237"},{"taxonomy":"product_tag","embeddable":true,"href":"https:\/\/www.maag-polska.pl\/lt\/wp-json\/wp\/v2\/product_tag?post=26237"}],"curies":[{"name":"wp","href":"https:\/\/api.w.org\/{rel}","templated":true}]}}