{"id":26225,"date":"2025-09-01T08:30:51","date_gmt":"2025-09-01T08:30:51","guid":{"rendered":"https:\/\/www.maag-polska.pl\/obrzeza-meblowe\/d15-6-zebrano-classic\/"},"modified":"2025-09-01T09:04:46","modified_gmt":"2025-09-01T09:04:46","slug":"d15-6-zebrano-classic","status":"publish","type":"product","link":"https:\/\/www.maag-polska.pl\/lt\/obrzeza-meblowe\/d15-6-zebrano-classic\/","title":{"rendered":"Bald\u0173 kra\u0161tai D15\/6 ZEBRANO CLASSIC"},"content":{"rendered":"<div>\n<p>Auk\u0161\u010diausios kokyb\u0117s D15\/6 ZEBRANO CLASSIC PVC briaunos juostos u\u017etikrina i\u0161skirtin\u012f matmen\u0173 stabilum\u0105, nes jos tikslus 15 mm plotis ir 0,6 mm storis. \u0160i gryno PVC kra\u0161t\u0173 juosta pasi\u017eymi pa\u017eangiais UV spinduliams atspariais junginiais, kurie palaiko spalvos vientisum\u0105 net ir ilgai b\u016bnant saul\u0117je. Kruop\u0161\u010diai suprojektuota med\u017eiagos sud\u0117tis pasiekia >20 N\/mm\u00b2 atsparum\u0105 tempimui ir u\u017etikrina patikim\u0105 kra\u0161to apsaug\u0105. D\u0117l atsparumo kar\u0161\u010diui iki 90\u00b0C ir dr\u0117gmei atspari\u0173 savybi\u0173 \u0161i medienos apdirbimo med\u017eiaga i\u0161laiko strukt\u016brin\u012f vientisum\u0105 \u012fvairiomis aplinkos s\u0105lygomis.<\/p>\n<p>Specialiai sukurta auk\u0161\u010diausios klas\u0117s bald\u0173 gamybai, kur pageidaujama zebrano medienos estetikos be susijusi\u0173 i\u0161laid\u0173. \u0160i bald\u0173 briaun\u0173 juostel\u0117 puikiai tinka tiek gyvenamosioms, tiek komercin\u0117ms reikm\u0117ms, ypa\u010d pritaikytoms spintel\u0117ms, biuro baldams ir ma\u017emenin\u0117s prekybos vitrinoms. Med\u017eiagos tiksli in\u017einerija palaiko automatizuotus kra\u0161t\u0173 klijavimo procesus su minimaliu atliek\u0173 kiekiu, tod\u0117l ji idealiai tinka didel\u0117s apimties gamybos aplinkai. D\u0117l padidinto atsparumo sm\u016bgiams jis ypa\u010d tinka intensyvaus eismo komercin\u0117ms patalpoms, kuriose svarbiausias patvarumas.<\/p>\n<\/div>\n","protected":false},"excerpt":{"rendered":"<p>22&#215;0,6; 22&#215;1; 22&#215;2; 28&#215;2*; 32&#215;2*; 35&#215;1*; 42&#215;2<\/p>\n","protected":false},"featured_media":21614,"comment_status":"closed","ping_status":"open","template":"","meta":{"_acf_changed":false},"product_brand":[],"product_cat":[1210],"product_tag":[],"class_list":{"0":"post-26225","1":"product","2":"type-product","3":"status-publish","4":"has-post-thumbnail","6":"product_cat-baldu-krastai","8":"first","9":"instock","10":"product-type-simple"},"acf":[],"_links":{"self":[{"href":"https:\/\/www.maag-polska.pl\/lt\/wp-json\/wp\/v2\/product\/26225","targetHints":{"allow":["GET"]}}],"collection":[{"href":"https:\/\/www.maag-polska.pl\/lt\/wp-json\/wp\/v2\/product"}],"about":[{"href":"https:\/\/www.maag-polska.pl\/lt\/wp-json\/wp\/v2\/types\/product"}],"replies":[{"embeddable":true,"href":"https:\/\/www.maag-polska.pl\/lt\/wp-json\/wp\/v2\/comments?post=26225"}],"wp:featuredmedia":[{"embeddable":true,"href":"https:\/\/www.maag-polska.pl\/lt\/wp-json\/wp\/v2\/media\/21614"}],"wp:attachment":[{"href":"https:\/\/www.maag-polska.pl\/lt\/wp-json\/wp\/v2\/media?parent=26225"}],"wp:term":[{"taxonomy":"product_brand","embeddable":true,"href":"https:\/\/www.maag-polska.pl\/lt\/wp-json\/wp\/v2\/product_brand?post=26225"},{"taxonomy":"product_cat","embeddable":true,"href":"https:\/\/www.maag-polska.pl\/lt\/wp-json\/wp\/v2\/product_cat?post=26225"},{"taxonomy":"product_tag","embeddable":true,"href":"https:\/\/www.maag-polska.pl\/lt\/wp-json\/wp\/v2\/product_tag?post=26225"}],"curies":[{"name":"wp","href":"https:\/\/api.w.org\/{rel}","templated":true}]}}