{"id":26222,"date":"2025-09-01T08:30:51","date_gmt":"2025-09-01T08:30:51","guid":{"rendered":"https:\/\/www.maag-polska.pl\/obrzeza-meblowe\/d13-2-chocolate-pine\/"},"modified":"2025-09-01T09:04:44","modified_gmt":"2025-09-01T09:04:44","slug":"d13-2-chocolate-pine","status":"publish","type":"product","link":"https:\/\/www.maag-polska.pl\/lt\/obrzeza-meblowe\/d13-2-chocolate-pine\/","title":{"rendered":"Bald\u0173 kra\u0161tai D13\/2 CHOCOLATE PINE"},"content":{"rendered":"<div>\n<p>Auk\u0161tos kokyb\u0117s PVC kra\u0161t\u0173 juostos, sukurtos su pa\u017eangiais UV stabilizavimo junginiais, specialiai sukalibruotos D13\/2 LIMBA CZEKOLADOWA dekorui. Med\u017eiagos sud\u0117tis u\u017etikrina 98% spalvos i\u0161laikym\u0105 po 3000 valand\u0173 pagreitinto sen\u0117jimo bandym\u0173, i\u0161laikant pastov\u0173 2 mm stor\u012f per vis\u0105 ilg\u012f. \u0160i med\u017eio apdirbimo med\u017eiaga turi tiksliai suprojektuot\u0105 pavir\u0161iaus strukt\u016br\u0105, kuri puikiai dera su Kronospan 8914 PR SOSNA LAREDO CIEMNA plok\u0161t\u0117mis ir u\u017etikrina skland\u0173 per\u0117jim\u0105 mikroskopiniu lygiu.<\/p>\n<p>Su \u0161iuo optimizuotu bald\u0173 kra\u0161t\u0173 sprendimu, kuris u\u017etikrina \u0161varius pj\u016bvius ir puikias sukibimo savybes, suma\u017einkite med\u017eiag\u0173 atliek\u0173 kiek\u012f iki 23%. Gryna PVC sud\u0117tis pa\u0161alina papildomo pavir\u0161iaus apdorojimo poreik\u012f, supaprastina gamybos proces\u0105 ir suma\u017eina darbo s\u0105naudas. Puikiai tinka didel\u0117s apimties bald\u0173 gamybai, \u0161i kra\u0161t\u0173 juosta i\u0161laiko matmen\u0173 stabilum\u0105 net intensyviai naudojant, tod\u0117l ma\u017eiau pretenzij\u0173 d\u0117l garantijos ir didesnis klient\u0173 pasitenkinimas. Suderinamas su visomis standartin\u0117mis kra\u0161t\u0173 klijavimo stakl\u0117mis iki 25 m\/min grei\u010diu.<\/p>\n<\/div>\n","protected":false},"excerpt":{"rendered":"<p>22&#215;0,6; 22&#215;1; 22&#215;2; 28&#215;2*; 32&#215;2*; 35&#215;1*; 42&#215;2<\/p>\n","protected":false},"featured_media":21605,"comment_status":"closed","ping_status":"open","template":"","meta":{"_acf_changed":false},"product_brand":[],"product_cat":[1210],"product_tag":[],"class_list":{"0":"post-26222","1":"product","2":"type-product","3":"status-publish","4":"has-post-thumbnail","6":"product_cat-baldu-krastai","8":"first","9":"instock","10":"product-type-simple"},"acf":[],"_links":{"self":[{"href":"https:\/\/www.maag-polska.pl\/lt\/wp-json\/wp\/v2\/product\/26222","targetHints":{"allow":["GET"]}}],"collection":[{"href":"https:\/\/www.maag-polska.pl\/lt\/wp-json\/wp\/v2\/product"}],"about":[{"href":"https:\/\/www.maag-polska.pl\/lt\/wp-json\/wp\/v2\/types\/product"}],"replies":[{"embeddable":true,"href":"https:\/\/www.maag-polska.pl\/lt\/wp-json\/wp\/v2\/comments?post=26222"}],"wp:featuredmedia":[{"embeddable":true,"href":"https:\/\/www.maag-polska.pl\/lt\/wp-json\/wp\/v2\/media\/21605"}],"wp:attachment":[{"href":"https:\/\/www.maag-polska.pl\/lt\/wp-json\/wp\/v2\/media?parent=26222"}],"wp:term":[{"taxonomy":"product_brand","embeddable":true,"href":"https:\/\/www.maag-polska.pl\/lt\/wp-json\/wp\/v2\/product_brand?post=26222"},{"taxonomy":"product_cat","embeddable":true,"href":"https:\/\/www.maag-polska.pl\/lt\/wp-json\/wp\/v2\/product_cat?post=26222"},{"taxonomy":"product_tag","embeddable":true,"href":"https:\/\/www.maag-polska.pl\/lt\/wp-json\/wp\/v2\/product_tag?post=26222"}],"curies":[{"name":"wp","href":"https:\/\/api.w.org\/{rel}","templated":true}]}}