{"id":26220,"date":"2025-09-01T08:30:51","date_gmt":"2025-09-01T08:30:51","guid":{"rendered":"https:\/\/www.maag-polska.pl\/obrzeza-meblowe\/d12-6-wenge-arusha\/"},"modified":"2025-09-01T09:04:43","modified_gmt":"2025-09-01T09:04:43","slug":"d12-6-wenge-arusha","status":"publish","type":"product","link":"https:\/\/www.maag-polska.pl\/lt\/obrzeza-meblowe\/d12-6-wenge-arusha\/","title":{"rendered":"Bald\u0173 kra\u0161tai D12\/6 WENGE ARUSHA"},"content":{"rendered":"<div>\n<p>Profesionali PVC kra\u0161t\u0173 juosta i\u0161 Kronospan 7648 SN Arusha Wenge u\u017etikrina i\u0161skirtin\u012f atsparum\u0105 kasdieniam nusid\u0117v\u0117jimui. \u0160is bald\u0173 kra\u0161t\u0173 sprendimas i\u0161laiko sodr\u0173, tams\u0173 atspalv\u012f d\u0117l pa\u017eangi\u0173 UV spinduliams atspari\u0173 jungini\u0173, neleid\u017eian\u010di\u0173 i\u0161blukti net ir esant intensyviai \u0161viesai. Pagaminta i\u0161 gryno PVC medienos apdirbimo med\u017eiag\u0173, ji atlaiko sm\u016bgius, dr\u0117gm\u0119 ir temperat\u016bros svyravimus, kartu i\u0161saugant strukt\u016brin\u012f vientisum\u0105.<\/p>\n<p>Efektyviai transformuokite savo bald\u0173 projektus naudodami \u0161i\u0105 tiksliai nupjaut\u0105 kra\u0161t\u0173 juost\u0105, kuri skland\u017eiai prilimpa prie lentos pavir\u0161i\u0173. Optimizuotas 12 mm auk\u0161tis u\u017etikrina greit\u0105 pritaikym\u0105 su minimaliu apipjaustymu, suma\u017eina montavimo laik\u0105 ir med\u017eiag\u0173 \u0161vaistym\u0105. Kiekvienas ritinys turi nuosekl\u0173 spalv\u0173 derinim\u0105 su Arusha Wenge dekoru, tod\u0117l j\u012f galima skland\u017eiai integruoti su j\u016bs\u0173 bald\u0173 plok\u0161t\u0117mis naudojant standartin\u0119 kra\u0161t\u0173 apri\u0161imo \u012frang\u0105.<\/p>\n<\/div>\n","protected":false},"excerpt":{"rendered":"<p>22&#215;0,6; 22&#215;08; 22&#215;1; 22&#215;2; 32&#215;2*; 35&#215;1*; 42&#215;0,8; 42&#215;2<\/p>\n","protected":false},"featured_media":21599,"comment_status":"closed","ping_status":"open","template":"","meta":{"_acf_changed":false},"product_brand":[],"product_cat":[1210],"product_tag":[],"class_list":{"0":"post-26220","1":"product","2":"type-product","3":"status-publish","4":"has-post-thumbnail","6":"product_cat-baldu-krastai","8":"first","9":"instock","10":"product-type-simple"},"acf":[],"_links":{"self":[{"href":"https:\/\/www.maag-polska.pl\/lt\/wp-json\/wp\/v2\/product\/26220","targetHints":{"allow":["GET"]}}],"collection":[{"href":"https:\/\/www.maag-polska.pl\/lt\/wp-json\/wp\/v2\/product"}],"about":[{"href":"https:\/\/www.maag-polska.pl\/lt\/wp-json\/wp\/v2\/types\/product"}],"replies":[{"embeddable":true,"href":"https:\/\/www.maag-polska.pl\/lt\/wp-json\/wp\/v2\/comments?post=26220"}],"wp:featuredmedia":[{"embeddable":true,"href":"https:\/\/www.maag-polska.pl\/lt\/wp-json\/wp\/v2\/media\/21599"}],"wp:attachment":[{"href":"https:\/\/www.maag-polska.pl\/lt\/wp-json\/wp\/v2\/media?parent=26220"}],"wp:term":[{"taxonomy":"product_brand","embeddable":true,"href":"https:\/\/www.maag-polska.pl\/lt\/wp-json\/wp\/v2\/product_brand?post=26220"},{"taxonomy":"product_cat","embeddable":true,"href":"https:\/\/www.maag-polska.pl\/lt\/wp-json\/wp\/v2\/product_cat?post=26220"},{"taxonomy":"product_tag","embeddable":true,"href":"https:\/\/www.maag-polska.pl\/lt\/wp-json\/wp\/v2\/product_tag?post=26220"}],"curies":[{"name":"wp","href":"https:\/\/api.w.org\/{rel}","templated":true}]}}