{"id":26217,"date":"2025-09-01T08:30:32","date_gmt":"2025-09-01T08:30:32","guid":{"rendered":"https:\/\/www.maag-polska.pl\/obrzeza-meblowe\/d12-3-wenge\/"},"modified":"2025-09-01T09:04:37","modified_gmt":"2025-09-01T09:04:37","slug":"d12-3-wenge","status":"publish","type":"product","link":"https:\/\/www.maag-polska.pl\/lt\/obrzeza-meblowe\/d12-3-wenge\/","title":{"rendered":"Bald\u0173 kra\u0161tai D12\/3 WENGE"},"content":{"rendered":"<div>\n<p>Auk\u0161\u010diausios kokyb\u0117s D12\/3 WENGE kra\u0161t\u0173 juostos u\u017etikrina i\u0161skirtines technines charakteristikas, nes jos auk\u0161tis 12 mm ir storis 3 mm. \u0160i gryna PVC kompozicija u\u017etikrina matmen\u0173 stabilum\u0105 ir tiksli\u0105 \u00b10,10 mm apdirbimo tolerancij\u0105. UV spinduliams atspari med\u017eiaga i\u0161laiko spalvos vientisum\u0105 net ir ilgai veikiant, o sm\u016bgiams atspari \u0161erdis atlaiko kasdien\u012f d\u0117v\u0117jim\u0105si. Kra\u0161t\u0173 juostos pasi\u017eymi specialia pavir\u0161iaus strukt\u016bra, kuri i\u0161laiko 98% spalv\u0105 ir demonstruoja atsparum\u0105 kar\u0161\u010diui iki 90\u00b0C, tod\u0117l idealiai tinka sud\u0117tingoms medienos apdirbimo med\u017eiagoms.<\/p>\n<p>Ypa\u010d tinka auk\u0161tos klas\u0117s bald\u0173 gamybai, kur pageidaujama tamsi, sud\u0117tinga apdaila. \u0160i PVC kra\u0161t\u0173 juosta puikiai tinka komercin\u0117ms spintel\u0117ms, prabangiai ma\u017emenin\u0117s prekybos \u012frangai ir auk\u0161\u010diausios kokyb\u0117s biuro baldams, kur sodrus Wenge atspalvis sukuria ry\u0161kius kontrastus. Med\u017eiaga yra patvari, tod\u0117l ji idealiai tinka intensyvaus eismo vietose, pavyzd\u017eiui, vie\u0161bu\u010di\u0173 ir restoran\u0173 \u012frengimui. Jo tiksl\u016bs matmenys ir paprastos apdirbimo savyb\u0117s suma\u017eina atliek\u0173 panaudojim\u0105, tod\u0117l jis yra ekonomi\u0161kas tiek ma\u017eose individualiose dirbtuv\u0117se, tiek didel\u0117se bald\u0173 gamybos patalpose.<\/p>\n<\/div>\n","protected":false},"excerpt":{"rendered":"<p>22&#215;0,6; 22&#215;1; 22&#215;2; 28&#215;2*; 32&#215;2*; 35&#215;1*; 42&#215;2<\/p>\n","protected":false},"featured_media":21590,"comment_status":"closed","ping_status":"open","template":"","meta":{"_acf_changed":false},"product_brand":[],"product_cat":[1210],"product_tag":[],"class_list":{"0":"post-26217","1":"product","2":"type-product","3":"status-publish","4":"has-post-thumbnail","6":"product_cat-baldu-krastai","8":"first","9":"instock","10":"product-type-simple"},"acf":[],"_links":{"self":[{"href":"https:\/\/www.maag-polska.pl\/lt\/wp-json\/wp\/v2\/product\/26217","targetHints":{"allow":["GET"]}}],"collection":[{"href":"https:\/\/www.maag-polska.pl\/lt\/wp-json\/wp\/v2\/product"}],"about":[{"href":"https:\/\/www.maag-polska.pl\/lt\/wp-json\/wp\/v2\/types\/product"}],"replies":[{"embeddable":true,"href":"https:\/\/www.maag-polska.pl\/lt\/wp-json\/wp\/v2\/comments?post=26217"}],"wp:featuredmedia":[{"embeddable":true,"href":"https:\/\/www.maag-polska.pl\/lt\/wp-json\/wp\/v2\/media\/21590"}],"wp:attachment":[{"href":"https:\/\/www.maag-polska.pl\/lt\/wp-json\/wp\/v2\/media?parent=26217"}],"wp:term":[{"taxonomy":"product_brand","embeddable":true,"href":"https:\/\/www.maag-polska.pl\/lt\/wp-json\/wp\/v2\/product_brand?post=26217"},{"taxonomy":"product_cat","embeddable":true,"href":"https:\/\/www.maag-polska.pl\/lt\/wp-json\/wp\/v2\/product_cat?post=26217"},{"taxonomy":"product_tag","embeddable":true,"href":"https:\/\/www.maag-polska.pl\/lt\/wp-json\/wp\/v2\/product_tag?post=26217"}],"curies":[{"name":"wp","href":"https:\/\/api.w.org\/{rel}","templated":true}]}}