{"id":26216,"date":"2025-09-01T08:30:32","date_gmt":"2025-09-01T08:30:32","guid":{"rendered":"https:\/\/www.maag-polska.pl\/obrzeza-meblowe\/d12-2-light-wenge\/"},"modified":"2025-09-01T09:04:37","modified_gmt":"2025-09-01T09:04:37","slug":"d12-2-light-wenge","status":"publish","type":"product","link":"https:\/\/www.maag-polska.pl\/lt\/obrzeza-meblowe\/d12-2-light-wenge\/","title":{"rendered":"Bald\u0173 kra\u0161tai D12\/2 LIGHT WENGE"},"content":{"rendered":"<div>\n<p>Profesionali PVC kra\u0161t\u0173 juosta, sukurta D12\/2 WENGE JASNA, u\u017etikrina i\u0161skirtin\u012f atsparum\u0105 kasdieniam susid\u0117v\u0117jimui. \u0160i med\u017eio apdirbimo med\u017eiaga i\u0161laiko savo strukt\u016brin\u012f vientisum\u0105 net ir intensyviai naudojant, turinti specializuot\u0105 UV spinduliams atspar\u0173 sluoksn\u012f, kuris apsaugo nuo spalvos blukimo ir spalvos pasikeitimo. Gryna PVC sud\u0117tis u\u017etikrina ilgalaik\u012f patvarum\u0105 ir didel\u012f atsparum\u0105 sm\u016bgiams, tod\u0117l idealiai tinka intensyvaus eismo baldams. \u0160i kra\u0161t\u0173 juosta, suderinama su Pfleiderer R35018 ML ir BRZOZA LUND Woodeco pavir\u0161iais, i\u0161laiko savo nesugadint\u0105 i\u0161vaizd\u0105 daugel\u012f met\u0173 veikiant aplinkos veiksniams.<\/p>\n<p>Pakeiskite savo bald\u0173 projektus naudodami \u0161\u012f greitai montuojam\u0105 briaun\u0173 apri\u0161imo sprendim\u0105, kuris \u017eymiai suma\u017eina u\u017ebaigimo laik\u0105. Tiksliai sukalibruotas lipnus sluoksnis efektyviai aktyvuojasi esant optimalioms apdorojimo temperat\u016broms, u\u017etikrindamas saug\u0173 sukibim\u0105 su minimaliomis atliekomis. Bald\u0173 kra\u0161tus galima skland\u017eiai apdailinti naudojant standartinius medienos apdirbimo \u012frankius, o med\u017eiagos lankstumas leid\u017eia skland\u017eiai padengti i\u0161lenktus pavir\u0161ius. D\u0117l matmen\u0173 stabilios PVC kra\u0161t\u0173 juostos nereikia papildomo apdorojimo, tod\u0117l galite tiesiogiai pereiti nuo taikymo iki projekto u\u017ebaigimo.<\/p>\n<\/div>\n","protected":false},"excerpt":{"rendered":"<p>22&#215;0,6; 22&#215;1; 22&#215;2; 28&#215;2*; 32&#215;2*; 35&#215;1*; 42&#215;2<\/p>\n","protected":false},"featured_media":21587,"comment_status":"closed","ping_status":"open","template":"","meta":{"_acf_changed":false},"product_brand":[],"product_cat":[1210],"product_tag":[],"class_list":{"0":"post-26216","1":"product","2":"type-product","3":"status-publish","4":"has-post-thumbnail","6":"product_cat-baldu-krastai","8":"first","9":"instock","10":"product-type-simple"},"acf":[],"_links":{"self":[{"href":"https:\/\/www.maag-polska.pl\/lt\/wp-json\/wp\/v2\/product\/26216","targetHints":{"allow":["GET"]}}],"collection":[{"href":"https:\/\/www.maag-polska.pl\/lt\/wp-json\/wp\/v2\/product"}],"about":[{"href":"https:\/\/www.maag-polska.pl\/lt\/wp-json\/wp\/v2\/types\/product"}],"replies":[{"embeddable":true,"href":"https:\/\/www.maag-polska.pl\/lt\/wp-json\/wp\/v2\/comments?post=26216"}],"wp:featuredmedia":[{"embeddable":true,"href":"https:\/\/www.maag-polska.pl\/lt\/wp-json\/wp\/v2\/media\/21587"}],"wp:attachment":[{"href":"https:\/\/www.maag-polska.pl\/lt\/wp-json\/wp\/v2\/media?parent=26216"}],"wp:term":[{"taxonomy":"product_brand","embeddable":true,"href":"https:\/\/www.maag-polska.pl\/lt\/wp-json\/wp\/v2\/product_brand?post=26216"},{"taxonomy":"product_cat","embeddable":true,"href":"https:\/\/www.maag-polska.pl\/lt\/wp-json\/wp\/v2\/product_cat?post=26216"},{"taxonomy":"product_tag","embeddable":true,"href":"https:\/\/www.maag-polska.pl\/lt\/wp-json\/wp\/v2\/product_tag?post=26216"}],"curies":[{"name":"wp","href":"https:\/\/api.w.org\/{rel}","templated":true}]}}