{"id":26215,"date":"2025-09-01T08:30:32","date_gmt":"2025-09-01T08:30:32","guid":{"rendered":"https:\/\/www.maag-polska.pl\/obrzeza-meblowe\/d12-1-wenge-magic\/"},"modified":"2025-09-01T09:04:36","modified_gmt":"2025-09-01T09:04:36","slug":"d12-1-wenge-magic","status":"publish","type":"product","link":"https:\/\/www.maag-polska.pl\/lt\/obrzeza-meblowe\/d12-1-wenge-magic\/","title":{"rendered":"Bald\u0173 kra\u0161tai D12\/1 WENGE MAGIC"},"content":{"rendered":"<div>\n<p>Gilus, prabangus \u201eWenge Magia\u201c PVC kra\u0161t\u0173 apmu\u0161alas atspindi rafinuotus autenti\u0161ko Wenge Luiziana gr\u016bd\u0117tumo ra\u0161tus, puikiai tinkan\u010dius Kronospan 9763 ES dekorams. Sodr\u016bs tamsaus \u0161okolado tonai skland\u017eiai susilieja su subtiliais raudonmed\u017eio atspalviais, sukurdami auk\u0161\u010diausios kokyb\u0117s bald\u0173 kra\u0161t\u0105, dvelkiant\u012f tropine elegancija. \u0160i med\u017eio apdirbimo med\u017eiaga pasi\u017eymi tiksliu spalv\u0173 kalibravimu ir autenti\u0161ka pavir\u0161iaus tekst\u016bra, tod\u0117l ji prakti\u0161kai nesiskiria nuo nat\u016bralaus faneros apvad\u0173.<\/p>\n<p>Pagaminta i\u0161 gryno PVC, \u0161i profesionalaus lygio kra\u0161t\u0173 juosta u\u017etikrina i\u0161skirtin\u012f patvarum\u0105 \u012fvairioms reikm\u0117ms. UV atspari formul\u0117 apsaugo nuo blukimo ir spalvos pasikeitimo, o optimizuotas storis u\u017etikrina \u0161varius pj\u016bvius ir minimal\u0173 atliek\u0173 kiek\u012f apdorojimo metu. Puikiai tinka auk\u0161\u010diausios klas\u0117s spintel\u0117ms, biuro baldams ir architekt\u016briniams darbams. Med\u017eiaga i\u0161laiko pastov\u0173 spalv\u0173 stabilum\u0105 vis\u0105 savo naudojimo laik\u0105. Kra\u0161to juostos puikios sukibimo savyb\u0117s ir atsparumas sm\u016bgiams idealiai tinka tiek tiesioms, tiek lenktoms reikm\u0117ms sud\u0117tinguose komerciniuose ir gyvenamuosiuose projektuose.<\/p>\n<\/div>\n","protected":false},"excerpt":{"rendered":"<p>22&#215;0,6; 22&#215;0,8; 22&#215;1; 22&#215;2; 28&#215;2*; 32&#215;2*; 35&#215;1*; 42&#215;0,8; 42&#215;2<\/p>\n","protected":false},"featured_media":21584,"comment_status":"closed","ping_status":"open","template":"","meta":{"_acf_changed":false},"product_brand":[],"product_cat":[1210],"product_tag":[],"class_list":{"0":"post-26215","1":"product","2":"type-product","3":"status-publish","4":"has-post-thumbnail","6":"product_cat-baldu-krastai","8":"first","9":"instock","10":"product-type-simple"},"acf":[],"_links":{"self":[{"href":"https:\/\/www.maag-polska.pl\/lt\/wp-json\/wp\/v2\/product\/26215","targetHints":{"allow":["GET"]}}],"collection":[{"href":"https:\/\/www.maag-polska.pl\/lt\/wp-json\/wp\/v2\/product"}],"about":[{"href":"https:\/\/www.maag-polska.pl\/lt\/wp-json\/wp\/v2\/types\/product"}],"replies":[{"embeddable":true,"href":"https:\/\/www.maag-polska.pl\/lt\/wp-json\/wp\/v2\/comments?post=26215"}],"wp:featuredmedia":[{"embeddable":true,"href":"https:\/\/www.maag-polska.pl\/lt\/wp-json\/wp\/v2\/media\/21584"}],"wp:attachment":[{"href":"https:\/\/www.maag-polska.pl\/lt\/wp-json\/wp\/v2\/media?parent=26215"}],"wp:term":[{"taxonomy":"product_brand","embeddable":true,"href":"https:\/\/www.maag-polska.pl\/lt\/wp-json\/wp\/v2\/product_brand?post=26215"},{"taxonomy":"product_cat","embeddable":true,"href":"https:\/\/www.maag-polska.pl\/lt\/wp-json\/wp\/v2\/product_cat?post=26215"},{"taxonomy":"product_tag","embeddable":true,"href":"https:\/\/www.maag-polska.pl\/lt\/wp-json\/wp\/v2\/product_tag?post=26215"}],"curies":[{"name":"wp","href":"https:\/\/api.w.org\/{rel}","templated":true}]}}