{"id":26214,"date":"2025-09-01T08:30:32","date_gmt":"2025-09-01T08:30:32","guid":{"rendered":"https:\/\/www.maag-polska.pl\/obrzeza-meblowe\/d11-5-platinium-disk\/"},"modified":"2025-09-01T09:04:35","modified_gmt":"2025-09-01T09:04:35","slug":"d11-5-platinium-disk","status":"publish","type":"product","link":"https:\/\/www.maag-polska.pl\/lt\/obrzeza-meblowe\/d11-5-platinium-disk\/","title":{"rendered":"Bald\u0173 kra\u0161tai D11\/5 PLATINIUM DISK"},"content":{"rendered":"<div>\n<p>Tiksliai suprojektuota PVC kra\u0161t\u0173 juosta su D11\/5 platininio disko dizainu, pagaminta taip, kad atitikt\u0173 Kronospan K523 PE pavir\u0161ius. Pa\u017eang\u016bs UV atspar\u016bs polimerai u\u017etikrina i\u0161skirtin\u012f spalv\u0173 stabilum\u0105 \u012fvairiomis ap\u0161vietimo s\u0105lygomis. 1,5 mm storis u\u017etikrina optimal\u0173 atsparum\u0105 sm\u016bgiams i\u0161laikant \u0161varius apdorojimo parametrus. Gryna PVC sud\u0117tis u\u017etikrina pastov\u0173 1,3 g\/cm\u00b3 med\u017eiagos tank\u012f, u\u017etikrinant\u012f patikim\u0105 \u0161ilumos aktyvavim\u0105 ir sukibim\u0105 \u012fvairiose medienos apdirbimo srityse.<\/p>\n<p>Supaprastinkite savo bald\u0173 gamyb\u0105 naudodami \u0161\u012f ekonomi\u0161k\u0105 briaun\u0173 klijavimo sprendim\u0105, kuris suma\u017eina med\u017eiag\u0173 \u0161vaistym\u0105 d\u0117l tikslaus matmen\u0173 stabilumo. \u201ePlatinium Disk\u201c apdaila skland\u017eiai integruojasi su moderniu korpuso dizainu ir u\u017etikrina ilgalaik\u0119 kra\u0161to apsaug\u0105. Tokios profesionalios medienos apdirbimo med\u017eiagos u\u017etikrina greit\u0105 iki 25 m\/min apdirbimo greit\u012f ir padidina gamybos efektyvum\u0105. Specializuota pavir\u0161iaus strukt\u016bra i\u0161laiko savo i\u0161vaizd\u0105 net ir intensyviai naudojant, prailgindama bald\u0173 gyvavimo cikl\u0105 ir suma\u017eindama garantij\u0173 reikalavimus.<\/p>\n<\/div>\n","protected":false},"excerpt":{"rendered":"<p>22&#215;0,6; 22&#215;0,8; 22&#215;2; 35&#215;1*; 42&#215;0,8; 42&#215;2<\/p>\n","protected":false},"featured_media":21581,"comment_status":"closed","ping_status":"open","template":"","meta":{"_acf_changed":false},"product_brand":[],"product_cat":[1210],"product_tag":[],"class_list":{"0":"post-26214","1":"product","2":"type-product","3":"status-publish","4":"has-post-thumbnail","6":"product_cat-baldu-krastai","8":"first","9":"instock","10":"product-type-simple"},"acf":[],"_links":{"self":[{"href":"https:\/\/www.maag-polska.pl\/lt\/wp-json\/wp\/v2\/product\/26214","targetHints":{"allow":["GET"]}}],"collection":[{"href":"https:\/\/www.maag-polska.pl\/lt\/wp-json\/wp\/v2\/product"}],"about":[{"href":"https:\/\/www.maag-polska.pl\/lt\/wp-json\/wp\/v2\/types\/product"}],"replies":[{"embeddable":true,"href":"https:\/\/www.maag-polska.pl\/lt\/wp-json\/wp\/v2\/comments?post=26214"}],"wp:featuredmedia":[{"embeddable":true,"href":"https:\/\/www.maag-polska.pl\/lt\/wp-json\/wp\/v2\/media\/21581"}],"wp:attachment":[{"href":"https:\/\/www.maag-polska.pl\/lt\/wp-json\/wp\/v2\/media?parent=26214"}],"wp:term":[{"taxonomy":"product_brand","embeddable":true,"href":"https:\/\/www.maag-polska.pl\/lt\/wp-json\/wp\/v2\/product_brand?post=26214"},{"taxonomy":"product_cat","embeddable":true,"href":"https:\/\/www.maag-polska.pl\/lt\/wp-json\/wp\/v2\/product_cat?post=26214"},{"taxonomy":"product_tag","embeddable":true,"href":"https:\/\/www.maag-polska.pl\/lt\/wp-json\/wp\/v2\/product_tag?post=26214"}],"curies":[{"name":"wp","href":"https:\/\/api.w.org\/{rel}","templated":true}]}}