{"id":26205,"date":"2025-09-01T08:30:32","date_gmt":"2025-09-01T08:30:32","guid":{"rendered":"https:\/\/www.maag-polska.pl\/obrzeza-meblowe\/d10-11-white-loft-pine\/"},"modified":"2025-09-01T09:04:30","modified_gmt":"2025-09-01T09:04:30","slug":"d10-11-white-loft-pine","status":"publish","type":"product","link":"https:\/\/www.maag-polska.pl\/lt\/obrzeza-meblowe\/d10-11-white-loft-pine\/","title":{"rendered":"Bald\u0173 kra\u0161tai D10\/11 WHITE LOFT PINE"},"content":{"rendered":"<div>\n<p>Profesionali PVC kra\u0161t\u0173 juosta i\u0161 Kronospan K010 PS SOSNA LOFT BIA\u0141A u\u017etikrina i\u0161skirtin\u012f patvarum\u0105 ir \u00b10,2 mm storio paklaid\u0105. Gryna PVC kompozicija u\u017etikrina matmen\u0173 stabilum\u0105 ir special\u0173 UV spinduliams atspar\u0173 sluoksn\u012f, kuris neleid\u017eia pakeisti spalvos. \u0160i med\u017eio apdirbimo med\u017eiaga i\u0161laiko savo nesugadint\u0105 baltos pal\u0117p\u0117s pu\u0161ies i\u0161vaizd\u0105 per daugiasluoksn\u012f statybos proces\u0105 ir pasiekia 4\u20136 vienet\u0173 blizges\u012f, kad b\u016bt\u0173 rafinuota matin\u0117 apdaila. Kra\u0161t\u0173 juostos pavir\u0161iaus kietumas 75-80 Shore D garantuoja patikim\u0105 atsparum\u0105 sm\u016bgiams kasdieniame naudojime.<\/p>\n<p>Puikiai tinka \u0161iuolaikinei skandinavi\u0161ko stiliaus bald\u0173 gamybai, \u0161i PVC briaun\u0173 juosta puikiai tinka tiek gyvenamosioms, tiek komercin\u0117ms reikm\u0117ms. SOSNA LOFT BIA\u0141A apdaila sukuria vientisus virtuv\u0117s spinteli\u0173, biuro bald\u0173 ir ma\u017emenin\u0117s prekybos vitrin\u0173 per\u0117jimus. Medienos apdirbimo profesionalai vertina jo lengv\u0105 apdirbim\u0105 ir minimal\u0173 atliek\u0173 panaudojim\u0105. Baldo kra\u0161tas i\u0161laiko nuosekl\u0173 spalv\u0173 derin\u012f su Kronospan plok\u0161t\u0117mis, tod\u0117l jis idealiai tinka architekt\u016briniams mal\u016bnams, \u012fmontuotoms spintoms ir \u0161iuolaikin\u0117ms lentyn\u0173 sistemoms, kur b\u016btinos \u0161varios linijos ir ilgaam\u017ei\u0161kumas.<\/p>\n<\/div>\n","protected":false},"excerpt":{"rendered":"<p>22&#215;0,6; 22&#215;0,8; 22&#215;1; 22&#215;2; 32&#215;2*; 35&#215;1*; 42&#215;0,8; 42&#215;2<\/p>\n","protected":false},"featured_media":21554,"comment_status":"closed","ping_status":"open","template":"","meta":{"_acf_changed":false},"product_brand":[],"product_cat":[1210],"product_tag":[],"class_list":{"0":"post-26205","1":"product","2":"type-product","3":"status-publish","4":"has-post-thumbnail","6":"product_cat-baldu-krastai","8":"first","9":"instock","10":"product-type-simple"},"acf":[],"_links":{"self":[{"href":"https:\/\/www.maag-polska.pl\/lt\/wp-json\/wp\/v2\/product\/26205","targetHints":{"allow":["GET"]}}],"collection":[{"href":"https:\/\/www.maag-polska.pl\/lt\/wp-json\/wp\/v2\/product"}],"about":[{"href":"https:\/\/www.maag-polska.pl\/lt\/wp-json\/wp\/v2\/types\/product"}],"replies":[{"embeddable":true,"href":"https:\/\/www.maag-polska.pl\/lt\/wp-json\/wp\/v2\/comments?post=26205"}],"wp:featuredmedia":[{"embeddable":true,"href":"https:\/\/www.maag-polska.pl\/lt\/wp-json\/wp\/v2\/media\/21554"}],"wp:attachment":[{"href":"https:\/\/www.maag-polska.pl\/lt\/wp-json\/wp\/v2\/media?parent=26205"}],"wp:term":[{"taxonomy":"product_brand","embeddable":true,"href":"https:\/\/www.maag-polska.pl\/lt\/wp-json\/wp\/v2\/product_brand?post=26205"},{"taxonomy":"product_cat","embeddable":true,"href":"https:\/\/www.maag-polska.pl\/lt\/wp-json\/wp\/v2\/product_cat?post=26205"},{"taxonomy":"product_tag","embeddable":true,"href":"https:\/\/www.maag-polska.pl\/lt\/wp-json\/wp\/v2\/product_tag?post=26205"}],"curies":[{"name":"wp","href":"https:\/\/api.w.org\/{rel}","templated":true}]}}