{"id":26203,"date":"2025-09-01T08:30:32","date_gmt":"2025-09-01T08:30:32","guid":{"rendered":"https:\/\/www.maag-polska.pl\/obrzeza-meblowe\/d10-1-pine\/"},"modified":"2025-09-01T09:04:29","modified_gmt":"2025-09-01T09:04:29","slug":"d10-1-pine","status":"publish","type":"product","link":"https:\/\/www.maag-polska.pl\/lt\/obrzeza-meblowe\/d10-1-pine\/","title":{"rendered":"Bald\u0173 kra\u0161tai D10\/1 PINE"},"content":{"rendered":"<div>\n<p>Kruop\u0161\u010diai sukurta D10\/1 SOSNA PVC kra\u0161t\u0173 juostel\u0117 u\u017efiksuoja autenti\u0161k\u0105 pu\u0161ies medienos \u0161ilum\u0105 ir u\u017etikrina skland\u0173 per\u0117jim\u0105 tarp pavir\u0161iaus ir kra\u0161to. Gryna PVC kompozicija i\u0161laiko i\u0161skirtin\u012f spalvos stabilum\u0105, i\u0161saugo nat\u016brali\u0105 i\u0161vaizd\u0105 net ir ilgai veikiant saul\u0117s \u0161viesai d\u0117l pa\u017eangi\u0173 UV atspari\u0173 savybi\u0173. Kiekviena med\u017eio ra\u0161to detal\u0117 yra tiksliai perteikta, sukuriant vizualiai vientis\u0105 bald\u0173 kra\u0161t\u0105, kuris padidina bendr\u0105 estetin\u012f j\u016bs\u0173 k\u016brini\u0173 patrauklum\u0105.<\/p>\n<p>\u0160i universali med\u017eio apdirbimo med\u017eiaga lengvai pritaikoma prie \u012fvairi\u0173 bald\u0173, nuo virtuv\u0117s spinteli\u0173 iki biuro bald\u0173. D10\/1 SOSNA kra\u0161t\u0173 apri\u0161imas skland\u017eiai apdorojamas naudojant standartin\u0119 \u012frang\u0105, tod\u0117l susidaro minimalus atliek\u0173 kiekis ir u\u017etikrinamas nuoseklus rezultatas. Jo patvari konstrukcija atlaiko kasdien\u012f d\u0117v\u0117jim\u0105si, tod\u0117l idealiai tinka tiek komercinei, tiek gyvenamosioms patalpoms. Med\u017eiagos techniniai parametrai tinka tiek tiesiam, tiek lenktam naudojimui, tod\u0117l dizainas yra lankstus, nepa\u017eeid\u017eiant konstrukcijos vientisumo.<\/p>\n<\/div>\n","protected":false},"excerpt":{"rendered":"<p>22&#215;0,6; 22&#215;1; 22&#215;2; 35&#215;1*; 42&#215;2<\/p>\n","protected":false},"featured_media":21548,"comment_status":"closed","ping_status":"open","template":"","meta":{"_acf_changed":false},"product_brand":[],"product_cat":[1210],"product_tag":[],"class_list":{"0":"post-26203","1":"product","2":"type-product","3":"status-publish","4":"has-post-thumbnail","6":"product_cat-baldu-krastai","8":"first","9":"instock","10":"product-type-simple"},"acf":[],"_links":{"self":[{"href":"https:\/\/www.maag-polska.pl\/lt\/wp-json\/wp\/v2\/product\/26203","targetHints":{"allow":["GET"]}}],"collection":[{"href":"https:\/\/www.maag-polska.pl\/lt\/wp-json\/wp\/v2\/product"}],"about":[{"href":"https:\/\/www.maag-polska.pl\/lt\/wp-json\/wp\/v2\/types\/product"}],"replies":[{"embeddable":true,"href":"https:\/\/www.maag-polska.pl\/lt\/wp-json\/wp\/v2\/comments?post=26203"}],"wp:featuredmedia":[{"embeddable":true,"href":"https:\/\/www.maag-polska.pl\/lt\/wp-json\/wp\/v2\/media\/21548"}],"wp:attachment":[{"href":"https:\/\/www.maag-polska.pl\/lt\/wp-json\/wp\/v2\/media?parent=26203"}],"wp:term":[{"taxonomy":"product_brand","embeddable":true,"href":"https:\/\/www.maag-polska.pl\/lt\/wp-json\/wp\/v2\/product_brand?post=26203"},{"taxonomy":"product_cat","embeddable":true,"href":"https:\/\/www.maag-polska.pl\/lt\/wp-json\/wp\/v2\/product_cat?post=26203"},{"taxonomy":"product_tag","embeddable":true,"href":"https:\/\/www.maag-polska.pl\/lt\/wp-json\/wp\/v2\/product_tag?post=26203"}],"curies":[{"name":"wp","href":"https:\/\/api.w.org\/{rel}","templated":true}]}}