{"id":26202,"date":"2025-09-01T08:30:32","date_gmt":"2025-09-01T08:30:32","guid":{"rendered":"https:\/\/www.maag-polska.pl\/obrzeza-meblowe\/d1-1-natural-alder\/"},"modified":"2025-09-01T09:04:29","modified_gmt":"2025-09-01T09:04:29","slug":"d1-1-natural-alder","status":"publish","type":"product","link":"https:\/\/www.maag-polska.pl\/lt\/obrzeza-meblowe\/d1-1-natural-alder\/","title":{"rendered":"Bald\u0173 kra\u0161tai D1\/1 NATURAL ALDER"},"content":{"rendered":"<div>\n<p>Didelio na\u0161umo D1\/1 OLCHA NATURALNA PVC kra\u0161t\u0173 juosta u\u017etikrina puikius techninius parametrus d\u0117l pa\u017eangios polimer\u0173 sud\u0117ties. \u0160i gryna PVC formul\u0117 pasiekia 99,8 % spalvos nuoseklum\u0105 visose gamybos partijose, o apsauga nuo UV spinduli\u0173 integruota molekuliniu lygmeniu. Tiksliai sukalibruotas 1 mm storis u\u017etikrina optimal\u0173 sukibim\u0105, i\u0161laikant 28 N\/mm\u00b2 atsparum\u0105 tempimui, vir\u0161ijant\u012f pramon\u0117s standartus medienos apdirbimo med\u017eiagoms.<\/p>\n<p>Supaprastinkite savo bald\u0173 gamyb\u0105 naudodami \u0161\u012f ekonomi\u0161k\u0105 kra\u0161t\u0173 klijavimo sprendim\u0105, kuris suma\u017eina med\u017eiag\u0173 \u0161vaistym\u0105 iki 35%, palyginti su standartin\u0117mis alternatyvomis. Specializuota pavir\u0161iaus strukt\u016bra leid\u017eia pasiekti didesn\u012f apdorojimo greit\u012f nepakenkiant kra\u0161t\u0173 kokybei, tod\u0117l galima efektyviai pritaikyti tiek tiesius, tiek lenktus baldo kra\u0161tus. D\u0117l didesnio patvarumo komercin\u0117se programose reikia ma\u017eiau pakeitim\u0173 ir minimali\u0173 prie\u017ei\u016bros reikalavim\u0173.<\/p>\n<\/div>\n","protected":false},"excerpt":{"rendered":"<p>22&#215;0,6; 22&#215;1; 22&#215;2; 28&#215;2*; 32&#215;2*; 35&#215;1*; 42&#215;2<\/p>\n","protected":false},"featured_media":21545,"comment_status":"closed","ping_status":"open","template":"","meta":{"_acf_changed":false},"product_brand":[],"product_cat":[1210],"product_tag":[],"class_list":{"0":"post-26202","1":"product","2":"type-product","3":"status-publish","4":"has-post-thumbnail","6":"product_cat-baldu-krastai","8":"first","9":"instock","10":"product-type-simple"},"acf":[],"_links":{"self":[{"href":"https:\/\/www.maag-polska.pl\/lt\/wp-json\/wp\/v2\/product\/26202","targetHints":{"allow":["GET"]}}],"collection":[{"href":"https:\/\/www.maag-polska.pl\/lt\/wp-json\/wp\/v2\/product"}],"about":[{"href":"https:\/\/www.maag-polska.pl\/lt\/wp-json\/wp\/v2\/types\/product"}],"replies":[{"embeddable":true,"href":"https:\/\/www.maag-polska.pl\/lt\/wp-json\/wp\/v2\/comments?post=26202"}],"wp:featuredmedia":[{"embeddable":true,"href":"https:\/\/www.maag-polska.pl\/lt\/wp-json\/wp\/v2\/media\/21545"}],"wp:attachment":[{"href":"https:\/\/www.maag-polska.pl\/lt\/wp-json\/wp\/v2\/media?parent=26202"}],"wp:term":[{"taxonomy":"product_brand","embeddable":true,"href":"https:\/\/www.maag-polska.pl\/lt\/wp-json\/wp\/v2\/product_brand?post=26202"},{"taxonomy":"product_cat","embeddable":true,"href":"https:\/\/www.maag-polska.pl\/lt\/wp-json\/wp\/v2\/product_cat?post=26202"},{"taxonomy":"product_tag","embeddable":true,"href":"https:\/\/www.maag-polska.pl\/lt\/wp-json\/wp\/v2\/product_tag?post=26202"}],"curies":[{"name":"wp","href":"https:\/\/api.w.org\/{rel}","templated":true}]}}