{"id":26196,"date":"2025-09-01T08:30:12","date_gmt":"2025-09-01T08:30:12","guid":{"rendered":"https:\/\/www.maag-polska.pl\/obrzeza-meblowe\/340-royal-grey\/"},"modified":"2025-09-01T09:04:19","modified_gmt":"2025-09-01T09:04:19","slug":"340-royal-grey","status":"publish","type":"product","link":"https:\/\/www.maag-polska.pl\/lt\/obrzeza-meblowe\/340-royal-grey\/","title":{"rendered":"Bald\u0173 kra\u0161tai 340 ROYAL GREY"},"content":{"rendered":"<div>\n<p>\u201eRoyal Grey\u201c PVC briaun\u0173 juosta pasi\u017eymi puikiomis technin\u0117mis savyb\u0117mis d\u0117l pa\u017eangios polimer\u0173 sud\u0117ties. \u0160i gryna PVC formul\u0117 pasi\u017eymi padidintu atsparumu UV spinduliams ir spalvos stabilumu, i\u0161laiko i\u0161skirtin\u012f pilk\u0105 atspalv\u012f net ir ilgai veikiant. Tiksliai sukurtoje 3022 serijoje yra specializuot\u0173 stabilizatori\u0173, kurie apsaugo nuo skilimo ir u\u017etikrina nuoseklius apdorojimo parametrus 180\u2013200 \u00b0C temperat\u016broje. M\u016bs\u0173 medienos apdirbimo med\u017eiagoms taikoma grie\u017eta kokyb\u0117s kontrol\u0117, tod\u0117l pasiekiamas \u00b10,02 mm storio tolerancija tiksliam bald\u0173 kra\u0161t\u0173 pritaikymui.<\/p>\n<p>AGT 3022 Royal Grey kra\u0161t\u0173 juostos supaprastina gamybos efektyvum\u0105 ir suma\u017eina med\u017eiag\u0173 s\u0105naudas. Jo optimizuotos sukibimo savyb\u0117s suma\u017eina \u0161vaistym\u0105 dengiant, tod\u0117l sutaupoma daug med\u017eiag\u0173. Kra\u0161to juostos matmen\u0173 stabilumas pa\u0161alina poreik\u012f da\u017enai reguliuoti apdorojimo metu, tod\u0117l suma\u017e\u0117ja prastovos ir darbo s\u0105naudos. Puikiai tinka didel\u0117s apimties bald\u0173 gamybai, \u0161i PVC briaun\u0173 juosta i\u0161laiko pastovi\u0105 kokyb\u0119 dideliuose gamybos etapuose ir si\u016blo puik\u0173 \u0161iuolaikini\u0173 bald\u0173 kokyb\u0117s ir kokyb\u0117s santyk\u012f.<\/p>\n<\/div>\n","protected":false},"excerpt":{"rendered":"<p>22&#215;0,8<\/p>\n","protected":false},"featured_media":21527,"comment_status":"closed","ping_status":"open","template":"","meta":{"_acf_changed":false},"product_brand":[],"product_cat":[1210],"product_tag":[],"class_list":{"0":"post-26196","1":"product","2":"type-product","3":"status-publish","4":"has-post-thumbnail","6":"product_cat-baldu-krastai","8":"first","9":"instock","10":"product-type-simple"},"acf":[],"_links":{"self":[{"href":"https:\/\/www.maag-polska.pl\/lt\/wp-json\/wp\/v2\/product\/26196","targetHints":{"allow":["GET"]}}],"collection":[{"href":"https:\/\/www.maag-polska.pl\/lt\/wp-json\/wp\/v2\/product"}],"about":[{"href":"https:\/\/www.maag-polska.pl\/lt\/wp-json\/wp\/v2\/types\/product"}],"replies":[{"embeddable":true,"href":"https:\/\/www.maag-polska.pl\/lt\/wp-json\/wp\/v2\/comments?post=26196"}],"wp:featuredmedia":[{"embeddable":true,"href":"https:\/\/www.maag-polska.pl\/lt\/wp-json\/wp\/v2\/media\/21527"}],"wp:attachment":[{"href":"https:\/\/www.maag-polska.pl\/lt\/wp-json\/wp\/v2\/media?parent=26196"}],"wp:term":[{"taxonomy":"product_brand","embeddable":true,"href":"https:\/\/www.maag-polska.pl\/lt\/wp-json\/wp\/v2\/product_brand?post=26196"},{"taxonomy":"product_cat","embeddable":true,"href":"https:\/\/www.maag-polska.pl\/lt\/wp-json\/wp\/v2\/product_cat?post=26196"},{"taxonomy":"product_tag","embeddable":true,"href":"https:\/\/www.maag-polska.pl\/lt\/wp-json\/wp\/v2\/product_tag?post=26196"}],"curies":[{"name":"wp","href":"https:\/\/api.w.org\/{rel}","templated":true}]}}