{"id":26195,"date":"2025-09-01T08:30:12","date_gmt":"2025-09-01T08:30:12","guid":{"rendered":"https:\/\/www.maag-polska.pl\/obrzeza-meblowe\/339-timeless-grey\/"},"modified":"2025-09-01T09:04:18","modified_gmt":"2025-09-01T09:04:18","slug":"339-timeless-grey","status":"publish","type":"product","link":"https:\/\/www.maag-polska.pl\/lt\/obrzeza-meblowe\/339-timeless-grey\/","title":{"rendered":"Bald\u0173 kra\u0161tai 339 TIMELESS GREY"},"content":{"rendered":"<div>\n<p>AGT 3017 Timeless Grey kra\u0161t\u0173 juosta u\u017etikrina i\u0161skirtines technines charakteristikas d\u0117l 100 % gryno PVC sud\u0117ties. \u0160i med\u017eio apdirbimo med\u017eiaga pasi\u017eymi tiksliai kalibruotu storiu ir pa\u017eangia UV spinduliams atsparia formule, u\u017etikrinan\u010dia ilgalaik\u012f spalvos stabilum\u0105. Kra\u0161t\u0173 juostos i\u0161laiko \u00b10,02 mm matmen\u0173 tikslum\u0105 ir demonstruoja puik\u0173 atsparum\u0105 sm\u016bgiams esant temperat\u016brai nuo -20\u00b0C iki +80\u00b0C. Speciali pavir\u0161iaus strukt\u016bra leid\u017eia pjauti \u0161variai ir tiksliai, apdorojant ma\u017eiau atliek\u0173.<\/p>\n<p>Ypa\u010d tinka moderniems biuro baldams ir komerciniams interjero projektams, kur patvarumas ir dizainas. \u0160i PVC kra\u0161t\u0173 juosta puikiai tinka intensyvaus eismo aplinkoje, pavyzd\u017eiui, ma\u017emenin\u0117s prekybos armat\u016broje, moduliniuose balduose ir architekt\u016brin\u0117se gamyklose. Neutralus pilkas tonas skland\u017eiai prisitaiko prie \u0161iuolaikinio darbo erdv\u0117s dizaino, o d\u0117l savo technini\u0173 savybi\u0173 jis idealiai tinka bald\u0173 kra\u0161tams, kurie yra nuolat valomi ir veikiami UV spinduli\u0173 pro langus. Puikiai tinka horizontaliam ir vertikaliam naudojimui spinteli\u0173 gamyboje ir komercin\u0117je stali\u0173 gamyboje.<\/p>\n<\/div>\n","protected":false},"excerpt":{"rendered":"<p>22&#215;0,8<\/p>\n","protected":false},"featured_media":21524,"comment_status":"closed","ping_status":"open","template":"","meta":{"_acf_changed":false},"product_brand":[],"product_cat":[1210],"product_tag":[],"class_list":{"0":"post-26195","1":"product","2":"type-product","3":"status-publish","4":"has-post-thumbnail","6":"product_cat-baldu-krastai","8":"first","9":"instock","10":"product-type-simple"},"acf":[],"_links":{"self":[{"href":"https:\/\/www.maag-polska.pl\/lt\/wp-json\/wp\/v2\/product\/26195","targetHints":{"allow":["GET"]}}],"collection":[{"href":"https:\/\/www.maag-polska.pl\/lt\/wp-json\/wp\/v2\/product"}],"about":[{"href":"https:\/\/www.maag-polska.pl\/lt\/wp-json\/wp\/v2\/types\/product"}],"replies":[{"embeddable":true,"href":"https:\/\/www.maag-polska.pl\/lt\/wp-json\/wp\/v2\/comments?post=26195"}],"wp:featuredmedia":[{"embeddable":true,"href":"https:\/\/www.maag-polska.pl\/lt\/wp-json\/wp\/v2\/media\/21524"}],"wp:attachment":[{"href":"https:\/\/www.maag-polska.pl\/lt\/wp-json\/wp\/v2\/media?parent=26195"}],"wp:term":[{"taxonomy":"product_brand","embeddable":true,"href":"https:\/\/www.maag-polska.pl\/lt\/wp-json\/wp\/v2\/product_brand?post=26195"},{"taxonomy":"product_cat","embeddable":true,"href":"https:\/\/www.maag-polska.pl\/lt\/wp-json\/wp\/v2\/product_cat?post=26195"},{"taxonomy":"product_tag","embeddable":true,"href":"https:\/\/www.maag-polska.pl\/lt\/wp-json\/wp\/v2\/product_tag?post=26195"}],"curies":[{"name":"wp","href":"https:\/\/api.w.org\/{rel}","templated":true}]}}