{"id":26194,"date":"2025-09-01T08:30:12","date_gmt":"2025-09-01T08:30:12","guid":{"rendered":"https:\/\/www.maag-polska.pl\/obrzeza-meblowe\/338-moonlight\/"},"modified":"2025-09-01T09:04:18","modified_gmt":"2025-09-01T09:04:18","slug":"338-moonlight","status":"publish","type":"product","link":"https:\/\/www.maag-polska.pl\/lt\/obrzeza-meblowe\/338-moonlight\/","title":{"rendered":"Bald\u0173 kra\u0161tai 338 MOONLIGHT"},"content":{"rendered":"<div>\n<p>Profesionali PVC briaun\u0173 juosta, sukurta i\u0161skirtiniam patvarumui MOONLIGHT atspalvyje, sujungia UV atsparias savybes ir puiki\u0105 apsaug\u0105 nuo sm\u016bgi\u0173. \u0160i gryna PVC medienos apdirbimo med\u017eiaga i\u0161laiko nepriekai\u0161ting\u0105 i\u0161vaizd\u0105 net esant intensyviai saul\u0117s \u0161viesai, u\u017ekertant keli\u0105 spalvos pasikeitimui ir degradacijai. Tvirta kra\u0161t\u0173 juostos sud\u0117tis atlaiko kasdien\u012f d\u0117v\u0117jim\u0105si ir u\u017etikrina patikim\u0105 bald\u0173 kra\u0161t\u0173 apsaug\u0105, tod\u0117l tai yra idealus pasirinkimas intensyvaus eismo komercin\u0117ms ir gyvenamosioms patalpoms.<\/p>\n<p>Pakeiskite savo bald\u0173 projektus naudodami \u0161i\u0105 greitai pritaikom\u0105 kra\u0161t\u0173 juost\u0105, kuri \u017eymiai suma\u017eina montavimo laik\u0105. Tiksliai pagamintos PVC kra\u0161tin\u0117s juostos pasi\u017eymi optimizuotomis sukibimo savyb\u0117mis, leid\u017eian\u010diomis padengti skland\u017eiai, be burbuliuk\u0173 ir kuo ma\u017eiau atliek\u0173. D\u0117l pastovaus storio ir lankstumo dirbti su juo ypa\u010d lengva, o \u0161varaus pjovimo savyb\u0117s u\u017etikrina profesionaliai atrodan\u010dius rezultatus net \u201epasidaryk pats\u201c entuziastams. Puikiai tinka efektyviam bald\u0173 kra\u0161t\u0173 apdailai, neprarandant kokyb\u0117s.<\/p>\n<\/div>\n","protected":false},"excerpt":{"rendered":"<p>22&#215;0,8<\/p>\n","protected":false},"featured_media":21521,"comment_status":"closed","ping_status":"open","template":"","meta":{"_acf_changed":false},"product_brand":[],"product_cat":[1210],"product_tag":[],"class_list":{"0":"post-26194","1":"product","2":"type-product","3":"status-publish","4":"has-post-thumbnail","6":"product_cat-baldu-krastai","8":"first","9":"instock","10":"product-type-simple"},"acf":[],"_links":{"self":[{"href":"https:\/\/www.maag-polska.pl\/lt\/wp-json\/wp\/v2\/product\/26194","targetHints":{"allow":["GET"]}}],"collection":[{"href":"https:\/\/www.maag-polska.pl\/lt\/wp-json\/wp\/v2\/product"}],"about":[{"href":"https:\/\/www.maag-polska.pl\/lt\/wp-json\/wp\/v2\/types\/product"}],"replies":[{"embeddable":true,"href":"https:\/\/www.maag-polska.pl\/lt\/wp-json\/wp\/v2\/comments?post=26194"}],"wp:featuredmedia":[{"embeddable":true,"href":"https:\/\/www.maag-polska.pl\/lt\/wp-json\/wp\/v2\/media\/21521"}],"wp:attachment":[{"href":"https:\/\/www.maag-polska.pl\/lt\/wp-json\/wp\/v2\/media?parent=26194"}],"wp:term":[{"taxonomy":"product_brand","embeddable":true,"href":"https:\/\/www.maag-polska.pl\/lt\/wp-json\/wp\/v2\/product_brand?post=26194"},{"taxonomy":"product_cat","embeddable":true,"href":"https:\/\/www.maag-polska.pl\/lt\/wp-json\/wp\/v2\/product_cat?post=26194"},{"taxonomy":"product_tag","embeddable":true,"href":"https:\/\/www.maag-polska.pl\/lt\/wp-json\/wp\/v2\/product_tag?post=26194"}],"curies":[{"name":"wp","href":"https:\/\/api.w.org\/{rel}","templated":true}]}}