{"id":26191,"date":"2025-09-01T08:30:12","date_gmt":"2025-09-01T08:30:12","guid":{"rendered":"https:\/\/www.maag-polska.pl\/obrzeza-meblowe\/335-pebble-grey\/"},"modified":"2025-09-01T09:04:16","modified_gmt":"2025-09-01T09:04:16","slug":"335-pebble-grey","status":"publish","type":"product","link":"https:\/\/www.maag-polska.pl\/lt\/obrzeza-meblowe\/335-pebble-grey\/","title":{"rendered":"Bald\u0173 kra\u0161tai 335 PEBBLE GREY"},"content":{"rendered":"<div>\n<p>Auk\u0161\u010diausios kokyb\u0117s PVC kra\u0161t\u0173 juosta akmenuk\u0173 pilkos spalvos (335 SZARY KAMIENNY) u\u017etikrina i\u0161skirtines technines charakteristikas su \u00b10,2 mm storio paklaida. \u0160i gryna PVC kompozicija u\u017etikrina puik\u0173 spalv\u0173 stabilum\u0105 ir atsparum\u0105 UV spinduliams, laikui b\u0117gant i\u0161laikydama eleganti\u0161k\u0105 akmens i\u0161vaizd\u0105. Med\u017eiaga pasi\u017eymi optimizuotais apdorojimo parametrais esant 180-200\u00b0C temperat\u016brai, tod\u0117l dengiant susidaro minimalus atliek\u0173 kiekis. Pa\u017eangi gamybos technologija garantuoja tiksl\u0173 matmen\u0173 stabilum\u0105 ir lygi\u0105, vienod\u0105 pavir\u0161iaus tekst\u016br\u0105.<\/p>\n<p>Ypa\u010d tinka moderniems biuro baldams ir komerciniams interjero projektams, kur patvarumas ir dizainas. \u0160i med\u017eio apdirbimo med\u017eiaga puikiai tinka intensyvaus eismo aplinkoje, pavyzd\u017eiui, ma\u017emenin\u0117s prekybos armat\u016bra, moduliniai baldai ir architekt\u016briniai mal\u016bnai. Neutralus Pebble Grey tonas sukuria \u012fvairias apdailos galimybes tiek horizontaliems, tiek vertikaliems pavir\u0161iams. Rekomenduojamas gamintojams, ie\u0161kantiems patikim\u0173 bald\u0173 briaun\u0173 sprendim\u0173, pasi\u017eymin\u010di\u0173 vienoda kokybe ir lengvomis apdirbimo savyb\u0117mis.<\/p>\n<\/div>\n","protected":false},"excerpt":{"rendered":"<p>22&#215;0,8<\/p>\n","protected":false},"featured_media":21512,"comment_status":"closed","ping_status":"open","template":"","meta":{"_acf_changed":false},"product_brand":[],"product_cat":[1210],"product_tag":[],"class_list":{"0":"post-26191","1":"product","2":"type-product","3":"status-publish","4":"has-post-thumbnail","6":"product_cat-baldu-krastai","8":"first","9":"instock","10":"product-type-simple"},"acf":[],"_links":{"self":[{"href":"https:\/\/www.maag-polska.pl\/lt\/wp-json\/wp\/v2\/product\/26191","targetHints":{"allow":["GET"]}}],"collection":[{"href":"https:\/\/www.maag-polska.pl\/lt\/wp-json\/wp\/v2\/product"}],"about":[{"href":"https:\/\/www.maag-polska.pl\/lt\/wp-json\/wp\/v2\/types\/product"}],"replies":[{"embeddable":true,"href":"https:\/\/www.maag-polska.pl\/lt\/wp-json\/wp\/v2\/comments?post=26191"}],"wp:featuredmedia":[{"embeddable":true,"href":"https:\/\/www.maag-polska.pl\/lt\/wp-json\/wp\/v2\/media\/21512"}],"wp:attachment":[{"href":"https:\/\/www.maag-polska.pl\/lt\/wp-json\/wp\/v2\/media?parent=26191"}],"wp:term":[{"taxonomy":"product_brand","embeddable":true,"href":"https:\/\/www.maag-polska.pl\/lt\/wp-json\/wp\/v2\/product_brand?post=26191"},{"taxonomy":"product_cat","embeddable":true,"href":"https:\/\/www.maag-polska.pl\/lt\/wp-json\/wp\/v2\/product_cat?post=26191"},{"taxonomy":"product_tag","embeddable":true,"href":"https:\/\/www.maag-polska.pl\/lt\/wp-json\/wp\/v2\/product_tag?post=26191"}],"curies":[{"name":"wp","href":"https:\/\/api.w.org\/{rel}","templated":true}]}}