{"id":26187,"date":"2025-09-01T08:30:12","date_gmt":"2025-09-01T08:30:12","guid":{"rendered":"https:\/\/www.maag-polska.pl\/obrzeza-meblowe\/331-macaron-green\/"},"modified":"2025-09-01T09:04:13","modified_gmt":"2025-09-01T09:04:13","slug":"331-macaron-green","status":"publish","type":"product","link":"https:\/\/www.maag-polska.pl\/lt\/obrzeza-meblowe\/331-macaron-green\/","title":{"rendered":"Bald\u0173 kra\u0161tai 331 MACARON GREEN"},"content":{"rendered":"<div>\n<p>Auk\u0161\u010diausios kokyb\u0117s AGT 3015 Macaron Green PVC kra\u0161t\u0173 juostos u\u017etikrina i\u0161skirtin\u012f spalv\u0173 stabilum\u0105 ir i\u0161skirtin\u0119 pastelin\u0119 \u017eali\u0105 apdail\u0105. \u0160i gryna PVC kra\u0161t\u0173 juosta i\u0161laiko savo estetin\u012f patrauklum\u0105 d\u0117l UV spinduliams atsparios formul\u0117s, apsaugodama nuo spalvos pasikeitimo net ir ilgai veikiant. 1 mm storis u\u017etikrina optimal\u0173 atsparum\u0105 sm\u016bgiams ir u\u017etikrina \u0161var\u0173 ir tiksl\u0173 naudojim\u0105. Med\u017eiagos sud\u0117tis garantuoja matmen\u0173 stabilum\u0105 su \u00b10,02 mm tolerancija, tod\u0117l idealiai tinka tikslioms medienos apdirbimo med\u017eiagoms.<\/p>\n<p>Puikiai tinka \u0161iuolaikinio dizaino baldams, kuriems reikia subtili\u0173 spalv\u0173 akcent\u0173, \u0161i kra\u0161t\u0173 juosta puikiai tinka modernioms virtuv\u0117s ir vonios kambario baldams. Profesional\u016bs medienos apdirb\u0117jai \u012fvertins nuoseklias CNC ir rankinio briaun\u0173 klijavimo stakli\u0173 apdorojimo savybes. Specializuotas \u017ealias tonas tinka tiek gyvenamiesiems, tiek komerciniams bald\u0173 projektams, ypa\u010d tose erdv\u0117se, kur pageidaujama dizaino harmonijos su gamtos elementais. Rekomenduojamas vertikaliems ir horizontaliems pavir\u0161iams vidaus bald\u0173 gamyboje, kur patvarumas ir estetinis rafinuotumas.<\/p>\n<\/div>\n","protected":false},"excerpt":{"rendered":"<p>22&#215;0,8<\/p>\n","protected":false},"featured_media":21500,"comment_status":"closed","ping_status":"open","template":"","meta":{"_acf_changed":false},"product_brand":[],"product_cat":[1210],"product_tag":[],"class_list":{"0":"post-26187","1":"product","2":"type-product","3":"status-publish","4":"has-post-thumbnail","6":"product_cat-baldu-krastai","8":"first","9":"instock","10":"product-type-simple"},"acf":[],"_links":{"self":[{"href":"https:\/\/www.maag-polska.pl\/lt\/wp-json\/wp\/v2\/product\/26187","targetHints":{"allow":["GET"]}}],"collection":[{"href":"https:\/\/www.maag-polska.pl\/lt\/wp-json\/wp\/v2\/product"}],"about":[{"href":"https:\/\/www.maag-polska.pl\/lt\/wp-json\/wp\/v2\/types\/product"}],"replies":[{"embeddable":true,"href":"https:\/\/www.maag-polska.pl\/lt\/wp-json\/wp\/v2\/comments?post=26187"}],"wp:featuredmedia":[{"embeddable":true,"href":"https:\/\/www.maag-polska.pl\/lt\/wp-json\/wp\/v2\/media\/21500"}],"wp:attachment":[{"href":"https:\/\/www.maag-polska.pl\/lt\/wp-json\/wp\/v2\/media?parent=26187"}],"wp:term":[{"taxonomy":"product_brand","embeddable":true,"href":"https:\/\/www.maag-polska.pl\/lt\/wp-json\/wp\/v2\/product_brand?post=26187"},{"taxonomy":"product_cat","embeddable":true,"href":"https:\/\/www.maag-polska.pl\/lt\/wp-json\/wp\/v2\/product_cat?post=26187"},{"taxonomy":"product_tag","embeddable":true,"href":"https:\/\/www.maag-polska.pl\/lt\/wp-json\/wp\/v2\/product_tag?post=26187"}],"curies":[{"name":"wp","href":"https:\/\/api.w.org\/{rel}","templated":true}]}}