{"id":26176,"date":"2025-09-01T08:29:51","date_gmt":"2025-09-01T08:29:51","guid":{"rendered":"https:\/\/www.maag-polska.pl\/obrzeza-meblowe\/320-dolphin-grey\/"},"modified":"2025-09-01T09:04:03","modified_gmt":"2025-09-01T09:04:03","slug":"320-dolphin-grey","status":"publish","type":"product","link":"https:\/\/www.maag-polska.pl\/lt\/obrzeza-meblowe\/320-dolphin-grey\/","title":{"rendered":"Bald\u0173 kra\u0161tai 320 DOLPHIN GREY"},"content":{"rendered":"<div>\n<p>SZARO\u015a\u0106 DELFINA (320) precizi\u0161kai sukurta PVC briaun\u0173 juosta u\u017etikrina i\u0161skirtines technines charakteristikas, kurios storio nuokrypis yra \u00b10,2 mm. Gryna PVC kompozicija u\u017etikrina optimal\u0173 sukibim\u0105 180-200\u00b0C temperat\u016broje, o UV atspari formul\u0117 i\u0161laiko spalvos stabilum\u0105 esant intensyviam ap\u0161vietimui. D\u0117l pa\u017eangi\u0173 gamybos proces\u0173 pavir\u0161iaus kietumas yra 75 Shore D, tod\u0117l \u0161ios medienos apdirbimo med\u017eiagos idealiai tinka intensyvaus eismo reikm\u0117ms.<\/p>\n<p>Supaprastinkite savo bald\u0173 gamyb\u0105 naudodami \u0161i\u0105 universali\u0105 SZARO\u015a\u0106 DELFINA kra\u0161t\u0173 juost\u0105, kuri puikiai dera su Pfleiderer U12044 SD ir Woodeco PU1207 dekorais. Med\u017eiagos tikslus matmen\u0173 stabilumas suma\u017eina atliek\u0173 kiek\u012f iki 15 %, palyginti su standartin\u0117mis alternatyvomis, o d\u0117l lengvo apdorojimo ypatybi\u0173 suma\u017e\u0117ja ma\u0161inos nustatymo laikas. Patvari PVC kra\u0161t\u0173 juosta i\u0161laiko savo i\u0161vaizd\u0105 net ir po naudojimo met\u0173, tod\u0117l suma\u017e\u0117ja garantijos reikalavim\u0173 ir pakeitimo i\u0161laidos.<\/p>\n<\/div>\n","protected":false},"excerpt":{"rendered":"<p>22&#215;0,6; 22&#215;0,8; 22&#215;2; 35&#215;1*; 42&#215;2<\/p>\n","protected":false},"featured_media":21467,"comment_status":"closed","ping_status":"open","template":"","meta":{"_acf_changed":false},"product_brand":[],"product_cat":[1210],"product_tag":[],"class_list":{"0":"post-26176","1":"product","2":"type-product","3":"status-publish","4":"has-post-thumbnail","6":"product_cat-baldu-krastai","8":"first","9":"instock","10":"product-type-simple"},"acf":[],"_links":{"self":[{"href":"https:\/\/www.maag-polska.pl\/lt\/wp-json\/wp\/v2\/product\/26176","targetHints":{"allow":["GET"]}}],"collection":[{"href":"https:\/\/www.maag-polska.pl\/lt\/wp-json\/wp\/v2\/product"}],"about":[{"href":"https:\/\/www.maag-polska.pl\/lt\/wp-json\/wp\/v2\/types\/product"}],"replies":[{"embeddable":true,"href":"https:\/\/www.maag-polska.pl\/lt\/wp-json\/wp\/v2\/comments?post=26176"}],"wp:featuredmedia":[{"embeddable":true,"href":"https:\/\/www.maag-polska.pl\/lt\/wp-json\/wp\/v2\/media\/21467"}],"wp:attachment":[{"href":"https:\/\/www.maag-polska.pl\/lt\/wp-json\/wp\/v2\/media?parent=26176"}],"wp:term":[{"taxonomy":"product_brand","embeddable":true,"href":"https:\/\/www.maag-polska.pl\/lt\/wp-json\/wp\/v2\/product_brand?post=26176"},{"taxonomy":"product_cat","embeddable":true,"href":"https:\/\/www.maag-polska.pl\/lt\/wp-json\/wp\/v2\/product_cat?post=26176"},{"taxonomy":"product_tag","embeddable":true,"href":"https:\/\/www.maag-polska.pl\/lt\/wp-json\/wp\/v2\/product_tag?post=26176"}],"curies":[{"name":"wp","href":"https:\/\/api.w.org\/{rel}","templated":true}]}}