{"id":26166,"date":"2025-09-01T08:29:51","date_gmt":"2025-09-01T08:29:51","guid":{"rendered":"https:\/\/www.maag-polska.pl\/obrzeza-meblowe\/310-anthracite-metallic\/"},"modified":"2025-09-01T09:03:57","modified_gmt":"2025-09-01T09:03:57","slug":"310-anthracite-metallic","status":"publish","type":"product","link":"https:\/\/www.maag-polska.pl\/lt\/obrzeza-meblowe\/310-anthracite-metallic\/","title":{"rendered":"Bald\u0173 kra\u0161tai 310 ANTHRACITE METALLIC"},"content":{"rendered":"<div>\n<p>Profesionali PVC kra\u0161t\u0173 juosta ANTRACYT METALIK atspalvyje u\u017etikrina i\u0161skirtin\u012f atsparum\u0105 kasdieniam nusid\u0117v\u0117jimui ir mechaniniams pa\u017eeidimams. \u0160i gryna PVC kompozicija i\u0161laiko savo metalin\u0119 apdail\u0105 net ir intensyviai naudojant, tod\u0117l idealiai tinka intensyvaus jud\u0117jimo baldams. \u0160ios medienos apdirbimo med\u017eiagos, suderinamos su Pfleiderer F70014 MP, Woodeco PF8036 ir Swiss Krono U3114 PE plok\u0161t\u0117mis, pasi\u017eymi pa\u017eangia UV apsauga, kuri apsaugo nuo spalvos i\u0161blukimo ir i\u0161laiko ilgalaik\u012f estetin\u012f patrauklum\u0105. Specializuota kra\u0161t\u0173 juostos pavir\u0161iaus strukt\u016bra atspari \u012fbr\u0117\u017eimams ir sm\u016bgiams, o 2 mm storis u\u017etikrina optimal\u0173 komercini\u0173 ir gyvenam\u0173j\u0173 bald\u0173 briaun\u0173 patvarum\u0105.<\/p>\n<p>Veiksmingai pakeiskite savo bald\u0173 projektus naudodami \u0161i\u0105 greitai u\u017ededam\u0105 kra\u0161t\u0173 juost\u0105 ANTRACYT METALIK. Optimizuotas lipnus sluoksnis u\u017etikrina tvirt\u0105 sukibim\u0105 \u017eemesn\u0117je temperat\u016broje, suma\u017eindamas energijos s\u0105naudas ir nustatymo laik\u0105. Puikiai tinka tiek tiesiam, tiek lenktam darbui, \u0161i PVC kra\u0161t\u0173 juostel\u0117 reikalauja minimalaus apdailos darb\u0173. D\u0117l tikslios spalv\u0173 derinimo sistemos nereikia taisyti, o \u0161varaus kirpimo savyb\u0117s suma\u017eina atliek\u0173 kiek\u012f apdorojimo metu. Meistrai vertina vienod\u0105 jo stor\u012f ir lyg\u0173 pavir\u0161i\u0173, o tai leid\u017eia grei\u010diau apipjaustyti ir poliruoti. Med\u017eiagos lankstumas leid\u017eia ypa\u010d lengvai dirbti net aplink sud\u0117tingus bald\u0173 kra\u0161t\u0173 profilius.<\/p>\n<\/div>\n","protected":false},"excerpt":{"rendered":"<p>22&#215;0,6; 22&#215;0,8; 22&#215;2; 35&#215;1*; 42&#215;0,8; 42&#215;2<\/p>\n","protected":false},"featured_media":21437,"comment_status":"closed","ping_status":"open","template":"","meta":{"_acf_changed":false},"product_brand":[],"product_cat":[1210],"product_tag":[],"class_list":{"0":"post-26166","1":"product","2":"type-product","3":"status-publish","4":"has-post-thumbnail","6":"product_cat-baldu-krastai","8":"first","9":"instock","10":"product-type-simple"},"acf":[],"_links":{"self":[{"href":"https:\/\/www.maag-polska.pl\/lt\/wp-json\/wp\/v2\/product\/26166","targetHints":{"allow":["GET"]}}],"collection":[{"href":"https:\/\/www.maag-polska.pl\/lt\/wp-json\/wp\/v2\/product"}],"about":[{"href":"https:\/\/www.maag-polska.pl\/lt\/wp-json\/wp\/v2\/types\/product"}],"replies":[{"embeddable":true,"href":"https:\/\/www.maag-polska.pl\/lt\/wp-json\/wp\/v2\/comments?post=26166"}],"wp:featuredmedia":[{"embeddable":true,"href":"https:\/\/www.maag-polska.pl\/lt\/wp-json\/wp\/v2\/media\/21437"}],"wp:attachment":[{"href":"https:\/\/www.maag-polska.pl\/lt\/wp-json\/wp\/v2\/media?parent=26166"}],"wp:term":[{"taxonomy":"product_brand","embeddable":true,"href":"https:\/\/www.maag-polska.pl\/lt\/wp-json\/wp\/v2\/product_brand?post=26166"},{"taxonomy":"product_cat","embeddable":true,"href":"https:\/\/www.maag-polska.pl\/lt\/wp-json\/wp\/v2\/product_cat?post=26166"},{"taxonomy":"product_tag","embeddable":true,"href":"https:\/\/www.maag-polska.pl\/lt\/wp-json\/wp\/v2\/product_tag?post=26166"}],"curies":[{"name":"wp","href":"https:\/\/api.w.org\/{rel}","templated":true}]}}