{"id":26155,"date":"2025-09-01T08:29:30","date_gmt":"2025-09-01T08:29:30","guid":{"rendered":"https:\/\/www.maag-polska.pl\/obrzeza-meblowe\/299-mouse-grey\/"},"modified":"2025-09-01T09:03:46","modified_gmt":"2025-09-01T09:03:46","slug":"299-mouse-grey","status":"publish","type":"product","link":"https:\/\/www.maag-polska.pl\/lt\/obrzeza-meblowe\/299-mouse-grey\/","title":{"rendered":"Bald\u0173 kra\u0161tai 299 MOUSE GREY"},"content":{"rendered":"<div>\n<p>Profesionali pel\u0117s pilka PVC kra\u0161t\u0173 juostel\u0117, pasi\u017eyminti 2 mm storio ir puikiu atsparumu UV spinduliams. Pagaminta i\u0161 gryno PVC jungini\u0173, \u0161i kra\u0161t\u0173 juosta i\u0161laiko i\u0161skirtin\u012f matmen\u0173 stabilum\u0105 su \u00b10,10 mm nuokrypiu. Pavir\u0161ius pasiekia 4N\/mm\u00b2 sukibimo stiprum\u0105 ir demonstruoja puiki\u0105 spalvos nuoseklum\u0105 atlikus pagreitinto sen\u0117jimo bandymus. Pa\u017eangi gamyba u\u017etikrina minimal\u0173 i\u0161ilgin\u012f kreivum\u0105 (\u22642mm\/1m) ir tiksli\u0105 plo\u010dio tolerancij\u0105 (\u00b10,45mm).<\/p>\n<p>Idealiai tinka moderniems biuro baldams ir komerciniams interjero projektams, kur b\u016btini neutral\u016bs pilki tonai. \u0160i med\u017eio apdirbimo med\u017eiaga puikiai tinka intensyvaus eismo aplinkoje, pavyzd\u017eiui, mokymo \u012fstaigose ir \u012fmoni\u0173 erdv\u0117se. Puikiai tinka Kronospan K519 SU ir Swiss Krono U3057 VL plok\u0161\u010di\u0173 apdailai. D\u0117l atsparumo sm\u016bgiams briaun\u0173 juostos savyb\u0117s yra ypa\u010d vertingos darbo vietos baldams, sand\u0117liavimo vienetams ir architekt\u016briniams mal\u016bnams, kur patvarumas ir estetinis rafinuotumas.<\/p>\n<\/div>\n","protected":false},"excerpt":{"rendered":"<p>22&#215;0,6; 22&#215;0,8; 22&#215;2; 35&#215;1*; 42&#215;0,8; 42&#215;2<\/p>\n","protected":false},"featured_media":21404,"comment_status":"closed","ping_status":"open","template":"","meta":{"_acf_changed":false},"product_brand":[],"product_cat":[1210],"product_tag":[],"class_list":{"0":"post-26155","1":"product","2":"type-product","3":"status-publish","4":"has-post-thumbnail","6":"product_cat-baldu-krastai","8":"first","9":"instock","10":"product-type-simple"},"acf":[],"_links":{"self":[{"href":"https:\/\/www.maag-polska.pl\/lt\/wp-json\/wp\/v2\/product\/26155","targetHints":{"allow":["GET"]}}],"collection":[{"href":"https:\/\/www.maag-polska.pl\/lt\/wp-json\/wp\/v2\/product"}],"about":[{"href":"https:\/\/www.maag-polska.pl\/lt\/wp-json\/wp\/v2\/types\/product"}],"replies":[{"embeddable":true,"href":"https:\/\/www.maag-polska.pl\/lt\/wp-json\/wp\/v2\/comments?post=26155"}],"wp:featuredmedia":[{"embeddable":true,"href":"https:\/\/www.maag-polska.pl\/lt\/wp-json\/wp\/v2\/media\/21404"}],"wp:attachment":[{"href":"https:\/\/www.maag-polska.pl\/lt\/wp-json\/wp\/v2\/media?parent=26155"}],"wp:term":[{"taxonomy":"product_brand","embeddable":true,"href":"https:\/\/www.maag-polska.pl\/lt\/wp-json\/wp\/v2\/product_brand?post=26155"},{"taxonomy":"product_cat","embeddable":true,"href":"https:\/\/www.maag-polska.pl\/lt\/wp-json\/wp\/v2\/product_cat?post=26155"},{"taxonomy":"product_tag","embeddable":true,"href":"https:\/\/www.maag-polska.pl\/lt\/wp-json\/wp\/v2\/product_tag?post=26155"}],"curies":[{"name":"wp","href":"https:\/\/api.w.org\/{rel}","templated":true}]}}