{"id":26151,"date":"2025-09-01T08:29:30","date_gmt":"2025-09-01T08:29:30","guid":{"rendered":"https:\/\/www.maag-polska.pl\/obrzeza-meblowe\/295-dark-emerald\/"},"modified":"2025-09-01T09:03:44","modified_gmt":"2025-09-01T09:03:44","slug":"295-dark-emerald","status":"publish","type":"product","link":"https:\/\/www.maag-polska.pl\/lt\/obrzeza-meblowe\/295-dark-emerald\/","title":{"rendered":"Bald\u0173 kra\u0161tai 295 DARK EMERALD"},"content":{"rendered":"<div>\n<p>Profesionali PVC kra\u0161t\u0173 juosta i\u0161 CIEMNY SZMARAGD (295) u\u017etikrina i\u0161skirtin\u012f patvarum\u0105, 2 mm storio ir pa\u017eangios UV atsparios formul\u0117s. \u0160i gryna PVC kompozicija u\u017etikrina matmen\u0173 stabilum\u0105 ir i\u0161laiko gil\u0173 smaragdo atspalv\u012f net intensyviai naudojant. Med\u017eiaga pasi\u017eymi tiksliu +\/- 0,02 mm tolerancija, 98 % atsparumu sm\u016bgiams ir sertifikuotu spalv\u0173 stabilumu, vir\u0161ijan\u010diu 6 balus pagal m\u0117lynos vilnos skal\u0119. Patobulintas antistatin\u0117mis savyb\u0117mis ir specializuota pavir\u0161iaus strukt\u016bra, u\u017etikrinan\u010dia optimal\u0173 klij\u0173 sukibim\u0105.<\/p>\n<p>Puikiai tinka auk\u0161\u010diausios klas\u0117s bald\u0173 gamyboje, kur tamsiai \u017ealios spalvos akcentai sukuria rafinuotus dizaino teiginius. \u0160i med\u017eio apdirbimo med\u017eiaga puikiai tinka komerciniams biuro baldams, prabangiems ma\u017emenin\u0117s prekybos vitrinoms ir \u0161iuolaikin\u0117ms virtuv\u0117s baldams. D\u0117l puiki\u0173 technini\u0173 parametr\u0173 briaunos juostos idealiai tinka intensyviai naudojamiems pavir\u0161iams svetingumo aplinkoje. Rekomenduojama naudoti vertikaliai ir horizontaliai, kai b\u016btina nuosekliai suderinti spalvas su Kronospan K520 SU plok\u0161t\u0117mis. D\u0117l puiki\u0173 atsparumo vandeniui savybi\u0173 ypa\u010d efektyvus dr\u0117gmei jautriose vietose.<\/p>\n<\/div>\n","protected":false},"excerpt":{"rendered":"<p>22&#215;0,6; 22&#215;0,8; 22&#215;2; 35&#215;1*; 42&#215;0,8; 42&#215;2<\/p>\n","protected":false},"featured_media":21392,"comment_status":"closed","ping_status":"open","template":"","meta":{"_acf_changed":false},"product_brand":[],"product_cat":[1210],"product_tag":[],"class_list":{"0":"post-26151","1":"product","2":"type-product","3":"status-publish","4":"has-post-thumbnail","6":"product_cat-baldu-krastai","8":"first","9":"instock","10":"product-type-simple"},"acf":[],"_links":{"self":[{"href":"https:\/\/www.maag-polska.pl\/lt\/wp-json\/wp\/v2\/product\/26151","targetHints":{"allow":["GET"]}}],"collection":[{"href":"https:\/\/www.maag-polska.pl\/lt\/wp-json\/wp\/v2\/product"}],"about":[{"href":"https:\/\/www.maag-polska.pl\/lt\/wp-json\/wp\/v2\/types\/product"}],"replies":[{"embeddable":true,"href":"https:\/\/www.maag-polska.pl\/lt\/wp-json\/wp\/v2\/comments?post=26151"}],"wp:featuredmedia":[{"embeddable":true,"href":"https:\/\/www.maag-polska.pl\/lt\/wp-json\/wp\/v2\/media\/21392"}],"wp:attachment":[{"href":"https:\/\/www.maag-polska.pl\/lt\/wp-json\/wp\/v2\/media?parent=26151"}],"wp:term":[{"taxonomy":"product_brand","embeddable":true,"href":"https:\/\/www.maag-polska.pl\/lt\/wp-json\/wp\/v2\/product_brand?post=26151"},{"taxonomy":"product_cat","embeddable":true,"href":"https:\/\/www.maag-polska.pl\/lt\/wp-json\/wp\/v2\/product_cat?post=26151"},{"taxonomy":"product_tag","embeddable":true,"href":"https:\/\/www.maag-polska.pl\/lt\/wp-json\/wp\/v2\/product_tag?post=26151"}],"curies":[{"name":"wp","href":"https:\/\/api.w.org\/{rel}","templated":true}]}}