{"id":26147,"date":"2025-09-01T08:29:30","date_gmt":"2025-09-01T08:29:30","guid":{"rendered":"https:\/\/www.maag-polska.pl\/obrzeza-meblowe\/291-spice-red\/"},"modified":"2025-09-01T09:03:41","modified_gmt":"2025-09-01T09:03:41","slug":"291-spice-red","status":"publish","type":"product","link":"https:\/\/www.maag-polska.pl\/lt\/obrzeza-meblowe\/291-spice-red\/","title":{"rendered":"Bald\u0173 kra\u0161tai 291 SPICE RED"},"content":{"rendered":"<div>\n<p>Profesionali PVC kra\u0161t\u0173 juosta i\u0161 PIKANTNA CZERWIE\u0143 (K515 SU) u\u017etikrina i\u0161skirtin\u012f spalvos stabilum\u0105 d\u0117l pa\u017eangios UV spinduliams atsparios formul\u0117s. \u0160i gryna PVC kompozicija u\u017etikrina tiksl\u0173 \u00b10,1 mm storio vienodum\u0105 ir i\u0161laiko konstrukcijos vientisum\u0105 nuo -20\u00b0C iki +80\u00b0C temperat\u016broje. Med\u017eiaga pasi\u017eymi standartizuotu 2N\/mm\u00b2 sukibimo stiprumu ir puiku 15kJ\/m\u00b2 atsparumu sm\u016bgiams. Pavir\u0161ius pasiekia 4\u20136 vienet\u0173 blizges\u012f, sukuriant sud\u0117ting\u0105 matin\u012f pavir\u0161i\u0173, kuris u\u017emaskuoja nedidel\u012f susid\u0117v\u0117jim\u0105.<\/p>\n<p>Idealiai tinka \u0161iuolaikinei bald\u0173 gamybai, kur norima ry\u0161ki\u0173 raudon\u0173 akcent\u0173. \u0160i med\u017eio apdirbimo med\u017eiaga puikiai tinka ma\u017emenin\u0117s prekybos vitrinose, \u0161iuolaikiniuose biuro balduose ir didelio srauto komerciniuose \u012frenginiuose. D\u0117l technini\u0173 briaun\u0173 juostos parametr\u0173 jis ypa\u010d efektyvus virtuv\u0117s spinteli\u0173 kra\u0161tams, kuriuos veikia \u012fvairios temperat\u016bros ir dr\u0117gm\u0117s lygis. Tikslus spalv\u0173 derinimas su Kronospan K515 SU plok\u0161t\u0117mis leid\u017eia skland\u017eiai integruotis \u012f architekt\u016brinius mal\u016bnus ir nestandartinius bald\u0173 projektus, kur b\u016btini nuosekl\u016bs raudoni tonai.<\/p>\n<\/div>\n","protected":false},"excerpt":{"rendered":"<p>22&#215;0,6; 22&#215;0,8; 22&#215;2; 35&#215;1*; 42&#215;0,8; 42&#215;2<\/p>\n","protected":false},"featured_media":21380,"comment_status":"closed","ping_status":"open","template":"","meta":{"_acf_changed":false},"product_brand":[],"product_cat":[1210],"product_tag":[],"class_list":{"0":"post-26147","1":"product","2":"type-product","3":"status-publish","4":"has-post-thumbnail","6":"product_cat-baldu-krastai","8":"first","9":"instock","10":"product-type-simple"},"acf":[],"_links":{"self":[{"href":"https:\/\/www.maag-polska.pl\/lt\/wp-json\/wp\/v2\/product\/26147","targetHints":{"allow":["GET"]}}],"collection":[{"href":"https:\/\/www.maag-polska.pl\/lt\/wp-json\/wp\/v2\/product"}],"about":[{"href":"https:\/\/www.maag-polska.pl\/lt\/wp-json\/wp\/v2\/types\/product"}],"replies":[{"embeddable":true,"href":"https:\/\/www.maag-polska.pl\/lt\/wp-json\/wp\/v2\/comments?post=26147"}],"wp:featuredmedia":[{"embeddable":true,"href":"https:\/\/www.maag-polska.pl\/lt\/wp-json\/wp\/v2\/media\/21380"}],"wp:attachment":[{"href":"https:\/\/www.maag-polska.pl\/lt\/wp-json\/wp\/v2\/media?parent=26147"}],"wp:term":[{"taxonomy":"product_brand","embeddable":true,"href":"https:\/\/www.maag-polska.pl\/lt\/wp-json\/wp\/v2\/product_brand?post=26147"},{"taxonomy":"product_cat","embeddable":true,"href":"https:\/\/www.maag-polska.pl\/lt\/wp-json\/wp\/v2\/product_cat?post=26147"},{"taxonomy":"product_tag","embeddable":true,"href":"https:\/\/www.maag-polska.pl\/lt\/wp-json\/wp\/v2\/product_tag?post=26147"}],"curies":[{"name":"wp","href":"https:\/\/api.w.org\/{rel}","templated":true}]}}