{"id":26137,"date":"2025-09-01T08:29:08","date_gmt":"2025-09-01T08:29:08","guid":{"rendered":"https:\/\/www.maag-polska.pl\/obrzeza-meblowe\/269-midnight-blue\/"},"modified":"2025-09-01T09:03:31","modified_gmt":"2025-09-01T09:03:31","slug":"269-midnight-blue","status":"publish","type":"product","link":"https:\/\/www.maag-polska.pl\/lt\/obrzeza-meblowe\/269-midnight-blue\/","title":{"rendered":"Bald\u0173 kra\u0161tai 269 MIDNIGHT BLUE"},"content":{"rendered":"<div>\n<p>\u0160iaurin\u0117s m\u0117lynos spalvos (B\u0141\u0118KIT P\u00d3\u0141NOCY) kra\u0161t\u0173 juostos u\u017efiksuoja rami\u0105 arktini\u0173 vanden\u0173 gyl\u012f ir si\u016blo rafinuot\u0105 \u0161alt\u0105 ton\u0105, kuris bald\u0173 dizainams suteikia \u0161iuolaiki\u0161kos elegancijos. D\u0117l pa\u017eangios UV spinduliams atsparios formul\u0117s \u0161i PVC kra\u0161t\u0173 juosta demonstruoja kruop\u0161\u010diai sukalibruot\u0105 atspalv\u012f, kuris i\u0161laiko nepriekai\u0161ting\u0105 i\u0161vaizd\u0105 net ir ilgai veikiant nat\u016braliai \u0161viesai.<\/p>\n<p>Pagaminta i\u0161 gryno PVC, \u0161i universali med\u017eio apdirbimo med\u017eiaga skland\u017eiai pritaikoma tiek gyvenamiesiems, tiek komerciniams baldams. Tiksli briaun\u0173 juost\u0173 in\u017einerija u\u017etikrina skland\u0173 apdorojim\u0105 ir minimal\u0173 atliek\u0173 kiek\u012f, tod\u0117l jis puikiai tinka apvaduoti spinteles, lentynas ir biuro baldus. D\u0117l spalv\u0173 stabilumo ir atsparumo sm\u016bgiams jis ypa\u010d tinka intensyvaus eismo aplinkoje, kur patvarumas atitinka dizaino reikalavimus.<\/p>\n<\/div>\n","protected":false},"excerpt":{"rendered":"<p>22&#215;0,6; 22&#215;0,8; 22&#215;1; 22&#215;2; 32&#215;2*; 35&#215;1*; 42&#215;0,8; 42&#215;2<\/p>\n","protected":false},"featured_media":21350,"comment_status":"closed","ping_status":"open","template":"","meta":{"_acf_changed":false},"product_brand":[],"product_cat":[1210],"product_tag":[],"class_list":{"0":"post-26137","1":"product","2":"type-product","3":"status-publish","4":"has-post-thumbnail","6":"product_cat-baldu-krastai","8":"first","9":"instock","10":"product-type-simple"},"acf":[],"_links":{"self":[{"href":"https:\/\/www.maag-polska.pl\/lt\/wp-json\/wp\/v2\/product\/26137","targetHints":{"allow":["GET"]}}],"collection":[{"href":"https:\/\/www.maag-polska.pl\/lt\/wp-json\/wp\/v2\/product"}],"about":[{"href":"https:\/\/www.maag-polska.pl\/lt\/wp-json\/wp\/v2\/types\/product"}],"replies":[{"embeddable":true,"href":"https:\/\/www.maag-polska.pl\/lt\/wp-json\/wp\/v2\/comments?post=26137"}],"wp:featuredmedia":[{"embeddable":true,"href":"https:\/\/www.maag-polska.pl\/lt\/wp-json\/wp\/v2\/media\/21350"}],"wp:attachment":[{"href":"https:\/\/www.maag-polska.pl\/lt\/wp-json\/wp\/v2\/media?parent=26137"}],"wp:term":[{"taxonomy":"product_brand","embeddable":true,"href":"https:\/\/www.maag-polska.pl\/lt\/wp-json\/wp\/v2\/product_brand?post=26137"},{"taxonomy":"product_cat","embeddable":true,"href":"https:\/\/www.maag-polska.pl\/lt\/wp-json\/wp\/v2\/product_cat?post=26137"},{"taxonomy":"product_tag","embeddable":true,"href":"https:\/\/www.maag-polska.pl\/lt\/wp-json\/wp\/v2\/product_tag?post=26137"}],"curies":[{"name":"wp","href":"https:\/\/api.w.org\/{rel}","templated":true}]}}