{"id":26133,"date":"2025-09-01T08:29:08","date_gmt":"2025-09-01T08:29:08","guid":{"rendered":"https:\/\/www.maag-polska.pl\/obrzeza-meblowe\/265-navy-blue\/"},"modified":"2025-09-01T09:03:29","modified_gmt":"2025-09-01T09:03:29","slug":"265-navy-blue","status":"publish","type":"product","link":"https:\/\/www.maag-polska.pl\/lt\/obrzeza-meblowe\/265-navy-blue\/","title":{"rendered":"Bald\u0173 kra\u0161tai 265 NAVY BLUE"},"content":{"rendered":"<div>\n<p>Giliai tamsiai m\u0117lynos spalvos PVC kra\u0161t\u0173 juosta i\u0161 Kronospan 8984 BS GRANATOWY suteikia rafinuot\u0105 j\u016brinio \u012fkv\u0117pimo apdail\u0105, suteikdama profesionalios elegancijos bald\u0173 kra\u0161tams. Sodriai m\u0117lynas tonas sukuria \u012fsp\u016bding\u0105 vizualin\u012f gyl\u012f, i\u0161laikant tobul\u0105 spalv\u0173 harmonij\u0105 su deran\u010diais lentos pavir\u0161iais. \u0160i gryno PVC kra\u0161t\u0173 juosta pasi\u017eymi i\u0161skirtiniu spalv\u0173 stabilumu ir i\u0161saugo i\u0161skirtin\u012f tamsiai m\u0117lyn\u0105 atspalv\u012f net ir ilgai veikiant.<\/p>\n<p>Sukurta specialiai tikslioms medienos apdirbimo med\u017eiagoms, \u0161i universali kra\u0161t\u0173 juosta skland\u017eiai prisitaiko prie \u012fvairi\u0173 bald\u0173, nuo biuro spinteli\u0173 iki moderni\u0173 nam\u0173 \u012frengini\u0173. UV spinduliams atspari kompozicija u\u017etikrina ilgalaik\u012f veikim\u0105 tiek gyvenamosiose, tiek komercin\u0117se patalpose, o optimizuota strukt\u016bra leid\u017eia atlikti \u0161varius, tikslius pj\u016bvius su minimaliu atliek\u0173 apdorojimu. D\u0117l subalansuoto med\u017eiagos lankstumo ir kietumo ji idealiai tinka tiek tiesioms linijoms, tiek lenktiems pavir\u0161iams, tod\u0117l bald\u0173 gamintojams suteikiama didesn\u0117 k\u016brybin\u0117 laisv\u0117.<\/p>\n<\/div>\n","protected":false},"excerpt":{"rendered":"<p>22&#215;0,6; 22&#215;0,8; 22&#215;2; 35&#215;1*; 42&#215;0,8; 42&#215;2<\/p>\n","protected":false},"featured_media":21338,"comment_status":"closed","ping_status":"open","template":"","meta":{"_acf_changed":false},"product_brand":[],"product_cat":[1210],"product_tag":[],"class_list":{"0":"post-26133","1":"product","2":"type-product","3":"status-publish","4":"has-post-thumbnail","6":"product_cat-baldu-krastai","8":"first","9":"instock","10":"product-type-simple"},"acf":[],"_links":{"self":[{"href":"https:\/\/www.maag-polska.pl\/lt\/wp-json\/wp\/v2\/product\/26133","targetHints":{"allow":["GET"]}}],"collection":[{"href":"https:\/\/www.maag-polska.pl\/lt\/wp-json\/wp\/v2\/product"}],"about":[{"href":"https:\/\/www.maag-polska.pl\/lt\/wp-json\/wp\/v2\/types\/product"}],"replies":[{"embeddable":true,"href":"https:\/\/www.maag-polska.pl\/lt\/wp-json\/wp\/v2\/comments?post=26133"}],"wp:featuredmedia":[{"embeddable":true,"href":"https:\/\/www.maag-polska.pl\/lt\/wp-json\/wp\/v2\/media\/21338"}],"wp:attachment":[{"href":"https:\/\/www.maag-polska.pl\/lt\/wp-json\/wp\/v2\/media?parent=26133"}],"wp:term":[{"taxonomy":"product_brand","embeddable":true,"href":"https:\/\/www.maag-polska.pl\/lt\/wp-json\/wp\/v2\/product_brand?post=26133"},{"taxonomy":"product_cat","embeddable":true,"href":"https:\/\/www.maag-polska.pl\/lt\/wp-json\/wp\/v2\/product_cat?post=26133"},{"taxonomy":"product_tag","embeddable":true,"href":"https:\/\/www.maag-polska.pl\/lt\/wp-json\/wp\/v2\/product_tag?post=26133"}],"curies":[{"name":"wp","href":"https:\/\/api.w.org\/{rel}","templated":true}]}}