{"id":26126,"date":"2025-09-01T08:29:08","date_gmt":"2025-09-01T08:29:08","guid":{"rendered":"https:\/\/www.maag-polska.pl\/obrzeza-meblowe\/258-platinum-grey\/"},"modified":"2025-09-01T09:03:25","modified_gmt":"2025-09-01T09:03:25","slug":"258-platinum-grey","status":"publish","type":"product","link":"https:\/\/www.maag-polska.pl\/lt\/obrzeza-meblowe\/258-platinum-grey\/","title":{"rendered":"Bald\u0173 kra\u0161tai 258 PLATINUM GREY"},"content":{"rendered":"<div>\n<p>Profesionalios PVC kra\u0161t\u0173 juostos platinos pilkos spalvos (258) u\u017etikrina i\u0161skirtin\u012f atsparum\u0105 kasdieniam nusid\u0117v\u0117jimui ir aplinkos veiksniams. \u0160i gryna PVC kompozicija i\u0161laiko savo strukt\u016brin\u012f vientisum\u0105 ir spalvos stabilum\u0105 net esant intensyviam UV poveikiui. Med\u017eiagos pa\u017eangi formul\u0117 u\u017etikrina ilgalaik\u0119 apsaug\u0105 nuo sm\u016bgi\u0173, \u012fbr\u0117\u017eim\u0173 ir buitini\u0173 chemikal\u0173, tod\u0117l tai yra idealus pasirinkimas intensyvaus eismo baldams. \u0160ios medienos apdirbimo med\u017eiagos atitinka grie\u017etus kokyb\u0117s standartus, kuri\u0173 storio nuokrypis yra \u00b10,2 mm, kad b\u016bt\u0173 u\u017etikrintas pastovus veikimas.<\/p>\n<p>Pakeiskite savo bald\u0173 projektus naudodami \u0161i\u0105 tiksliai nupjaut\u0105 kra\u0161t\u0173 juost\u0105, kuri skland\u017eiai prilimpa prie lentos pavir\u0161i\u0173. Optimizuota pavir\u0161iaus tekst\u016bra u\u017etikrina greit\u0105 sukibim\u0105 ir suma\u017eina apdorojimo laik\u0105 dengimo metu. Meistrai vertina jo \u0161varaus pjovimo savybes, kurios suma\u017eina atliek\u0173 kiek\u012f ir apsaugo nuo susid\u0117v\u0117jimo apipjaustymo metu. Nesvarbu, ar naudojamos rankin\u0117s, ar automatin\u0117s briaun\u0173 klijavimo sistemos, \u0161is bald\u0173 briaun\u0173 sprendimas i\u0161laiko matmen\u0173 stabilum\u0105 viso montavimo proceso metu, o tai leid\u017eia efektyviai u\u017ebaigti projekt\u0105.<\/p>\n<\/div>\n","protected":false},"excerpt":{"rendered":"<p>22&#215;0,6; 22&#215;1; 22&#215;2; 28&#215;2*; 35&#215;1*; 42&#215;2<\/p>\n","protected":false},"featured_media":21319,"comment_status":"closed","ping_status":"open","template":"","meta":{"_acf_changed":false},"product_brand":[],"product_cat":[1210],"product_tag":[],"class_list":{"0":"post-26126","1":"product","2":"type-product","3":"status-publish","4":"has-post-thumbnail","6":"product_cat-baldu-krastai","8":"first","9":"instock","10":"product-type-simple"},"acf":[],"_links":{"self":[{"href":"https:\/\/www.maag-polska.pl\/lt\/wp-json\/wp\/v2\/product\/26126","targetHints":{"allow":["GET"]}}],"collection":[{"href":"https:\/\/www.maag-polska.pl\/lt\/wp-json\/wp\/v2\/product"}],"about":[{"href":"https:\/\/www.maag-polska.pl\/lt\/wp-json\/wp\/v2\/types\/product"}],"replies":[{"embeddable":true,"href":"https:\/\/www.maag-polska.pl\/lt\/wp-json\/wp\/v2\/comments?post=26126"}],"wp:featuredmedia":[{"embeddable":true,"href":"https:\/\/www.maag-polska.pl\/lt\/wp-json\/wp\/v2\/media\/21319"}],"wp:attachment":[{"href":"https:\/\/www.maag-polska.pl\/lt\/wp-json\/wp\/v2\/media?parent=26126"}],"wp:term":[{"taxonomy":"product_brand","embeddable":true,"href":"https:\/\/www.maag-polska.pl\/lt\/wp-json\/wp\/v2\/product_brand?post=26126"},{"taxonomy":"product_cat","embeddable":true,"href":"https:\/\/www.maag-polska.pl\/lt\/wp-json\/wp\/v2\/product_cat?post=26126"},{"taxonomy":"product_tag","embeddable":true,"href":"https:\/\/www.maag-polska.pl\/lt\/wp-json\/wp\/v2\/product_tag?post=26126"}],"curies":[{"name":"wp","href":"https:\/\/api.w.org\/{rel}","templated":true}]}}