{"id":26123,"date":"2025-09-01T08:28:48","date_gmt":"2025-09-01T08:28:48","guid":{"rendered":"https:\/\/www.maag-polska.pl\/obrzeza-meblowe\/255-saragossa\/"},"modified":"2025-09-01T09:03:17","modified_gmt":"2025-09-01T09:03:17","slug":"255-saragossa","status":"publish","type":"product","link":"https:\/\/www.maag-polska.pl\/lt\/obrzeza-meblowe\/255-saragossa\/","title":{"rendered":"Bald\u0173 kra\u0161tai 255 SARAGOSSA"},"content":{"rendered":"<div>\n<p>Auk\u0161\u010diausios kokyb\u0117s PVC kra\u0161t\u0173 juostos SARAGOSSA U19004 VV u\u017etikrina i\u0161skirtin\u012f matmen\u0173 stabilum\u0105, o storio nuokrypis yra \u00b10,2 mm. \u0160i gryna PVC formul\u0117 pasi\u017eymi padidintu atsparumu UV spinduliams ir spalvos stabilumu, i\u0161laiko estetin\u012f vientisum\u0105 net ir ilgai veikiant. Med\u017eiagos atsparumas tempimui vir\u0161ija 20 N\/mm\u00b2, tod\u0117l u\u017etikrina patikim\u0105 kra\u0161to apsaug\u0105 ir atsparum\u0105 sm\u016bgiams. Sukurta tiksliam apdirbimui, \u0161i kra\u0161t\u0173 juosta i\u0161laiko pastovias sukibimo savybes esant 180\u2013200\u00b0C apdirbimo temperat\u016brai.<\/p>\n<p>\u0160i med\u017eio apdirbimo med\u017eiaga, specialiai sukurta auk\u0161\u010diausios klas\u0117s bald\u0173 gamybai ir komerciniams mal\u016bnams, puikiai tinka tiek gyvenamiesiems, tiek sutartiniams baldams. SARAGOSSA kra\u0161t\u0173 juostos yra ypa\u010d vertingos biuro bald\u0173 sistemoms, ma\u017emenin\u0117s prekybos \u012frangai ir architekt\u016briniams darbams, kur patvarumas ir dizainas. D\u0117l technini\u0173 specifikacij\u0173 jis idealiai tinka CNC apdorojimo aplinkai ir automatizuotoms briaun\u0173 apri\u0161imo sistemoms, tod\u0117l bald\u0173 gamintojams si\u016blomas optimalus med\u017eiag\u0173 panaudojimas su minimaliu atliek\u0173 kiekiu. Puikiai tinka projektams, kuriems reikalingas tikslus spalv\u0173 derinimas ir ilgalaikis veikimas \u012fvairiomis aplinkos s\u0105lygomis.<\/p>\n<\/div>\n","protected":false},"excerpt":{"rendered":"<p>22&#215;0,6; 22&#215;1; 42&#215;2<\/p>\n","protected":false},"featured_media":21310,"comment_status":"closed","ping_status":"open","template":"","meta":{"_acf_changed":false},"product_brand":[],"product_cat":[1210],"product_tag":[],"class_list":{"0":"post-26123","1":"product","2":"type-product","3":"status-publish","4":"has-post-thumbnail","6":"product_cat-baldu-krastai","8":"first","9":"instock","10":"product-type-simple"},"acf":[],"_links":{"self":[{"href":"https:\/\/www.maag-polska.pl\/lt\/wp-json\/wp\/v2\/product\/26123","targetHints":{"allow":["GET"]}}],"collection":[{"href":"https:\/\/www.maag-polska.pl\/lt\/wp-json\/wp\/v2\/product"}],"about":[{"href":"https:\/\/www.maag-polska.pl\/lt\/wp-json\/wp\/v2\/types\/product"}],"replies":[{"embeddable":true,"href":"https:\/\/www.maag-polska.pl\/lt\/wp-json\/wp\/v2\/comments?post=26123"}],"wp:featuredmedia":[{"embeddable":true,"href":"https:\/\/www.maag-polska.pl\/lt\/wp-json\/wp\/v2\/media\/21310"}],"wp:attachment":[{"href":"https:\/\/www.maag-polska.pl\/lt\/wp-json\/wp\/v2\/media?parent=26123"}],"wp:term":[{"taxonomy":"product_brand","embeddable":true,"href":"https:\/\/www.maag-polska.pl\/lt\/wp-json\/wp\/v2\/product_brand?post=26123"},{"taxonomy":"product_cat","embeddable":true,"href":"https:\/\/www.maag-polska.pl\/lt\/wp-json\/wp\/v2\/product_cat?post=26123"},{"taxonomy":"product_tag","embeddable":true,"href":"https:\/\/www.maag-polska.pl\/lt\/wp-json\/wp\/v2\/product_tag?post=26123"}],"curies":[{"name":"wp","href":"https:\/\/api.w.org\/{rel}","templated":true}]}}